{"id":9642,"date":"2024-09-04T19:11:39","date_gmt":"2024-09-05T00:11:39","guid":{"rendered":"https:\/\/pangeatacticalandoutdoors.com\/?post_type=product&#038;p=9642"},"modified":"2025-02-28T12:17:19","modified_gmt":"2025-02-28T18:17:19","slug":"5-11-sudadera-punctarn-hoodie-mod-76315","status":"publish","type":"product","link":"https:\/\/pangeatacticalandoutdoors.com\/index.php\/producto\/5-11-sudadera-punctarn-hoodie-mod-76315\/","title":{"rendered":"5.11 SUDADERA PUNCTARN HOODIE  MOD.76315"},"content":{"rendered":"<p>C\u00f3moda y sin miedo a destacar, la sudadera con capucha 5.11\u00ae est\u00e1 confeccionada con una suave mezcla de algod\u00f3n y poli\u00e9ster en un vell\u00f3n de peso medio, tiene una cintura y pu\u00f1os el\u00e1sticos anchos y un bolsillo frontal tipo canguro est\u00e1ndar. Su capucha forrada en jersey tiene cordones para un f\u00e1cil ajuste.<\/p>\n<p>Las tintas premium resisten la decoloraci\u00f3n<br \/>\nCosturas de doble aguja en dobladillos y mangas.<br \/>\nCinta de cuello hombro a hombro.<br \/>\nCapucha con forro de jersey.<br \/>\nPolar de mezcla de 80 % algod\u00f3n\/20 % poli\u00e9ster, 8 oz.<\/p>\n","protected":false},"excerpt":{"rendered":"<p>C\u00f3moda y sin miedo a destacar, la sudadera con capucha 5.11\u00ae est\u00e1 confeccionada con una suave mezcla de algod\u00f3n y poli\u00e9ster en un vell\u00f3n de peso medio, tiene una cintura y pu\u00f1os el\u00e1sticos anchos y un bolsillo frontal tipo canguro est\u00e1ndar. Su capucha forrada en jersey tiene cordones para un f\u00e1cil ajuste. Las tintas premium &hellip;<\/p>\n<p class=\"read-more\"> <a class=\"\" href=\"https:\/\/pangeatacticalandoutdoors.com\/index.php\/producto\/5-11-sudadera-punctarn-hoodie-mod-76315\/\"> <span class=\"screen-reader-text\">5.11 SUDADERA PUNCTARN HOODIE  MOD.76315<\/span> Leer m\u00e1s &raquo;<\/a><\/p>\n","protected":false},"featured_media":9639,"comment_status":"open","ping_status":"closed","template":"","meta":{"site-sidebar-layout":"default","site-content-layout":"default","ast-global-header-display":"","ast-main-header-display":"","ast-hfb-above-header-display":"","ast-hfb-below-header-display":"","ast-hfb-mobile-header-display":"","site-post-title":"","ast-breadcrumbs-content":"","ast-featured-img":"","footer-sml-layout":"","theme-transparent-header-meta":"default","adv-header-id-meta":"","stick-header-meta":"","header-above-stick-meta":"","header-main-stick-meta":"","header-below-stick-meta":""},"product_cat":[15],"product_tag":[],"class_list":["post-9642","product","type-product","status-publish","has-post-thumbnail","hentry","product_cat-sin-categorizar"],"jetpack_sharing_enabled":true,"_links":{"self":[{"href":"https:\/\/pangeatacticalandoutdoors.com\/index.php\/wp-json\/wp\/v2\/product\/9642","targetHints":{"allow":["GET"]}}],"collection":[{"href":"https:\/\/pangeatacticalandoutdoors.com\/index.php\/wp-json\/wp\/v2\/product"}],"about":[{"href":"https:\/\/pangeatacticalandoutdoors.com\/index.php\/wp-json\/wp\/v2\/types\/product"}],"replies":[{"embeddable":true,"href":"https:\/\/pangeatacticalandoutdoors.com\/index.php\/wp-json\/wp\/v2\/comments?post=9642"}],"wp:featuredmedia":[{"embeddable":true,"href":"https:\/\/pangeatacticalandoutdoors.com\/index.php\/wp-json\/wp\/v2\/media\/9639"}],"wp:attachment":[{"href":"https:\/\/pangeatacticalandoutdoors.com\/index.php\/wp-json\/wp\/v2\/media?parent=9642"}],"wp:term":[{"taxonomy":"product_cat","embeddable":true,"href":"https:\/\/pangeatacticalandoutdoors.com\/index.php\/wp-json\/wp\/v2\/product_cat?post=9642"},{"taxonomy":"product_tag","embeddable":true,"href":"https:\/\/pangeatacticalandoutdoors.com\/index.php\/wp-json\/wp\/v2\/product_tag?post=9642"}],"curies":[{"name":"wp","href":"https:\/\/api.w.org\/{rel}","templated":true}]}}