{"id":9627,"date":"2024-09-04T16:24:38","date_gmt":"2024-09-04T21:24:38","guid":{"rendered":"https:\/\/pangeatacticalandoutdoors.com\/?post_type=product&#038;p=9627"},"modified":"2024-09-04T16:24:53","modified_gmt":"2024-09-04T21:24:53","slug":"5-11-gorro-chambers-beanie-mod-89164","status":"publish","type":"product","link":"https:\/\/pangeatacticalandoutdoors.com\/index.php\/producto\/5-11-gorro-chambers-beanie-mod-89164\/","title":{"rendered":"5.11-GORRO CHAMBERS BEANIE MOD.89164"},"content":{"rendered":"<div class=\"description product-description-full col-xs-12\">\n<div data-content-type=\"html\" data-appearance=\"default\" data-element=\"main\" data-decoded=\"true\">\n<p>El gorro Chambers tiene una altura adicional para que puedas pon\u00e9rtelo en capas o quit\u00e1rtelo para tener m\u00e1s cobertura. 60 % poliamida y 40 % acr\u00edlico.<\/p>\n<\/div>\n<\/div>\n<div id=\"product-detail-secondary\" class=\"product-description-features col-xs-12\">\n<div class=\"\">\n<ul>\n<li>Gorro con pu\u00f1os y altura extra<\/li>\n<li>[+} Etiqueta con clip del logotipo en el pu\u00f1o<\/li>\n<li>60% poliamida\/40% acr\u00edlico<\/li>\n<\/ul>\n<\/div>\n<\/div>\n","protected":false},"excerpt":{"rendered":"<p>El gorro Chambers tiene una altura adicional para que puedas pon\u00e9rtelo en capas o quit\u00e1rtelo para tener m\u00e1s cobertura. 60 % poliamida y 40 % acr\u00edlico. Gorro con pu\u00f1os y altura extra [+} Etiqueta con clip del logotipo en el pu\u00f1o 60% poliamida\/40% acr\u00edlico<\/p>\n","protected":false},"featured_media":9632,"comment_status":"open","ping_status":"closed","template":"","meta":{"site-sidebar-layout":"default","site-content-layout":"default","ast-global-header-display":"","ast-main-header-display":"","ast-hfb-above-header-display":"","ast-hfb-below-header-display":"","ast-hfb-mobile-header-display":"","site-post-title":"","ast-breadcrumbs-content":"","ast-featured-img":"","footer-sml-layout":"","theme-transparent-header-meta":"default","adv-header-id-meta":"","stick-header-meta":"","header-above-stick-meta":"","header-main-stick-meta":"","header-below-stick-meta":""},"product_cat":[15],"product_tag":[],"class_list":["post-9627","product","type-product","status-publish","has-post-thumbnail","hentry","product_cat-sin-categorizar"],"jetpack_sharing_enabled":true,"_links":{"self":[{"href":"https:\/\/pangeatacticalandoutdoors.com\/index.php\/wp-json\/wp\/v2\/product\/9627","targetHints":{"allow":["GET"]}}],"collection":[{"href":"https:\/\/pangeatacticalandoutdoors.com\/index.php\/wp-json\/wp\/v2\/product"}],"about":[{"href":"https:\/\/pangeatacticalandoutdoors.com\/index.php\/wp-json\/wp\/v2\/types\/product"}],"replies":[{"embeddable":true,"href":"https:\/\/pangeatacticalandoutdoors.com\/index.php\/wp-json\/wp\/v2\/comments?post=9627"}],"wp:featuredmedia":[{"embeddable":true,"href":"https:\/\/pangeatacticalandoutdoors.com\/index.php\/wp-json\/wp\/v2\/media\/9632"}],"wp:attachment":[{"href":"https:\/\/pangeatacticalandoutdoors.com\/index.php\/wp-json\/wp\/v2\/media?parent=9627"}],"wp:term":[{"taxonomy":"product_cat","embeddable":true,"href":"https:\/\/pangeatacticalandoutdoors.com\/index.php\/wp-json\/wp\/v2\/product_cat?post=9627"},{"taxonomy":"product_tag","embeddable":true,"href":"https:\/\/pangeatacticalandoutdoors.com\/index.php\/wp-json\/wp\/v2\/product_tag?post=9627"}],"curies":[{"name":"wp","href":"https:\/\/api.w.org\/{rel}","templated":true}]}}