{"id":9304,"date":"2024-02-20T18:25:06","date_gmt":"2024-02-21T00:25:06","guid":{"rendered":"https:\/\/pangeatacticalandoutdoors.com\/?post_type=product&#038;p=9304"},"modified":"2024-02-20T18:25:31","modified_gmt":"2024-02-21T00:25:31","slug":"5-11-gym-wars-patch-mod-81979","status":"publish","type":"product","link":"https:\/\/pangeatacticalandoutdoors.com\/index.php\/producto\/5-11-gym-wars-patch-mod-81979\/","title":{"rendered":"5.11-  GYM WARS PATCH MOD.81979"},"content":{"rendered":"<div class=\"description product-description-full col-xs-12\">\n<div data-content-type=\"row\" data-appearance=\"contained\" data-element=\"main\">\n<div data-enable-parallax=\"0\" data-parallax-speed=\"0.5\" data-background-images=\"{}\" data-element=\"inner\" data-pb-style=\"62CD4FD85C307\">\n<div data-content-type=\"text\" data-appearance=\"default\" data-element=\"main\" data-pb-style=\"62CD4FD85C318\">\n<p>Dise\u00f1ados para integrarse con una amplia gama de ropa t\u00e1ctica, de servicio y de patrulla 5.11\u00ae, nuestros parches le permiten expresar su individualidad sin reducir su conocimiento o capacidad t\u00e1ctica.<\/p>\n<p><strong>DIMENSIONES<\/strong><\/p>\n<p>Tama\u00f1o: 3&#8243; x 2&#8243;<\/p>\n<\/div>\n<\/div>\n<\/div>\n<\/div>\n<div id=\"product-detail-secondary\" class=\"product-description-features col-xs-12\">\n<div class=\"\">\n<ul>\n<li>Material: TPU<\/li>\n<li>Compatible con prendas y bolsos 5.11\u00ae<\/li>\n<li>F\u00e1cil de poner y quitar<\/li>\n<li>Adhesi\u00f3n con gancho<\/li>\n<li>Cortado con l\u00e1ser a medida<\/li>\n<li>Detalles ricos<\/li>\n<li>Importado<\/li>\n<\/ul>\n<\/div>\n<\/div>\n","protected":false},"excerpt":{"rendered":"<p>Dise\u00f1ados para integrarse con una amplia gama de ropa t\u00e1ctica, de servicio y de patrulla 5.11\u00ae, nuestros parches le permiten expresar su individualidad sin reducir su conocimiento o capacidad t\u00e1ctica. DIMENSIONES Tama\u00f1o: 3&#8243; x 2&#8243; Material: TPU Compatible con prendas y bolsos 5.11\u00ae F\u00e1cil de poner y quitar Adhesi\u00f3n con gancho Cortado con l\u00e1ser a &hellip;<\/p>\n<p class=\"read-more\"> <a class=\"\" href=\"https:\/\/pangeatacticalandoutdoors.com\/index.php\/producto\/5-11-gym-wars-patch-mod-81979\/\"> <span class=\"screen-reader-text\">5.11-  GYM WARS PATCH MOD.81979<\/span> Leer m\u00e1s &raquo;<\/a><\/p>\n","protected":false},"featured_media":9305,"comment_status":"open","ping_status":"closed","template":"","meta":{"site-sidebar-layout":"default","site-content-layout":"default","ast-global-header-display":"","ast-main-header-display":"","ast-hfb-above-header-display":"","ast-hfb-below-header-display":"","ast-hfb-mobile-header-display":"","site-post-title":"","ast-breadcrumbs-content":"","ast-featured-img":"","footer-sml-layout":"","theme-transparent-header-meta":"default","adv-header-id-meta":"","stick-header-meta":"","header-above-stick-meta":"","header-main-stick-meta":"","header-below-stick-meta":""},"product_cat":[15],"product_tag":[],"class_list":["post-9304","product","type-product","status-publish","has-post-thumbnail","hentry","product_cat-sin-categorizar"],"jetpack_sharing_enabled":true,"_links":{"self":[{"href":"https:\/\/pangeatacticalandoutdoors.com\/index.php\/wp-json\/wp\/v2\/product\/9304","targetHints":{"allow":["GET"]}}],"collection":[{"href":"https:\/\/pangeatacticalandoutdoors.com\/index.php\/wp-json\/wp\/v2\/product"}],"about":[{"href":"https:\/\/pangeatacticalandoutdoors.com\/index.php\/wp-json\/wp\/v2\/types\/product"}],"replies":[{"embeddable":true,"href":"https:\/\/pangeatacticalandoutdoors.com\/index.php\/wp-json\/wp\/v2\/comments?post=9304"}],"wp:featuredmedia":[{"embeddable":true,"href":"https:\/\/pangeatacticalandoutdoors.com\/index.php\/wp-json\/wp\/v2\/media\/9305"}],"wp:attachment":[{"href":"https:\/\/pangeatacticalandoutdoors.com\/index.php\/wp-json\/wp\/v2\/media?parent=9304"}],"wp:term":[{"taxonomy":"product_cat","embeddable":true,"href":"https:\/\/pangeatacticalandoutdoors.com\/index.php\/wp-json\/wp\/v2\/product_cat?post=9304"},{"taxonomy":"product_tag","embeddable":true,"href":"https:\/\/pangeatacticalandoutdoors.com\/index.php\/wp-json\/wp\/v2\/product_tag?post=9304"}],"curies":[{"name":"wp","href":"https:\/\/api.w.org\/{rel}","templated":true}]}}