{"id":9281,"date":"2024-02-20T18:05:17","date_gmt":"2024-02-21T00:05:17","guid":{"rendered":"https:\/\/pangeatacticalandoutdoors.com\/?post_type=product&#038;p=9281"},"modified":"2024-04-04T17:38:52","modified_gmt":"2024-04-04T23:38:52","slug":"5-11-ranger-2-0-men","status":"publish","type":"product","link":"https:\/\/pangeatacticalandoutdoors.com\/index.php\/producto\/5-11-ranger-2-0-men\/","title":{"rendered":"5.11 RANGER 2.0 MEN MOD.12457"},"content":{"rendered":"<div class=\"description product-description-full col-xs-12\">\n<div data-content-type=\"row\" data-appearance=\"contained\" data-element=\"main\">\n<div data-enable-parallax=\"0\" data-parallax-speed=\"0.5\" data-background-images=\"{}\" data-element=\"inner\" data-pb-style=\"62CD4FD8D3B89\">\n<div data-content-type=\"html\" data-appearance=\"default\" data-element=\"main\" data-pb-style=\"62CD4FD8D3B9B\" data-decoded=\"true\">\n<p>Est\u00e9 un paso por encima del resto con el Ranger 2.0. La tecnolog\u00eda integrada del sistema de asistencia de carga todo terreno (ATLAS) le brinda soporte completo en el trabajo o en el camino. Una placa de soporte extra\u00edble le brinda soporte adicional cuando tiene que transportar una carga pesada. La construcci\u00f3n de malla transpirable mantiene tus pies frescos mientras que la puntera de goma antirrayas agrega durabilidad y protecci\u00f3n. La suela exterior tiene un dise\u00f1o de tacos multidireccionales para un m\u00e1ximo agarre en todo terreno. La plantilla Ortholite\u00ae se<\/p>\n<\/div>\n<\/div>\n<\/div>\n<\/div>\n<div id=\"product-detail-secondary\" class=\"product-description-features col-xs-12\">\n<div class=\"\">\n<ul>\n<li>Sistema de asistencia de carga todo terreno para soporte y estabilidad completos<\/li>\n<li>Parte superior de gamuza con construcci\u00f3n de malla transpirable<\/li>\n<li>Puntera de goma antirrayas para mayor durabilidad.<\/li>\n<li>Entresuela de EVA de alto rebote 5.11\u00ae Echo Lite<\/li>\n<li>Placa de soporte extra\u00edble 5.11\u00ae para soportar el transporte de una carga m\u00e1s pesada<\/li>\n<li>Patr\u00f3n de tacos de suela multidireccional<\/li>\n<li>Plantilla Ortholite\u00ae<\/li>\n<\/ul>\n<\/div>\n<\/div>\n","protected":false},"excerpt":{"rendered":"<p>Est\u00e9 un paso por encima del resto con el Ranger 2.0. La tecnolog\u00eda integrada del sistema de asistencia de carga todo terreno (ATLAS) le brinda soporte completo en el trabajo o en el camino. Una placa de soporte extra\u00edble le brinda soporte adicional cuando tiene que transportar una carga pesada. La construcci\u00f3n de malla transpirable &hellip;<\/p>\n<p class=\"read-more\"> <a class=\"\" href=\"https:\/\/pangeatacticalandoutdoors.com\/index.php\/producto\/5-11-ranger-2-0-men\/\"> <span class=\"screen-reader-text\">5.11 RANGER 2.0 MEN MOD.12457<\/span> Leer m\u00e1s &raquo;<\/a><\/p>\n","protected":false},"featured_media":9283,"comment_status":"open","ping_status":"closed","template":"","meta":{"site-sidebar-layout":"default","site-content-layout":"default","ast-global-header-display":"","ast-main-header-display":"","ast-hfb-above-header-display":"","ast-hfb-below-header-display":"","ast-hfb-mobile-header-display":"","site-post-title":"","ast-breadcrumbs-content":"","ast-featured-img":"","footer-sml-layout":"","theme-transparent-header-meta":"default","adv-header-id-meta":"","stick-header-meta":"","header-above-stick-meta":"","header-main-stick-meta":"","header-below-stick-meta":""},"product_cat":[15],"product_tag":[],"class_list":["post-9281","product","type-product","status-publish","has-post-thumbnail","hentry","product_cat-sin-categorizar"],"jetpack_sharing_enabled":true,"_links":{"self":[{"href":"https:\/\/pangeatacticalandoutdoors.com\/index.php\/wp-json\/wp\/v2\/product\/9281","targetHints":{"allow":["GET"]}}],"collection":[{"href":"https:\/\/pangeatacticalandoutdoors.com\/index.php\/wp-json\/wp\/v2\/product"}],"about":[{"href":"https:\/\/pangeatacticalandoutdoors.com\/index.php\/wp-json\/wp\/v2\/types\/product"}],"replies":[{"embeddable":true,"href":"https:\/\/pangeatacticalandoutdoors.com\/index.php\/wp-json\/wp\/v2\/comments?post=9281"}],"wp:featuredmedia":[{"embeddable":true,"href":"https:\/\/pangeatacticalandoutdoors.com\/index.php\/wp-json\/wp\/v2\/media\/9283"}],"wp:attachment":[{"href":"https:\/\/pangeatacticalandoutdoors.com\/index.php\/wp-json\/wp\/v2\/media?parent=9281"}],"wp:term":[{"taxonomy":"product_cat","embeddable":true,"href":"https:\/\/pangeatacticalandoutdoors.com\/index.php\/wp-json\/wp\/v2\/product_cat?post=9281"},{"taxonomy":"product_tag","embeddable":true,"href":"https:\/\/pangeatacticalandoutdoors.com\/index.php\/wp-json\/wp\/v2\/product_tag?post=9281"}],"curies":[{"name":"wp","href":"https:\/\/api.w.org\/{rel}","templated":true}]}}