{"id":9264,"date":"2024-02-20T17:20:55","date_gmt":"2024-02-20T23:20:55","guid":{"rendered":"https:\/\/pangeatacticalandoutdoors.com\/?post_type=product&#038;p=9264"},"modified":"2024-02-20T17:22:24","modified_gmt":"2024-02-20T23:22:24","slug":"1-5-double-duty-tdu-belt-mod-59568","status":"publish","type":"product","link":"https:\/\/pangeatacticalandoutdoors.com\/index.php\/producto\/1-5-double-duty-tdu-belt-mod-59568\/","title":{"rendered":"1.5&#8243; DOUBLE DUTY TDU BELT MOD.59568"},"content":{"rendered":"<div class=\"description product-description-full col-xs-12\">\n<div data-content-type=\"html\" data-appearance=\"default\" data-element=\"main\" data-decoded=\"true\">\n<p>Con un dise\u00f1o reversible de doble capa que ofrece dos opciones de color diferentes, la correa TDU\u00ae Double Duty de 1,5\u201d ofrece una versatilidad excepcional en un dise\u00f1o r\u00e1pido y eficiente.<\/p>\n<\/div>\n<\/div>\n<div id=\"product-detail-secondary\" class=\"product-description-features col-xs-12\">\n<div class=\"\">\n<ul>\n<li>Dise\u00f1o reversible de doble capa<\/li>\n<li>Proporciona dos opciones de color.<\/li>\n<li>Compatible con detectores de metales<\/li>\n<li>Nailon resistente de dos capas.<\/li>\n<li>Durable y resistente al desgaste<\/li>\n<li>5 filas de costuras para mayor estabilidad<\/li>\n<li>Hebilla no met\u00e1lica microajustable.<\/li>\n<li>Los tama\u00f1os son peque\u00f1os; Te recomendamos pedir 2 tallas m\u00e1s que la talla del pantal\u00f3n.<\/li>\n<\/ul>\n<\/div>\n<\/div>\n","protected":false},"excerpt":{"rendered":"<p>Con un dise\u00f1o reversible de doble capa que ofrece dos opciones de color diferentes, la correa TDU\u00ae Double Duty de 1,5\u201d ofrece una versatilidad excepcional en un dise\u00f1o r\u00e1pido y eficiente. Dise\u00f1o reversible de doble capa Proporciona dos opciones de color. Compatible con detectores de metales Nailon resistente de dos capas. Durable y resistente al &hellip;<\/p>\n<p class=\"read-more\"> <a class=\"\" href=\"https:\/\/pangeatacticalandoutdoors.com\/index.php\/producto\/1-5-double-duty-tdu-belt-mod-59568\/\"> <span class=\"screen-reader-text\">1.5&#8243; DOUBLE DUTY TDU BELT MOD.59568<\/span> Leer m\u00e1s &raquo;<\/a><\/p>\n","protected":false},"featured_media":9268,"comment_status":"open","ping_status":"closed","template":"","meta":{"site-sidebar-layout":"default","site-content-layout":"default","ast-global-header-display":"","ast-main-header-display":"","ast-hfb-above-header-display":"","ast-hfb-below-header-display":"","ast-hfb-mobile-header-display":"","site-post-title":"","ast-breadcrumbs-content":"","ast-featured-img":"","footer-sml-layout":"","theme-transparent-header-meta":"default","adv-header-id-meta":"","stick-header-meta":"","header-above-stick-meta":"","header-main-stick-meta":"","header-below-stick-meta":""},"product_cat":[15],"product_tag":[],"class_list":["post-9264","product","type-product","status-publish","has-post-thumbnail","hentry","product_cat-sin-categorizar"],"jetpack_sharing_enabled":true,"_links":{"self":[{"href":"https:\/\/pangeatacticalandoutdoors.com\/index.php\/wp-json\/wp\/v2\/product\/9264","targetHints":{"allow":["GET"]}}],"collection":[{"href":"https:\/\/pangeatacticalandoutdoors.com\/index.php\/wp-json\/wp\/v2\/product"}],"about":[{"href":"https:\/\/pangeatacticalandoutdoors.com\/index.php\/wp-json\/wp\/v2\/types\/product"}],"replies":[{"embeddable":true,"href":"https:\/\/pangeatacticalandoutdoors.com\/index.php\/wp-json\/wp\/v2\/comments?post=9264"}],"wp:featuredmedia":[{"embeddable":true,"href":"https:\/\/pangeatacticalandoutdoors.com\/index.php\/wp-json\/wp\/v2\/media\/9268"}],"wp:attachment":[{"href":"https:\/\/pangeatacticalandoutdoors.com\/index.php\/wp-json\/wp\/v2\/media?parent=9264"}],"wp:term":[{"taxonomy":"product_cat","embeddable":true,"href":"https:\/\/pangeatacticalandoutdoors.com\/index.php\/wp-json\/wp\/v2\/product_cat?post=9264"},{"taxonomy":"product_tag","embeddable":true,"href":"https:\/\/pangeatacticalandoutdoors.com\/index.php\/wp-json\/wp\/v2\/product_tag?post=9264"}],"curies":[{"name":"wp","href":"https:\/\/api.w.org\/{rel}","templated":true}]}}