{"id":8348,"date":"2023-01-10T13:46:05","date_gmt":"2023-01-10T19:46:05","guid":{"rendered":"https:\/\/pangeatacticalandoutdoors.com\/?post_type=product&#038;p=8348"},"modified":"2023-01-10T13:49:46","modified_gmt":"2023-01-10T19:49:46","slug":"botas-tacticas-original-swat-force-8","status":"publish","type":"product","link":"https:\/\/pangeatacticalandoutdoors.com\/index.php\/producto\/botas-tacticas-original-swat-force-8\/","title":{"rendered":"BOTAS TACTICAS ORIGINAL SWAT FORCE 8&#8243;"},"content":{"rendered":"<p class=\"ui-pdp-title\"><strong>Botas tacticas Original<\/strong> swat<strong> force de 8&#8243; con cierre lateral.<\/strong><\/p>\n","protected":false},"excerpt":{"rendered":"<p>* La suela de goma de carbono antiderrapante que no deja marcas con agarre para escaleras supera la norma de seguridad F489-96 de resistencia al deslizamiento.<br \/>\n\u2022 Zonas de compresi\u00f3n de EVA en el tal\u00f3n y parte delantera del pie para mayor confort<br \/>\n\u2022 Plataforma de estabilidad Texon que provee soporte lateral al peso y rigidez torsional.<br \/>\n\u2022 Cambrill\u00f3n de acero para un soporte superior.<br \/>\n\u2022 Talonera y puntera termopl\u00e1sticas moldeadas a medida para confort instant\u00e1neo y soporte lateral.<br \/>\n\u2022 Plantilla extra\u00edble de EVA.<br \/>\n\u2022 Capellada de cuero y nylon de 1,000 Denier.<br \/>\n\u2022 Forro antihumedad con protecci\u00f3n antimicrobiana AEGIS.<br \/>\n\u2022 Collar acolchado con espuma<br \/>\n\u2022 Placa de impulso de poliuretano de alta abrasi\u00f3n en el tal\u00f3n, para una durabilidad prolongada.<br \/>\n\u2022 Material resistente al \u00f3xido en aleaci\u00f3n de lat\u00f3n de alta duraci\u00f3n.<br \/>\n\u2022 Cierre lateral YKK\u00ae con patr\u00f3n Coil para calce y descalce f\u00e1ciles con cierre de gancho y bucle firme.<\/p>\n","protected":false},"featured_media":0,"comment_status":"open","ping_status":"closed","template":"","meta":{"site-sidebar-layout":"default","site-content-layout":"default","ast-global-header-display":"","ast-main-header-display":"","ast-hfb-above-header-display":"","ast-hfb-below-header-display":"","ast-hfb-mobile-header-display":"","site-post-title":"","ast-breadcrumbs-content":"","ast-featured-img":"","footer-sml-layout":"","theme-transparent-header-meta":"default","adv-header-id-meta":"","stick-header-meta":"","header-above-stick-meta":"","header-main-stick-meta":"","header-below-stick-meta":""},"product_cat":[15],"product_tag":[],"class_list":["post-8348","product","type-product","status-publish","hentry","product_cat-sin-categorizar"],"jetpack_sharing_enabled":true,"_links":{"self":[{"href":"https:\/\/pangeatacticalandoutdoors.com\/index.php\/wp-json\/wp\/v2\/product\/8348","targetHints":{"allow":["GET"]}}],"collection":[{"href":"https:\/\/pangeatacticalandoutdoors.com\/index.php\/wp-json\/wp\/v2\/product"}],"about":[{"href":"https:\/\/pangeatacticalandoutdoors.com\/index.php\/wp-json\/wp\/v2\/types\/product"}],"replies":[{"embeddable":true,"href":"https:\/\/pangeatacticalandoutdoors.com\/index.php\/wp-json\/wp\/v2\/comments?post=8348"}],"wp:attachment":[{"href":"https:\/\/pangeatacticalandoutdoors.com\/index.php\/wp-json\/wp\/v2\/media?parent=8348"}],"wp:term":[{"taxonomy":"product_cat","embeddable":true,"href":"https:\/\/pangeatacticalandoutdoors.com\/index.php\/wp-json\/wp\/v2\/product_cat?post=8348"},{"taxonomy":"product_tag","embeddable":true,"href":"https:\/\/pangeatacticalandoutdoors.com\/index.php\/wp-json\/wp\/v2\/product_tag?post=8348"}],"curies":[{"name":"wp","href":"https:\/\/api.w.org\/{rel}","templated":true}]}}