{"id":8045,"date":"2022-11-20T13:18:59","date_gmt":"2022-11-20T19:18:59","guid":{"rendered":"https:\/\/pangeatacticalandoutdoors.com\/?post_type=product&#038;p=8045"},"modified":"2022-11-20T13:22:28","modified_gmt":"2022-11-20T19:22:28","slug":"5-11-cinturon-tactico-sierra-bravo-duty-belt","status":"publish","type":"product","link":"https:\/\/pangeatacticalandoutdoors.com\/index.php\/producto\/5-11-cinturon-tactico-sierra-bravo-duty-belt\/","title":{"rendered":"5.11-CINTURON TACTICO &#8211; SIERRA BRAVO DUTY BELT TALLA GDE"},"content":{"rendered":"<p>5.11 CINTURON TACTICO &#8211; SIERRA BRAVO DUTY BELT TALLA L<\/p>\n<p>Dise\u00f1ado usando los comentarios de los oficiales en el campo, el kit de cintur\u00f3n de servicio de la ley Sierra Bravo Duty le brinda la adaptabilidad y personalizaci\u00f3n que necesita para crear la base perfecta para su guardarropa de servicio. Los art\u00edculos compatibles se venden por separado.<\/p>\n<p><em><strong>CARACTER\u00cdSTICAS<\/strong><\/em><\/p>\n<ul>\n<li><em>Configuraci\u00f3n de doble cintur\u00f3n<\/em><\/li>\n<li><em>Resistente al agua y a la intemperie.<\/em><\/li>\n<li><em>Compatible con MOLLE \/ 5.11 SlickStick\u00ae<\/em><\/li>\n<li><em>Construido con nylon ultrafuerte 1680D<\/em><\/li>\n<li><em>Cuatro sujetadores de doble retenci\u00f3n<\/em><\/li>\n<li><em>Hardware Duraflex\u00ae<\/em><\/li>\n<li><em>Broches aut\u00e9nticos de Prym\u00ae<\/em><\/li>\n<li><em>Ancho interno de la correa 1.63&#8243;<\/em><\/li>\n<li><em>Longitudes: S = 36.78\u201d, M = 40.78\u201d, L = 44.78\u201d, XL = 48.78&#8243;, 2XL = 52.78&#8243;<\/em><\/li>\n<\/ul>\n","protected":false},"excerpt":{"rendered":"<p>5.11 CINTURON TACTICO &#8211; SIERRA BRAVO DUTY BELT TALLA L Dise\u00f1ado usando los comentarios de los oficiales en el campo, el kit de cintur\u00f3n de servicio de la ley Sierra Bravo Duty le brinda la adaptabilidad y personalizaci\u00f3n que necesita para crear la base perfecta para su guardarropa de servicio. Los art\u00edculos compatibles se venden &hellip;<\/p>\n<p class=\"read-more\"> <a class=\"\" href=\"https:\/\/pangeatacticalandoutdoors.com\/index.php\/producto\/5-11-cinturon-tactico-sierra-bravo-duty-belt\/\"> <span class=\"screen-reader-text\">5.11-CINTURON TACTICO &#8211; SIERRA BRAVO DUTY BELT TALLA GDE<\/span> Leer m\u00e1s &raquo;<\/a><\/p>\n","protected":false},"featured_media":8047,"comment_status":"open","ping_status":"closed","template":"","meta":{"site-sidebar-layout":"default","site-content-layout":"default","ast-global-header-display":"","ast-main-header-display":"","ast-hfb-above-header-display":"","ast-hfb-below-header-display":"","ast-hfb-mobile-header-display":"","site-post-title":"","ast-breadcrumbs-content":"","ast-featured-img":"","footer-sml-layout":"","theme-transparent-header-meta":"default","adv-header-id-meta":"","stick-header-meta":"","header-above-stick-meta":"","header-main-stick-meta":"","header-below-stick-meta":""},"product_cat":[15],"product_tag":[],"class_list":["post-8045","product","type-product","status-publish","has-post-thumbnail","hentry","product_cat-sin-categorizar"],"jetpack_sharing_enabled":true,"_links":{"self":[{"href":"https:\/\/pangeatacticalandoutdoors.com\/index.php\/wp-json\/wp\/v2\/product\/8045","targetHints":{"allow":["GET"]}}],"collection":[{"href":"https:\/\/pangeatacticalandoutdoors.com\/index.php\/wp-json\/wp\/v2\/product"}],"about":[{"href":"https:\/\/pangeatacticalandoutdoors.com\/index.php\/wp-json\/wp\/v2\/types\/product"}],"replies":[{"embeddable":true,"href":"https:\/\/pangeatacticalandoutdoors.com\/index.php\/wp-json\/wp\/v2\/comments?post=8045"}],"wp:featuredmedia":[{"embeddable":true,"href":"https:\/\/pangeatacticalandoutdoors.com\/index.php\/wp-json\/wp\/v2\/media\/8047"}],"wp:attachment":[{"href":"https:\/\/pangeatacticalandoutdoors.com\/index.php\/wp-json\/wp\/v2\/media?parent=8045"}],"wp:term":[{"taxonomy":"product_cat","embeddable":true,"href":"https:\/\/pangeatacticalandoutdoors.com\/index.php\/wp-json\/wp\/v2\/product_cat?post=8045"},{"taxonomy":"product_tag","embeddable":true,"href":"https:\/\/pangeatacticalandoutdoors.com\/index.php\/wp-json\/wp\/v2\/product_tag?post=8045"}],"curies":[{"name":"wp","href":"https:\/\/api.w.org\/{rel}","templated":true}]}}