{"id":7755,"date":"2022-09-27T16:05:31","date_gmt":"2022-09-27T21:05:31","guid":{"rendered":"https:\/\/pangeatacticalandoutdoors.com\/?post_type=product&#038;p=7755"},"modified":"2024-10-29T12:02:20","modified_gmt":"2024-10-29T18:02:20","slug":"cy-cn-fh-porta-lampara-universal-mca-cytac","status":"publish","type":"product","link":"https:\/\/pangeatacticalandoutdoors.com\/index.php\/producto\/cy-cn-fh-porta-lampara-universal-mca-cytac\/","title":{"rendered":"CY-CN-FH PORTA LAMPARA UNIVERSAL MCA. CYTAC"},"content":{"rendered":"<p>Soporte de linterna universal<br \/>\n<em>La funda de la linterna puede llevar la mayor\u00eda de los tipos de linternas Olight, Fenix, Surefire.<\/em><\/p>\n<p><em>Fabricado en\u00a0 pol\u00edmero de grado militar<\/em><br \/>\n<em>Tensi\u00f3n ajustable para adaptarse a m\u00faltiples linternas, Ajuste sin herramienta<\/em><\/p>\n","protected":false},"excerpt":{"rendered":"<p>Soporte de linterna universal La funda de la linterna puede llevar la mayor\u00eda de los tipos de linternas Olight, Fenix, Surefire. Fabricado en\u00a0 pol\u00edmero de grado militar Tensi\u00f3n ajustable para adaptarse a m\u00faltiples linternas, Ajuste sin herramienta<\/p>\n","protected":false},"featured_media":8528,"comment_status":"open","ping_status":"closed","template":"","meta":{"site-sidebar-layout":"default","site-content-layout":"default","ast-global-header-display":"","ast-main-header-display":"","ast-hfb-above-header-display":"","ast-hfb-below-header-display":"","ast-hfb-mobile-header-display":"","site-post-title":"","ast-breadcrumbs-content":"","ast-featured-img":"","footer-sml-layout":"","theme-transparent-header-meta":"default","adv-header-id-meta":"","stick-header-meta":"","header-above-stick-meta":"","header-main-stick-meta":"","header-below-stick-meta":""},"product_cat":[15],"product_tag":[],"class_list":["post-7755","product","type-product","status-publish","has-post-thumbnail","hentry","product_cat-sin-categorizar"],"jetpack_sharing_enabled":true,"_links":{"self":[{"href":"https:\/\/pangeatacticalandoutdoors.com\/index.php\/wp-json\/wp\/v2\/product\/7755","targetHints":{"allow":["GET"]}}],"collection":[{"href":"https:\/\/pangeatacticalandoutdoors.com\/index.php\/wp-json\/wp\/v2\/product"}],"about":[{"href":"https:\/\/pangeatacticalandoutdoors.com\/index.php\/wp-json\/wp\/v2\/types\/product"}],"replies":[{"embeddable":true,"href":"https:\/\/pangeatacticalandoutdoors.com\/index.php\/wp-json\/wp\/v2\/comments?post=7755"}],"wp:featuredmedia":[{"embeddable":true,"href":"https:\/\/pangeatacticalandoutdoors.com\/index.php\/wp-json\/wp\/v2\/media\/8528"}],"wp:attachment":[{"href":"https:\/\/pangeatacticalandoutdoors.com\/index.php\/wp-json\/wp\/v2\/media?parent=7755"}],"wp:term":[{"taxonomy":"product_cat","embeddable":true,"href":"https:\/\/pangeatacticalandoutdoors.com\/index.php\/wp-json\/wp\/v2\/product_cat?post=7755"},{"taxonomy":"product_tag","embeddable":true,"href":"https:\/\/pangeatacticalandoutdoors.com\/index.php\/wp-json\/wp\/v2\/product_tag?post=7755"}],"curies":[{"name":"wp","href":"https:\/\/api.w.org\/{rel}","templated":true}]}}