{"id":7710,"date":"2022-09-23T12:23:46","date_gmt":"2022-09-23T17:23:46","guid":{"rendered":"https:\/\/pangeatacticalandoutdoors.com\/?post_type=product&#038;p=7710"},"modified":"2024-01-12T12:59:42","modified_gmt":"2024-01-12T18:59:42","slug":"pasamontanas-3-en-1","status":"publish","type":"product","link":"https:\/\/pangeatacticalandoutdoors.com\/index.php\/producto\/pasamontanas-3-en-1\/","title":{"rendered":"ALTEC-PASAMONTA\u00d1AS 3 EN 1"},"content":{"rendered":"<p>Fabricado en lycra de nylon, vers\u00e1til pues se hace gorro, bufanda, pasamonta\u00f1as de cara completa o solo ojos seg\u00fan sea la ocasi\u00f3n.<\/p>\n<p>Marca ALTEC<\/p>\n","protected":false},"excerpt":{"rendered":"<p>Fabricado en lycra de nylon, vers\u00e1til pues se hace gorro, bufanda, pasamonta\u00f1as de cara completa o solo ojos seg\u00fan sea la ocasi\u00f3n. Marca ALTEC<\/p>\n","protected":false},"featured_media":7711,"comment_status":"open","ping_status":"closed","template":"","meta":{"site-sidebar-layout":"default","site-content-layout":"default","ast-global-header-display":"","ast-main-header-display":"","ast-hfb-above-header-display":"","ast-hfb-below-header-display":"","ast-hfb-mobile-header-display":"","site-post-title":"","ast-breadcrumbs-content":"","ast-featured-img":"","footer-sml-layout":"","theme-transparent-header-meta":"default","adv-header-id-meta":"","stick-header-meta":"","header-above-stick-meta":"","header-main-stick-meta":"","header-below-stick-meta":""},"product_cat":[15],"product_tag":[],"class_list":["post-7710","product","type-product","status-publish","has-post-thumbnail","hentry","product_cat-sin-categorizar"],"jetpack_sharing_enabled":true,"_links":{"self":[{"href":"https:\/\/pangeatacticalandoutdoors.com\/index.php\/wp-json\/wp\/v2\/product\/7710","targetHints":{"allow":["GET"]}}],"collection":[{"href":"https:\/\/pangeatacticalandoutdoors.com\/index.php\/wp-json\/wp\/v2\/product"}],"about":[{"href":"https:\/\/pangeatacticalandoutdoors.com\/index.php\/wp-json\/wp\/v2\/types\/product"}],"replies":[{"embeddable":true,"href":"https:\/\/pangeatacticalandoutdoors.com\/index.php\/wp-json\/wp\/v2\/comments?post=7710"}],"wp:featuredmedia":[{"embeddable":true,"href":"https:\/\/pangeatacticalandoutdoors.com\/index.php\/wp-json\/wp\/v2\/media\/7711"}],"wp:attachment":[{"href":"https:\/\/pangeatacticalandoutdoors.com\/index.php\/wp-json\/wp\/v2\/media?parent=7710"}],"wp:term":[{"taxonomy":"product_cat","embeddable":true,"href":"https:\/\/pangeatacticalandoutdoors.com\/index.php\/wp-json\/wp\/v2\/product_cat?post=7710"},{"taxonomy":"product_tag","embeddable":true,"href":"https:\/\/pangeatacticalandoutdoors.com\/index.php\/wp-json\/wp\/v2\/product_tag?post=7710"}],"curies":[{"name":"wp","href":"https:\/\/api.w.org\/{rel}","templated":true}]}}