{"id":7701,"date":"2022-09-22T15:25:18","date_gmt":"2022-09-22T20:25:18","guid":{"rendered":"https:\/\/pangeatacticalandoutdoors.com\/?post_type=product&#038;p=7701"},"modified":"2025-05-28T15:39:41","modified_gmt":"2025-05-28T21:39:41","slug":"altec-pantalon-cs40-dama","status":"publish","type":"product","link":"https:\/\/pangeatacticalandoutdoors.com\/index.php\/producto\/altec-pantalon-cs40-dama\/","title":{"rendered":"ALTEC-PANTALON TACTICO  CS40 DAMA"},"content":{"rendered":"<p>Pantal\u00f3n T\u00e1ctico, tipo cargo. Dise\u00f1ado para las fuerzas del orden , cuenta con las especificaciones de dise\u00f1o, confecci\u00f3n y materias primas de la m\u00e1s alta calidad, adem\u00e1s de pruebas de laboratorio certificado para dar la garant\u00eda y certeza, tela antimic\u00f3tica, con tefl\u00f3n, anticloro, anti manchas etc., cuenta con cinta el\u00e1stica para ajuste en la cintura.<\/p>\n<p>Marca ALTEC<\/p>\n","protected":false},"excerpt":{"rendered":"<p>Pantal\u00f3n T\u00e1ctico, tipo cargo. Dise\u00f1ado para las fuerzas del orden , cuenta con las especificaciones de dise\u00f1o, confecci\u00f3n y materias primas de la m\u00e1s alta calidad, adem\u00e1s de pruebas de laboratorio certificado para dar la garant\u00eda y certeza, tela antimic\u00f3tica, con tefl\u00f3n, anticloro, anti manchas etc., cuenta con cinta el\u00e1stica para ajuste en la cintura. &hellip;<\/p>\n<p class=\"read-more\"> <a class=\"\" href=\"https:\/\/pangeatacticalandoutdoors.com\/index.php\/producto\/altec-pantalon-cs40-dama\/\"> <span class=\"screen-reader-text\">ALTEC-PANTALON TACTICO  CS40 DAMA<\/span> Leer m\u00e1s &raquo;<\/a><\/p>\n","protected":false},"featured_media":7713,"comment_status":"open","ping_status":"closed","template":"","meta":{"site-sidebar-layout":"default","site-content-layout":"default","ast-global-header-display":"","ast-main-header-display":"","ast-hfb-above-header-display":"","ast-hfb-below-header-display":"","ast-hfb-mobile-header-display":"","site-post-title":"","ast-breadcrumbs-content":"","ast-featured-img":"","footer-sml-layout":"","theme-transparent-header-meta":"default","adv-header-id-meta":"","stick-header-meta":"","header-above-stick-meta":"","header-main-stick-meta":"","header-below-stick-meta":""},"product_cat":[15],"product_tag":[],"class_list":["post-7701","product","type-product","status-publish","has-post-thumbnail","hentry","product_cat-sin-categorizar"],"jetpack_sharing_enabled":true,"_links":{"self":[{"href":"https:\/\/pangeatacticalandoutdoors.com\/index.php\/wp-json\/wp\/v2\/product\/7701","targetHints":{"allow":["GET"]}}],"collection":[{"href":"https:\/\/pangeatacticalandoutdoors.com\/index.php\/wp-json\/wp\/v2\/product"}],"about":[{"href":"https:\/\/pangeatacticalandoutdoors.com\/index.php\/wp-json\/wp\/v2\/types\/product"}],"replies":[{"embeddable":true,"href":"https:\/\/pangeatacticalandoutdoors.com\/index.php\/wp-json\/wp\/v2\/comments?post=7701"}],"wp:featuredmedia":[{"embeddable":true,"href":"https:\/\/pangeatacticalandoutdoors.com\/index.php\/wp-json\/wp\/v2\/media\/7713"}],"wp:attachment":[{"href":"https:\/\/pangeatacticalandoutdoors.com\/index.php\/wp-json\/wp\/v2\/media?parent=7701"}],"wp:term":[{"taxonomy":"product_cat","embeddable":true,"href":"https:\/\/pangeatacticalandoutdoors.com\/index.php\/wp-json\/wp\/v2\/product_cat?post=7701"},{"taxonomy":"product_tag","embeddable":true,"href":"https:\/\/pangeatacticalandoutdoors.com\/index.php\/wp-json\/wp\/v2\/product_tag?post=7701"}],"curies":[{"name":"wp","href":"https:\/\/api.w.org\/{rel}","templated":true}]}}