{"id":7481,"date":"2022-09-07T18:52:52","date_gmt":"2022-09-07T23:52:52","guid":{"rendered":"https:\/\/pangeatacticalandoutdoors.com\/?post_type=product&#038;p=7481"},"modified":"2022-09-07T18:52:52","modified_gmt":"2022-09-07T23:52:52","slug":"gu-probiotic-plus","status":"publish","type":"product","link":"https:\/\/pangeatacticalandoutdoors.com\/index.php\/producto\/gu-probiotic-plus\/","title":{"rendered":"GU PROBIOTIC PLUS"},"content":{"rendered":"<p><strong>BOTE CON 60 CAPSULAS DE PROBIOTICOS PARA AYUDAR A LA SALUD DIGECTIVA DE ATLETAS<\/strong>.<\/p>\n<p><em>Creadas para ayudar a los atletas a mantener su salud digestiva y el sistema inmune, las c\u00e1psulas Roctane de probi\u00f2ticos, proporcionan 10 billones de UFC (unidades formadoras de colonias) de probi\u00f2ticos por servicio acompa\u00f1ados de Jengibre y extracto de ra\u00edz de regaliz que ayudan a disminuir el estr\u00e9s gastrointestinal ocasional.<\/em><\/p>\n<p><em>Cada bote contiene 60 c\u00e1psulas para tu consumo mensual. Consume 2 c\u00e1psulas diariamente con el desayuno para fortificar us intestinos y mantener la salud digestiva.<\/em><\/p>\n","protected":false},"excerpt":{"rendered":"<p>BOTE CON 60 CAPSULAS DE PROBIOTICOS PARA AYUDAR A LA SALUD DIGECTIVA DE ATLETAS. Creadas para ayudar a los atletas a mantener su salud digestiva y el sistema inmune, las c\u00e1psulas Roctane de probi\u00f2ticos, proporcionan 10 billones de UFC (unidades formadoras de colonias) de probi\u00f2ticos por servicio acompa\u00f1ados de Jengibre y extracto de ra\u00edz de &hellip;<\/p>\n<p class=\"read-more\"> <a class=\"\" href=\"https:\/\/pangeatacticalandoutdoors.com\/index.php\/producto\/gu-probiotic-plus\/\"> <span class=\"screen-reader-text\">GU PROBIOTIC PLUS<\/span> Leer m\u00e1s &raquo;<\/a><\/p>\n","protected":false},"featured_media":7482,"comment_status":"open","ping_status":"closed","template":"","meta":{"site-sidebar-layout":"default","site-content-layout":"default","ast-global-header-display":"","ast-main-header-display":"","ast-hfb-above-header-display":"","ast-hfb-below-header-display":"","ast-hfb-mobile-header-display":"","site-post-title":"","ast-breadcrumbs-content":"","ast-featured-img":"","footer-sml-layout":"","theme-transparent-header-meta":"default","adv-header-id-meta":"","stick-header-meta":"","header-above-stick-meta":"","header-main-stick-meta":"","header-below-stick-meta":""},"product_cat":[15],"product_tag":[],"class_list":["post-7481","product","type-product","status-publish","has-post-thumbnail","hentry","product_cat-sin-categorizar"],"jetpack_sharing_enabled":true,"_links":{"self":[{"href":"https:\/\/pangeatacticalandoutdoors.com\/index.php\/wp-json\/wp\/v2\/product\/7481","targetHints":{"allow":["GET"]}}],"collection":[{"href":"https:\/\/pangeatacticalandoutdoors.com\/index.php\/wp-json\/wp\/v2\/product"}],"about":[{"href":"https:\/\/pangeatacticalandoutdoors.com\/index.php\/wp-json\/wp\/v2\/types\/product"}],"replies":[{"embeddable":true,"href":"https:\/\/pangeatacticalandoutdoors.com\/index.php\/wp-json\/wp\/v2\/comments?post=7481"}],"wp:featuredmedia":[{"embeddable":true,"href":"https:\/\/pangeatacticalandoutdoors.com\/index.php\/wp-json\/wp\/v2\/media\/7482"}],"wp:attachment":[{"href":"https:\/\/pangeatacticalandoutdoors.com\/index.php\/wp-json\/wp\/v2\/media?parent=7481"}],"wp:term":[{"taxonomy":"product_cat","embeddable":true,"href":"https:\/\/pangeatacticalandoutdoors.com\/index.php\/wp-json\/wp\/v2\/product_cat?post=7481"},{"taxonomy":"product_tag","embeddable":true,"href":"https:\/\/pangeatacticalandoutdoors.com\/index.php\/wp-json\/wp\/v2\/product_tag?post=7481"}],"curies":[{"name":"wp","href":"https:\/\/api.w.org\/{rel}","templated":true}]}}