{"id":7479,"date":"2022-09-07T18:48:31","date_gmt":"2022-09-07T23:48:31","guid":{"rendered":"https:\/\/pangeatacticalandoutdoors.com\/?post_type=product&#038;p=7479"},"modified":"2022-09-07T18:48:31","modified_gmt":"2022-09-07T23:48:31","slug":"gu-bcaa-capsules","status":"publish","type":"product","link":"https:\/\/pangeatacticalandoutdoors.com\/index.php\/producto\/gu-bcaa-capsules\/","title":{"rendered":"GU BCAA CAPSULES"},"content":{"rendered":"<p><strong><em>CAPSULAS DE AMNOACIDOS Y COMPLEJO B PARA MEJORAR EL RENDIMIENTO DE ATLETAS.<\/em><\/strong><\/p>\n<p><em>Antes, durante y despu\u00e9s de tu actividad, nuestras BCAA\u00b4S capsules ayudan a mantener la claridad mental, previenen el rompimiento de las fibras musculares en actividades de larga duraci\u00f3n y promueven el crecimiento muscular.<\/em><\/p>\n<p><em><strong>La vitamita B<\/strong>\u00a0facilita la recuperaci\u00f3n del tejido de los m\u00fasculos y reduce la sensaci\u00f3n de n\u00e1useas durante el ejercicio. T\u00f3malas antes, durante y despu\u00e9s de tu actividad. Te ayudan a disminuir el da\u00f1o a los tejidos de los m\u00fasculos resultado de actividades extenuantes.<\/em><\/p>\n","protected":false},"excerpt":{"rendered":"<p>CAPSULAS DE AMNOACIDOS Y COMPLEJO B PARA MEJORAR EL RENDIMIENTO DE ATLETAS. Antes, durante y despu\u00e9s de tu actividad, nuestras BCAA\u00b4S capsules ayudan a mantener la claridad mental, previenen el rompimiento de las fibras musculares en actividades de larga duraci\u00f3n y promueven el crecimiento muscular. La vitamita B\u00a0facilita la recuperaci\u00f3n del tejido de los m\u00fasculos &hellip;<\/p>\n<p class=\"read-more\"> <a class=\"\" href=\"https:\/\/pangeatacticalandoutdoors.com\/index.php\/producto\/gu-bcaa-capsules\/\"> <span class=\"screen-reader-text\">GU BCAA CAPSULES<\/span> Leer m\u00e1s &raquo;<\/a><\/p>\n","protected":false},"featured_media":7480,"comment_status":"open","ping_status":"closed","template":"","meta":{"site-sidebar-layout":"default","site-content-layout":"default","ast-global-header-display":"","ast-main-header-display":"","ast-hfb-above-header-display":"","ast-hfb-below-header-display":"","ast-hfb-mobile-header-display":"","site-post-title":"","ast-breadcrumbs-content":"","ast-featured-img":"","footer-sml-layout":"","theme-transparent-header-meta":"default","adv-header-id-meta":"","stick-header-meta":"","header-above-stick-meta":"","header-main-stick-meta":"","header-below-stick-meta":""},"product_cat":[15],"product_tag":[],"class_list":["post-7479","product","type-product","status-publish","has-post-thumbnail","hentry","product_cat-sin-categorizar"],"jetpack_sharing_enabled":true,"_links":{"self":[{"href":"https:\/\/pangeatacticalandoutdoors.com\/index.php\/wp-json\/wp\/v2\/product\/7479","targetHints":{"allow":["GET"]}}],"collection":[{"href":"https:\/\/pangeatacticalandoutdoors.com\/index.php\/wp-json\/wp\/v2\/product"}],"about":[{"href":"https:\/\/pangeatacticalandoutdoors.com\/index.php\/wp-json\/wp\/v2\/types\/product"}],"replies":[{"embeddable":true,"href":"https:\/\/pangeatacticalandoutdoors.com\/index.php\/wp-json\/wp\/v2\/comments?post=7479"}],"wp:featuredmedia":[{"embeddable":true,"href":"https:\/\/pangeatacticalandoutdoors.com\/index.php\/wp-json\/wp\/v2\/media\/7480"}],"wp:attachment":[{"href":"https:\/\/pangeatacticalandoutdoors.com\/index.php\/wp-json\/wp\/v2\/media?parent=7479"}],"wp:term":[{"taxonomy":"product_cat","embeddable":true,"href":"https:\/\/pangeatacticalandoutdoors.com\/index.php\/wp-json\/wp\/v2\/product_cat?post=7479"},{"taxonomy":"product_tag","embeddable":true,"href":"https:\/\/pangeatacticalandoutdoors.com\/index.php\/wp-json\/wp\/v2\/product_tag?post=7479"}],"curies":[{"name":"wp","href":"https:\/\/api.w.org\/{rel}","templated":true}]}}