{"id":7445,"date":"2022-09-02T15:45:55","date_gmt":"2022-09-02T20:45:55","guid":{"rendered":"https:\/\/pangeatacticalandoutdoors.com\/?post_type=product&#038;p=7445"},"modified":"2022-09-07T18:34:43","modified_gmt":"2022-09-07T23:34:43","slug":"gu-protein-recovery-drink-mix","status":"publish","type":"product","link":"https:\/\/pangeatacticalandoutdoors.com\/index.php\/producto\/gu-protein-recovery-drink-mix\/","title":{"rendered":"GU PROTEIN RECOVERY DRINK MIX"},"content":{"rendered":"<p>MIX DE BEBIDA EN POLVO QUE AYUDA A LA RECUPERACION MUSCULAR<\/p>\n<p>Creado para los atletas y deportistas de todos los niveles, para re abastecerse despu\u00e9s de la actividad exigente, GU Recovery Drink Mix aporta energ\u00eda de alta densidad de prote\u00edna de suero aislado para promover la s\u00edntesis de prote\u00ednas y reducir la degradaci\u00f3n de prote\u00ednas musculares.<\/p>\n<p>Los carbohidratos (maltodextrina y fructosa) ayudan a reponer las reservas de gluc\u00f3geno y tambi\u00e9n juegan un papel en la inhibici\u00f3n de la degradaci\u00f3n de prote\u00ednas musculares estimuladas por el ejercicio. La PROTEINA ayuda a promover la recuperaci\u00f3n muscular y reduce la degradaci\u00f3n de prote\u00ednas musculares. Mezclar un paquete en 16 onzas de agua. Agite hasta que se disuelva. Rellenar con otro 8 oz de agua. Agitar bien.<\/p>\n","protected":false},"excerpt":{"rendered":"<p>MIX DE BEBIDA EN POLVO QUE AYUDA A LA RECUPERACION MUSCULAR Creado para los atletas y deportistas de todos los niveles, para re abastecerse despu\u00e9s de la actividad exigente, GU Recovery Drink Mix aporta energ\u00eda de alta densidad de prote\u00edna de suero aislado para promover la s\u00edntesis de prote\u00ednas y reducir la degradaci\u00f3n de prote\u00ednas &hellip;<\/p>\n<p class=\"read-more\"> <a class=\"\" href=\"https:\/\/pangeatacticalandoutdoors.com\/index.php\/producto\/gu-protein-recovery-drink-mix\/\"> <span class=\"screen-reader-text\">GU PROTEIN RECOVERY DRINK MIX<\/span> Leer m\u00e1s &raquo;<\/a><\/p>\n","protected":false},"featured_media":7446,"comment_status":"open","ping_status":"closed","template":"","meta":{"site-sidebar-layout":"default","site-content-layout":"default","ast-global-header-display":"","ast-main-header-display":"","ast-hfb-above-header-display":"","ast-hfb-below-header-display":"","ast-hfb-mobile-header-display":"","site-post-title":"","ast-breadcrumbs-content":"","ast-featured-img":"","footer-sml-layout":"","theme-transparent-header-meta":"default","adv-header-id-meta":"","stick-header-meta":"","header-above-stick-meta":"","header-main-stick-meta":"","header-below-stick-meta":""},"product_cat":[15],"product_tag":[],"class_list":["post-7445","product","type-product","status-publish","has-post-thumbnail","hentry","product_cat-sin-categorizar"],"jetpack_sharing_enabled":true,"_links":{"self":[{"href":"https:\/\/pangeatacticalandoutdoors.com\/index.php\/wp-json\/wp\/v2\/product\/7445","targetHints":{"allow":["GET"]}}],"collection":[{"href":"https:\/\/pangeatacticalandoutdoors.com\/index.php\/wp-json\/wp\/v2\/product"}],"about":[{"href":"https:\/\/pangeatacticalandoutdoors.com\/index.php\/wp-json\/wp\/v2\/types\/product"}],"replies":[{"embeddable":true,"href":"https:\/\/pangeatacticalandoutdoors.com\/index.php\/wp-json\/wp\/v2\/comments?post=7445"}],"wp:featuredmedia":[{"embeddable":true,"href":"https:\/\/pangeatacticalandoutdoors.com\/index.php\/wp-json\/wp\/v2\/media\/7446"}],"wp:attachment":[{"href":"https:\/\/pangeatacticalandoutdoors.com\/index.php\/wp-json\/wp\/v2\/media?parent=7445"}],"wp:term":[{"taxonomy":"product_cat","embeddable":true,"href":"https:\/\/pangeatacticalandoutdoors.com\/index.php\/wp-json\/wp\/v2\/product_cat?post=7445"},{"taxonomy":"product_tag","embeddable":true,"href":"https:\/\/pangeatacticalandoutdoors.com\/index.php\/wp-json\/wp\/v2\/product_tag?post=7445"}],"curies":[{"name":"wp","href":"https:\/\/api.w.org\/{rel}","templated":true}]}}