{"id":7439,"date":"2022-09-02T15:40:18","date_gmt":"2022-09-02T20:40:18","guid":{"rendered":"https:\/\/pangeatacticalandoutdoors.com\/?post_type=product&#038;p=7439"},"modified":"2023-12-01T13:54:24","modified_gmt":"2023-12-01T19:54:24","slug":"roctane-energy-drink-mix","status":"publish","type":"product","link":"https:\/\/pangeatacticalandoutdoors.com\/index.php\/producto\/roctane-energy-drink-mix\/","title":{"rendered":"ROCTANE ENERGY DRINK MIX"},"content":{"rendered":"<h1 class=\"product-title product_title entry-title\">ROCTANE ENERGY DRINK MIX<\/h1>\n<p>Sobre con 65 grs. de bebida en polvo que contiene carbohidratos para ayudar a superar los limites durante entrenamientos intensos y distancias largas.<\/p>\n<p>Este producto fue dise\u00f1ado para actividades demandantes y de larga duraci\u00f3n<\/p>\n","protected":false},"excerpt":{"rendered":"<p><em>Una recomendaci\u00f3n es iniciar las dos primeras horas de tu entrenamiento \u00f2 de tu competencia hidrat\u00e1ndote con Tabs \u00f2 Drink mix y proporcionar a tu organismo energ\u00eda atreves de GU, Chews \u00f2 Roctane y despu\u00e9s de 2 horas de actividad comenzar a hidratarte y energizarte con Roctane Drink dilu\u00eddo en una \u00e1nfora sin dejar de complementar con GU, Roctane \u00f2 chews ya que la demanda de electrolitos, carbohidratos y amino\u00e1cidos es mas elevada conforme pasa el tiempo en tus entrenamientos \u00f2 competencias es por eso que Roctane drink mix es lo que necesitas para actividades demandantes y de larga duraci\u00f3n.<\/em><\/p>\n","protected":false},"featured_media":7443,"comment_status":"open","ping_status":"closed","template":"","meta":{"site-sidebar-layout":"default","site-content-layout":"default","ast-global-header-display":"","ast-main-header-display":"","ast-hfb-above-header-display":"","ast-hfb-below-header-display":"","ast-hfb-mobile-header-display":"","site-post-title":"","ast-breadcrumbs-content":"","ast-featured-img":"","footer-sml-layout":"","theme-transparent-header-meta":"default","adv-header-id-meta":"","stick-header-meta":"","header-above-stick-meta":"","header-main-stick-meta":"","header-below-stick-meta":""},"product_cat":[15],"product_tag":[],"class_list":["post-7439","product","type-product","status-publish","has-post-thumbnail","hentry","product_cat-sin-categorizar"],"jetpack_sharing_enabled":true,"_links":{"self":[{"href":"https:\/\/pangeatacticalandoutdoors.com\/index.php\/wp-json\/wp\/v2\/product\/7439","targetHints":{"allow":["GET"]}}],"collection":[{"href":"https:\/\/pangeatacticalandoutdoors.com\/index.php\/wp-json\/wp\/v2\/product"}],"about":[{"href":"https:\/\/pangeatacticalandoutdoors.com\/index.php\/wp-json\/wp\/v2\/types\/product"}],"replies":[{"embeddable":true,"href":"https:\/\/pangeatacticalandoutdoors.com\/index.php\/wp-json\/wp\/v2\/comments?post=7439"}],"wp:featuredmedia":[{"embeddable":true,"href":"https:\/\/pangeatacticalandoutdoors.com\/index.php\/wp-json\/wp\/v2\/media\/7443"}],"wp:attachment":[{"href":"https:\/\/pangeatacticalandoutdoors.com\/index.php\/wp-json\/wp\/v2\/media?parent=7439"}],"wp:term":[{"taxonomy":"product_cat","embeddable":true,"href":"https:\/\/pangeatacticalandoutdoors.com\/index.php\/wp-json\/wp\/v2\/product_cat?post=7439"},{"taxonomy":"product_tag","embeddable":true,"href":"https:\/\/pangeatacticalandoutdoors.com\/index.php\/wp-json\/wp\/v2\/product_tag?post=7439"}],"curies":[{"name":"wp","href":"https:\/\/api.w.org\/{rel}","templated":true}]}}