{"id":7429,"date":"2022-09-02T14:58:56","date_gmt":"2022-09-02T19:58:56","guid":{"rendered":"https:\/\/pangeatacticalandoutdoors.com\/?post_type=product&#038;p=7429"},"modified":"2022-09-02T14:58:56","modified_gmt":"2022-09-02T19:58:56","slug":"caja-12-pzas-gu-chews-salted-lime","status":"publish","type":"product","link":"https:\/\/pangeatacticalandoutdoors.com\/index.php\/producto\/caja-12-pzas-gu-chews-salted-lime\/","title":{"rendered":"CAJA \/12 PZAS GU CHEWS SALTED LIME"},"content":{"rendered":"<p><strong>GU ENERGY CHEWS.<\/strong><\/p>\n<p><em> Gomas Masticables de Alto Desempe\u00f1o<\/em><\/p>\n<p><em>Caja con 12 sobres.<\/em><\/p>\n","protected":false},"excerpt":{"rendered":"<p>Creados para el entrenamiento diario y competencias, GU Energy Chews contiene energ\u00eda y calor\u00edas en una presentaci\u00f3n que puedes llevar contigo para ayudarte a mantener la demanda de energ\u00eda en actividades de larga duraci\u00f3n.<\/p>\n<p>La presentaci\u00f3n de 90 calor\u00edas contiene carbohidratos para mantenerte con \u00abcombustible\u00bbmientras retarda una baja repentina en tu desempe\u00f1o (\u00abpajara\u00bb o Bonk), manteniendo de repuesto tus reservas de gluc\u00f3geno.<\/p>\n<p>El sodio que es el primer tipo de electrolito que se pierde al sudar, esta contenido en Chews para mantener en balance tu hidrataci\u00f3n. La cadena de amino\u00e1cidos que contienen los Chews (Leucina, Valina, isoleucina) te ayudan a reducir la fatiga mental y a disminuir el desgaste muscular.<\/p>\n<p>Los ELECTROLITOS mantienen el balance en la hidrataci\u00f3n. Los CARBOHIDRATOS te proporcionan energ\u00eda inmediata para que dispongas de ella y retrasan una baja repentina de energ\u00eda (p\u00e1jara, Bonk), manteniendo reservas de gluc\u00f3geno. Los AMINOACIDOS reducen la fatiga mental y disminuyen el desgaste muscular. La CAFEINA mejora tu desempe\u00f1o aumentando la concentraci\u00f3n y disminuyendo el desgaste mental.<\/p>\n<p>consume una porci\u00f3n (8 chews) 5 min antes de iniciar y subsecuentemente una porci\u00f3n cada 45 min de actividad.<br \/>\nT\u00f3malo con tu bebida hidratante favorita de los productos GU \u00f2 agua para mejor absorci\u00f3n.<\/p>\n","protected":false},"featured_media":7428,"comment_status":"open","ping_status":"closed","template":"","meta":{"site-sidebar-layout":"default","site-content-layout":"default","ast-global-header-display":"","ast-main-header-display":"","ast-hfb-above-header-display":"","ast-hfb-below-header-display":"","ast-hfb-mobile-header-display":"","site-post-title":"","ast-breadcrumbs-content":"","ast-featured-img":"","footer-sml-layout":"","theme-transparent-header-meta":"default","adv-header-id-meta":"","stick-header-meta":"","header-above-stick-meta":"","header-main-stick-meta":"","header-below-stick-meta":""},"product_cat":[15],"product_tag":[],"class_list":["post-7429","product","type-product","status-publish","has-post-thumbnail","hentry","product_cat-sin-categorizar"],"jetpack_sharing_enabled":true,"_links":{"self":[{"href":"https:\/\/pangeatacticalandoutdoors.com\/index.php\/wp-json\/wp\/v2\/product\/7429","targetHints":{"allow":["GET"]}}],"collection":[{"href":"https:\/\/pangeatacticalandoutdoors.com\/index.php\/wp-json\/wp\/v2\/product"}],"about":[{"href":"https:\/\/pangeatacticalandoutdoors.com\/index.php\/wp-json\/wp\/v2\/types\/product"}],"replies":[{"embeddable":true,"href":"https:\/\/pangeatacticalandoutdoors.com\/index.php\/wp-json\/wp\/v2\/comments?post=7429"}],"wp:featuredmedia":[{"embeddable":true,"href":"https:\/\/pangeatacticalandoutdoors.com\/index.php\/wp-json\/wp\/v2\/media\/7428"}],"wp:attachment":[{"href":"https:\/\/pangeatacticalandoutdoors.com\/index.php\/wp-json\/wp\/v2\/media?parent=7429"}],"wp:term":[{"taxonomy":"product_cat","embeddable":true,"href":"https:\/\/pangeatacticalandoutdoors.com\/index.php\/wp-json\/wp\/v2\/product_cat?post=7429"},{"taxonomy":"product_tag","embeddable":true,"href":"https:\/\/pangeatacticalandoutdoors.com\/index.php\/wp-json\/wp\/v2\/product_tag?post=7429"}],"curies":[{"name":"wp","href":"https:\/\/api.w.org\/{rel}","templated":true}]}}