{"id":7422,"date":"2022-09-02T14:54:01","date_gmt":"2022-09-02T19:54:01","guid":{"rendered":"https:\/\/pangeatacticalandoutdoors.com\/?post_type=product&#038;p=7422"},"modified":"2025-01-30T11:29:27","modified_gmt":"2025-01-30T17:29:27","slug":"gu-chews-salted-lime","status":"publish","type":"product","link":"https:\/\/pangeatacticalandoutdoors.com\/index.php\/producto\/gu-chews-salted-lime\/","title":{"rendered":"GU CHEWS SALTED LIME"},"content":{"rendered":"<h3>Gomas masticables de Alto Desempe\u00f1o<\/h3>\n<p><em>La presentaci\u00f3n de 90 calor\u00edas contiene carbohidratos para mantenerte con \u00abcombustible\u00bbmientras retarda una baja repentina en tu desempe\u00f1o (\u00abpajara\u00bb o Bonk), manteniendo de repuesto tus reservas de gluc\u00f3geno.<\/em><\/p>\n<p>&nbsp;<\/p>\n","protected":false},"excerpt":{"rendered":"<div class=\"col medium-4 small-12 large-4\">\n<div class=\"col-inner\">\n<p><strong>El SODIO<\/strong>\u00a0que es el primer tipo de electrolito que se pierde al sudar, esta contenido en Chews para mantener en balance tu hidrataci\u00f3n.<\/p>\n<p>La cadena de amino\u00e1cidos que contienen los Chews (Leucina, Valina, isoleucina) te ayudan a reducir la fatiga mental y a disminuir el desgaste muscular.<\/p>\n<\/div>\n<\/div>\n<div class=\"col medium-4 small-12 large-4\">\n<div class=\"col-inner\">\n<p><strong>Los ELECTROLITOS<\/strong>\u00a0mantienen el balance en la hidrataci\u00f3n.<\/p>\n<p><strong>Los CARBOHIDRATOS<\/strong>\u00a0te proporcionan energ\u00eda inmediata para que dispongas de ella y retrasan una baja repentina de energ\u00eda (p\u00e1jara, Bonk), manteniendo reservas de gluc\u00f3geno.<\/p>\n<p><strong>Los AMINOACIDOS<\/strong>\u00a0reducen la fatiga mental y disminuyen el desgaste muscular.<\/p>\n<p>&nbsp;<\/p>\n<\/div>\n<\/div>\n<div class=\"col medium-4 small-12 large-4\">\n<div class=\"col-inner\">\n<p><strong>La CAFEINA<\/strong>\u00a0mejora tu desempe\u00f1o aumentando la concentraci\u00f3n y disminuyendo el desgaste mental.<\/p>\n<p>Consume una porci\u00f3n (4 chews) 15 min antes de iniciar y subsecuentemente una porci\u00f3n cada 45 min de actividad.\u00a0T\u00f3malo con tu bebida hidratante favorita de los productos GU \u00f2 agua para mejor absorci\u00f3n.<\/p>\n<\/div>\n<\/div>\n","protected":false},"featured_media":7428,"comment_status":"open","ping_status":"closed","template":"","meta":{"site-sidebar-layout":"default","site-content-layout":"default","ast-global-header-display":"","ast-main-header-display":"","ast-hfb-above-header-display":"","ast-hfb-below-header-display":"","ast-hfb-mobile-header-display":"","site-post-title":"","ast-breadcrumbs-content":"","ast-featured-img":"","footer-sml-layout":"","theme-transparent-header-meta":"default","adv-header-id-meta":"","stick-header-meta":"","header-above-stick-meta":"","header-main-stick-meta":"","header-below-stick-meta":""},"product_cat":[15],"product_tag":[],"class_list":["post-7422","product","type-product","status-publish","has-post-thumbnail","hentry","product_cat-sin-categorizar"],"jetpack_sharing_enabled":true,"_links":{"self":[{"href":"https:\/\/pangeatacticalandoutdoors.com\/index.php\/wp-json\/wp\/v2\/product\/7422","targetHints":{"allow":["GET"]}}],"collection":[{"href":"https:\/\/pangeatacticalandoutdoors.com\/index.php\/wp-json\/wp\/v2\/product"}],"about":[{"href":"https:\/\/pangeatacticalandoutdoors.com\/index.php\/wp-json\/wp\/v2\/types\/product"}],"replies":[{"embeddable":true,"href":"https:\/\/pangeatacticalandoutdoors.com\/index.php\/wp-json\/wp\/v2\/comments?post=7422"}],"wp:featuredmedia":[{"embeddable":true,"href":"https:\/\/pangeatacticalandoutdoors.com\/index.php\/wp-json\/wp\/v2\/media\/7428"}],"wp:attachment":[{"href":"https:\/\/pangeatacticalandoutdoors.com\/index.php\/wp-json\/wp\/v2\/media?parent=7422"}],"wp:term":[{"taxonomy":"product_cat","embeddable":true,"href":"https:\/\/pangeatacticalandoutdoors.com\/index.php\/wp-json\/wp\/v2\/product_cat?post=7422"},{"taxonomy":"product_tag","embeddable":true,"href":"https:\/\/pangeatacticalandoutdoors.com\/index.php\/wp-json\/wp\/v2\/product_tag?post=7422"}],"curies":[{"name":"wp","href":"https:\/\/api.w.org\/{rel}","templated":true}]}}