{"id":7416,"date":"2022-09-02T14:38:10","date_gmt":"2022-09-02T19:38:10","guid":{"rendered":"https:\/\/pangeatacticalandoutdoors.com\/?post_type=product&#038;p=7416"},"modified":"2024-09-21T13:53:12","modified_gmt":"2024-09-21T18:53:12","slug":"gu-liquid-energy-gel-energetico-de-facil-digestion","status":"publish","type":"product","link":"https:\/\/pangeatacticalandoutdoors.com\/index.php\/producto\/gu-liquid-energy-gel-energetico-de-facil-digestion\/","title":{"rendered":"GU LIQUID ENERGY, GEL ENERGETICO DE FACIL DIGESTION"},"content":{"rendered":"<p><em><b>Igual que GU ENERGY GEL\u00a0 , pero en forma liquida , para los que buscan otra consistencia .<\/b><\/em><\/p>\n<p><em><strong>F\u00e1cil de tomar, f\u00e1cil de digerir, Liquid Energy<\/strong> provee solo lo que tu necesitas consumir sin darte el baj\u00f3n. <\/em><em>GU te da lo que necesitas para ir m\u00e1s r\u00e1pido y mas lejos.<\/em><\/p>\n","protected":false},"excerpt":{"rendered":"<p>Igual que GU ENERGY GEL\u00a0 , pero en forma liquida , para los que buscan otra consistencia . F\u00e1cil de tomar, f\u00e1cil de digerir, Liquid Energy provee solo lo que tu necesitas consumir sin darte el baj\u00f3n. GU te da lo que necesitas para ir m\u00e1s r\u00e1pido y mas lejos.<\/p>\n","protected":false},"featured_media":7419,"comment_status":"open","ping_status":"closed","template":"","meta":{"site-sidebar-layout":"default","site-content-layout":"default","ast-global-header-display":"","ast-main-header-display":"","ast-hfb-above-header-display":"","ast-hfb-below-header-display":"","ast-hfb-mobile-header-display":"","site-post-title":"","ast-breadcrumbs-content":"","ast-featured-img":"","footer-sml-layout":"","theme-transparent-header-meta":"default","adv-header-id-meta":"","stick-header-meta":"","header-above-stick-meta":"","header-main-stick-meta":"","header-below-stick-meta":""},"product_cat":[15],"product_tag":[],"class_list":["post-7416","product","type-product","status-publish","has-post-thumbnail","hentry","product_cat-sin-categorizar"],"jetpack_sharing_enabled":true,"_links":{"self":[{"href":"https:\/\/pangeatacticalandoutdoors.com\/index.php\/wp-json\/wp\/v2\/product\/7416","targetHints":{"allow":["GET"]}}],"collection":[{"href":"https:\/\/pangeatacticalandoutdoors.com\/index.php\/wp-json\/wp\/v2\/product"}],"about":[{"href":"https:\/\/pangeatacticalandoutdoors.com\/index.php\/wp-json\/wp\/v2\/types\/product"}],"replies":[{"embeddable":true,"href":"https:\/\/pangeatacticalandoutdoors.com\/index.php\/wp-json\/wp\/v2\/comments?post=7416"}],"wp:featuredmedia":[{"embeddable":true,"href":"https:\/\/pangeatacticalandoutdoors.com\/index.php\/wp-json\/wp\/v2\/media\/7419"}],"wp:attachment":[{"href":"https:\/\/pangeatacticalandoutdoors.com\/index.php\/wp-json\/wp\/v2\/media?parent=7416"}],"wp:term":[{"taxonomy":"product_cat","embeddable":true,"href":"https:\/\/pangeatacticalandoutdoors.com\/index.php\/wp-json\/wp\/v2\/product_cat?post=7416"},{"taxonomy":"product_tag","embeddable":true,"href":"https:\/\/pangeatacticalandoutdoors.com\/index.php\/wp-json\/wp\/v2\/product_tag?post=7416"}],"curies":[{"name":"wp","href":"https:\/\/api.w.org\/{rel}","templated":true}]}}