{"id":7408,"date":"2022-09-02T14:06:32","date_gmt":"2022-09-02T19:06:32","guid":{"rendered":"https:\/\/pangeatacticalandoutdoors.com\/?post_type=product&#038;p=7408"},"modified":"2022-09-02T14:12:28","modified_gmt":"2022-09-02T19:12:28","slug":"caja-24-pzas-gu-roctane-gel-energetico-sabores-surtidos","status":"publish","type":"product","link":"https:\/\/pangeatacticalandoutdoors.com\/index.php\/producto\/caja-24-pzas-gu-roctane-gel-energetico-sabores-surtidos\/","title":{"rendered":"CAJA 24 PZAS GU ROCTANE-GEL ENERG\u00c9TICO  SABORES SURTIDOS"},"content":{"rendered":"<p>C<em>reado para los entrenamientos y competencias exigentes, GU Roctane Energy Gel se destaca del GU Energy Gel original con m\u00e1s sodio, un electrolito que ayuda en la hidrataci\u00f3n, y a\u00fan m\u00e1s amino\u00e1cidos de cadena ramificada (leucina, valina e isoleucina) que reducen la fatiga mental y disminuyen el da\u00f1o muscular en comparaci\u00f3n con nuestro GU Energy Gel original.<\/em><\/p>\n<p>El amino\u00e1cido beta-alanina ayuda a promover la formaci\u00f3n del b\u00fafer intramuscular carnosina, mientras que la ornitina alfa-cetoglutarato ayuda a promover la reparaci\u00f3n del m\u00fasculo. El contenido de 100 calor\u00edas de carbohidratos simples y complejos, (maltodextrina y fructosa), al no pasar por el proceso digestivo, acelera la utilizaci\u00f3n y absorci\u00f3n de carbohidratos, mientras que disminuye problemas digestivos.<\/p>\n<p><strong>Los ELECTROLITOS<\/strong>\u00a0mantienen el balance en la hidrataci\u00f3n. Los CARBOHIDRATOS te proporcionan energ\u00eda inmediata para que dispongas de ella y retrasan una baja repentina de energ\u00eda (p\u00e1jara, Bonk), manteniendo reservas de gluc\u00f3geno.<\/p>\n<p><strong>Los AMINOACIDOS<\/strong>\u00a0reducen la fatiga mental y disminuyen el desgaste muscular.<\/p>\n<p><strong>La CAFEINA<\/strong>\u00a0mejora tu desempe\u00f1o aumentando la concentraci\u00f3n y disminuyendo el desgaste mental.<br \/>\nConsume un paquete 15 minutos antes y cada 45 minutos durante tu actividad.<\/p>\n<p>T\u00f3malo con tu bebida hidratante favorita de los productos GU \u00f3 agua para mejor absorci\u00f3n.<\/p>\n","protected":false},"excerpt":{"rendered":"<p>Creado para los entrenamientos y competencias exigentes, GU Roctane Energy Gel se destaca del GU Energy Gel original con m\u00e1s sodio, un electrolito que ayuda en la hidrataci\u00f3n, y a\u00fan m\u00e1s amino\u00e1cidos de cadena ramificada (leucina, valina e isoleucina) que reducen la fatiga mental y disminuyen el da\u00f1o muscular en comparaci\u00f3n con nuestro GU Energy &hellip;<\/p>\n<p class=\"read-more\"> <a class=\"\" href=\"https:\/\/pangeatacticalandoutdoors.com\/index.php\/producto\/caja-24-pzas-gu-roctane-gel-energetico-sabores-surtidos\/\"> <span class=\"screen-reader-text\">CAJA 24 PZAS GU ROCTANE-GEL ENERG\u00c9TICO  SABORES SURTIDOS<\/span> Leer m\u00e1s &raquo;<\/a><\/p>\n","protected":false},"featured_media":7410,"comment_status":"open","ping_status":"closed","template":"","meta":{"site-sidebar-layout":"default","site-content-layout":"default","ast-global-header-display":"","ast-main-header-display":"","ast-hfb-above-header-display":"","ast-hfb-below-header-display":"","ast-hfb-mobile-header-display":"","site-post-title":"","ast-breadcrumbs-content":"","ast-featured-img":"","footer-sml-layout":"","theme-transparent-header-meta":"default","adv-header-id-meta":"","stick-header-meta":"","header-above-stick-meta":"","header-main-stick-meta":"","header-below-stick-meta":""},"product_cat":[15],"product_tag":[],"class_list":["post-7408","product","type-product","status-publish","has-post-thumbnail","hentry","product_cat-sin-categorizar"],"jetpack_sharing_enabled":true,"_links":{"self":[{"href":"https:\/\/pangeatacticalandoutdoors.com\/index.php\/wp-json\/wp\/v2\/product\/7408","targetHints":{"allow":["GET"]}}],"collection":[{"href":"https:\/\/pangeatacticalandoutdoors.com\/index.php\/wp-json\/wp\/v2\/product"}],"about":[{"href":"https:\/\/pangeatacticalandoutdoors.com\/index.php\/wp-json\/wp\/v2\/types\/product"}],"replies":[{"embeddable":true,"href":"https:\/\/pangeatacticalandoutdoors.com\/index.php\/wp-json\/wp\/v2\/comments?post=7408"}],"wp:featuredmedia":[{"embeddable":true,"href":"https:\/\/pangeatacticalandoutdoors.com\/index.php\/wp-json\/wp\/v2\/media\/7410"}],"wp:attachment":[{"href":"https:\/\/pangeatacticalandoutdoors.com\/index.php\/wp-json\/wp\/v2\/media?parent=7408"}],"wp:term":[{"taxonomy":"product_cat","embeddable":true,"href":"https:\/\/pangeatacticalandoutdoors.com\/index.php\/wp-json\/wp\/v2\/product_cat?post=7408"},{"taxonomy":"product_tag","embeddable":true,"href":"https:\/\/pangeatacticalandoutdoors.com\/index.php\/wp-json\/wp\/v2\/product_tag?post=7408"}],"curies":[{"name":"wp","href":"https:\/\/api.w.org\/{rel}","templated":true}]}}