{"id":7304,"date":"2022-08-18T17:55:02","date_gmt":"2022-08-18T22:55:02","guid":{"rendered":"https:\/\/pangeatacticalandoutdoors.com\/?post_type=product&#038;p=7304"},"modified":"2023-09-25T18:10:28","modified_gmt":"2023-09-25T23:10:28","slug":"guante-tactico-flex-corto","status":"publish","type":"product","link":"https:\/\/pangeatacticalandoutdoors.com\/index.php\/producto\/guante-tactico-flex-corto\/","title":{"rendered":"GUANTE TACTICO FLEX CORTO"},"content":{"rendered":"<hr \/>\n<p align=\"justify\">Guante corto, fabricado con materiales sint\u00e9ticos de primera calidad, confortable y muy suave al tacto, ajustable en la mu\u00f1eca con el\u00e1stico y contactel, disponible en verde militar y coyote.<\/p>\n<p align=\"justify\">Marca Altec.<\/p>\n","protected":false},"excerpt":{"rendered":"<p>Guante corto, fabricado con materiales sint\u00e9ticos de primera calidad, confortable y muy suave al tacto, ajustable en la mu\u00f1eca con el\u00e1stico y contactel, disponible en verde militar y coyote. Marca Altec.<\/p>\n","protected":false},"featured_media":7308,"comment_status":"open","ping_status":"closed","template":"","meta":{"site-sidebar-layout":"default","site-content-layout":"default","ast-global-header-display":"","ast-main-header-display":"","ast-hfb-above-header-display":"","ast-hfb-below-header-display":"","ast-hfb-mobile-header-display":"","site-post-title":"","ast-breadcrumbs-content":"","ast-featured-img":"","footer-sml-layout":"","theme-transparent-header-meta":"default","adv-header-id-meta":"","stick-header-meta":"","header-above-stick-meta":"","header-main-stick-meta":"","header-below-stick-meta":""},"product_cat":[143],"product_tag":[],"class_list":["post-7304","product","type-product","status-publish","has-post-thumbnail","hentry","product_cat-guantes"],"jetpack_sharing_enabled":true,"_links":{"self":[{"href":"https:\/\/pangeatacticalandoutdoors.com\/index.php\/wp-json\/wp\/v2\/product\/7304","targetHints":{"allow":["GET"]}}],"collection":[{"href":"https:\/\/pangeatacticalandoutdoors.com\/index.php\/wp-json\/wp\/v2\/product"}],"about":[{"href":"https:\/\/pangeatacticalandoutdoors.com\/index.php\/wp-json\/wp\/v2\/types\/product"}],"replies":[{"embeddable":true,"href":"https:\/\/pangeatacticalandoutdoors.com\/index.php\/wp-json\/wp\/v2\/comments?post=7304"}],"wp:featuredmedia":[{"embeddable":true,"href":"https:\/\/pangeatacticalandoutdoors.com\/index.php\/wp-json\/wp\/v2\/media\/7308"}],"wp:attachment":[{"href":"https:\/\/pangeatacticalandoutdoors.com\/index.php\/wp-json\/wp\/v2\/media?parent=7304"}],"wp:term":[{"taxonomy":"product_cat","embeddable":true,"href":"https:\/\/pangeatacticalandoutdoors.com\/index.php\/wp-json\/wp\/v2\/product_cat?post=7304"},{"taxonomy":"product_tag","embeddable":true,"href":"https:\/\/pangeatacticalandoutdoors.com\/index.php\/wp-json\/wp\/v2\/product_tag?post=7304"}],"curies":[{"name":"wp","href":"https:\/\/api.w.org\/{rel}","templated":true}]}}