{"id":7213,"date":"2022-08-02T14:56:09","date_gmt":"2022-08-02T19:56:09","guid":{"rendered":"https:\/\/pangeatacticalandoutdoors.com\/?post_type=product&#038;p=7213"},"modified":"2022-08-02T14:56:09","modified_gmt":"2022-08-02T19:56:09","slug":"altec-pantalon-pie-tierra-tela-roy-sin-franja","status":"publish","type":"product","link":"https:\/\/pangeatacticalandoutdoors.com\/index.php\/producto\/altec-pantalon-pie-tierra-tela-roy-sin-franja\/","title":{"rendered":"ALTEC-PANTAL\u00d3N PIE TIERRA TELA ROY SIN FRANJA"},"content":{"rendered":"<p>Pantal\u00f3n confeccionado con tela especial, dise\u00f1ada exclusivamente para ALTEC por su composici\u00f3n, algod\u00f3n por dentro y poli\u00e9ster por fuera, la tela adem\u00e1s est\u00e1 confeccionada con un hilo tratado qu\u00ed\u00admicamente contra las aguas cloradas.<\/p>\n","protected":false},"excerpt":{"rendered":"<p>Pantal\u00f3n confeccionado con tela especial, dise\u00f1ada exclusivamente para ALTEC por su composici\u00f3n, algod\u00f3n por dentro y poli\u00e9ster por fuera, la tela adem\u00e1s est\u00e1 confeccionada con un hilo tratado qu\u00ed\u00admicamente contra las aguas cloradas.<\/p>\n","protected":false},"featured_media":7214,"comment_status":"open","ping_status":"closed","template":"","meta":{"site-sidebar-layout":"default","site-content-layout":"default","ast-global-header-display":"","ast-main-header-display":"","ast-hfb-above-header-display":"","ast-hfb-below-header-display":"","ast-hfb-mobile-header-display":"","site-post-title":"","ast-breadcrumbs-content":"","ast-featured-img":"","footer-sml-layout":"","theme-transparent-header-meta":"default","adv-header-id-meta":"","stick-header-meta":"","header-above-stick-meta":"","header-main-stick-meta":"","header-below-stick-meta":""},"product_cat":[133,87],"product_tag":[],"class_list":["post-7213","product","type-product","status-publish","has-post-thumbnail","hentry","product_cat-pantalones","product_cat-ropa"],"jetpack_sharing_enabled":true,"_links":{"self":[{"href":"https:\/\/pangeatacticalandoutdoors.com\/index.php\/wp-json\/wp\/v2\/product\/7213","targetHints":{"allow":["GET"]}}],"collection":[{"href":"https:\/\/pangeatacticalandoutdoors.com\/index.php\/wp-json\/wp\/v2\/product"}],"about":[{"href":"https:\/\/pangeatacticalandoutdoors.com\/index.php\/wp-json\/wp\/v2\/types\/product"}],"replies":[{"embeddable":true,"href":"https:\/\/pangeatacticalandoutdoors.com\/index.php\/wp-json\/wp\/v2\/comments?post=7213"}],"wp:featuredmedia":[{"embeddable":true,"href":"https:\/\/pangeatacticalandoutdoors.com\/index.php\/wp-json\/wp\/v2\/media\/7214"}],"wp:attachment":[{"href":"https:\/\/pangeatacticalandoutdoors.com\/index.php\/wp-json\/wp\/v2\/media?parent=7213"}],"wp:term":[{"taxonomy":"product_cat","embeddable":true,"href":"https:\/\/pangeatacticalandoutdoors.com\/index.php\/wp-json\/wp\/v2\/product_cat?post=7213"},{"taxonomy":"product_tag","embeddable":true,"href":"https:\/\/pangeatacticalandoutdoors.com\/index.php\/wp-json\/wp\/v2\/product_tag?post=7213"}],"curies":[{"name":"wp","href":"https:\/\/api.w.org\/{rel}","templated":true}]}}