{"id":7209,"date":"2022-08-02T14:41:36","date_gmt":"2022-08-02T19:41:36","guid":{"rendered":"https:\/\/pangeatacticalandoutdoors.com\/?post_type=product&#038;p=7209"},"modified":"2022-08-02T14:41:36","modified_gmt":"2022-08-02T19:41:36","slug":"altec-camisa-tacpro-tela-radio","status":"publish","type":"product","link":"https:\/\/pangeatacticalandoutdoors.com\/index.php\/producto\/altec-camisa-tacpro-tela-radio\/","title":{"rendered":"ALTEC-CAMISA TACPRO TELA RADIO"},"content":{"rendered":"<p><em>Camisola t\u00e1ctica en tela antidesgarre (rip stop), fresca y ligera, confeccionada con dobles y triples<\/em><br \/>\n<em>costuras, parche porta pluma a manera de bolsa, sistemas de cierres mediante contactel y bot\u00f3n<\/em><br \/>\n<em>oculto en la punta del cuello para darle cuerpo al mismo, apertura en la espalda para mayor<\/em><br \/>\n<em>ventilaci\u00f3n. Bolsas ocultas en el pecho, adem\u00e1s de ojillo para cable de aud\u00edfonos.<\/em><\/p>\n","protected":false},"excerpt":{"rendered":"<p>Camisola t\u00e1ctica en tela antidesgarre (rip stop), fresca y ligera, confeccionada con dobles y triples costuras, parche porta pluma a manera de bolsa, sistemas de cierres mediante contactel y bot\u00f3n oculto en la punta del cuello para darle cuerpo al mismo, apertura en la espalda para mayor ventilaci\u00f3n. Bolsas ocultas en el pecho, adem\u00e1s de &hellip;<\/p>\n<p class=\"read-more\"> <a class=\"\" href=\"https:\/\/pangeatacticalandoutdoors.com\/index.php\/producto\/altec-camisa-tacpro-tela-radio\/\"> <span class=\"screen-reader-text\">ALTEC-CAMISA TACPRO TELA RADIO<\/span> Leer m\u00e1s &raquo;<\/a><\/p>\n","protected":false},"featured_media":7210,"comment_status":"open","ping_status":"closed","template":"","meta":{"site-sidebar-layout":"default","site-content-layout":"default","ast-global-header-display":"","ast-main-header-display":"","ast-hfb-above-header-display":"","ast-hfb-below-header-display":"","ast-hfb-mobile-header-display":"","site-post-title":"","ast-breadcrumbs-content":"","ast-featured-img":"","footer-sml-layout":"","theme-transparent-header-meta":"default","adv-header-id-meta":"","stick-header-meta":"","header-above-stick-meta":"","header-main-stick-meta":"","header-below-stick-meta":""},"product_cat":[132,87],"product_tag":[],"class_list":["post-7209","product","type-product","status-publish","has-post-thumbnail","hentry","product_cat-camisas","product_cat-ropa"],"jetpack_sharing_enabled":true,"_links":{"self":[{"href":"https:\/\/pangeatacticalandoutdoors.com\/index.php\/wp-json\/wp\/v2\/product\/7209","targetHints":{"allow":["GET"]}}],"collection":[{"href":"https:\/\/pangeatacticalandoutdoors.com\/index.php\/wp-json\/wp\/v2\/product"}],"about":[{"href":"https:\/\/pangeatacticalandoutdoors.com\/index.php\/wp-json\/wp\/v2\/types\/product"}],"replies":[{"embeddable":true,"href":"https:\/\/pangeatacticalandoutdoors.com\/index.php\/wp-json\/wp\/v2\/comments?post=7209"}],"wp:featuredmedia":[{"embeddable":true,"href":"https:\/\/pangeatacticalandoutdoors.com\/index.php\/wp-json\/wp\/v2\/media\/7210"}],"wp:attachment":[{"href":"https:\/\/pangeatacticalandoutdoors.com\/index.php\/wp-json\/wp\/v2\/media?parent=7209"}],"wp:term":[{"taxonomy":"product_cat","embeddable":true,"href":"https:\/\/pangeatacticalandoutdoors.com\/index.php\/wp-json\/wp\/v2\/product_cat?post=7209"},{"taxonomy":"product_tag","embeddable":true,"href":"https:\/\/pangeatacticalandoutdoors.com\/index.php\/wp-json\/wp\/v2\/product_tag?post=7209"}],"curies":[{"name":"wp","href":"https:\/\/api.w.org\/{rel}","templated":true}]}}