{"id":7207,"date":"2022-08-02T14:32:35","date_gmt":"2022-08-02T19:32:35","guid":{"rendered":"https:\/\/pangeatacticalandoutdoors.com\/?post_type=product&#038;p=7207"},"modified":"2023-08-09T18:29:53","modified_gmt":"2023-08-09T23:29:53","slug":"altec-camisa-tacpro-tela-mercurio","status":"publish","type":"product","link":"https:\/\/pangeatacticalandoutdoors.com\/index.php\/producto\/altec-camisa-tacpro-tela-mercurio\/","title":{"rendered":"ALTEC-CAMISA TACPRO TELA MERCURIO"},"content":{"rendered":"<p><em>Fabricada en tela ripstop, fresca y c\u00f3moda por su corte y por la composici\u00f3n de la tela, su confecci\u00f3n est\u00e1 basada en las especificaciones de FORTASEG, se cierra con botones reforzados, las bolsas son de la misma tela, todas sus costuras son dobles, triples y remachadas, tiene bolsas ocultas en el pecho, adem\u00e1s de las visibles, en la espalda cuenta con pliegues para la movilidad \u00f3ptima y segura de los brazos. Esta prenda tiene tratamiento con TEFLON original de Dupont, tratamiento contra aguas cloradas.<\/em><\/p>\n<p>&nbsp;<\/p>\n","protected":false},"excerpt":{"rendered":"<p>Fabricada en tela ripstop, fresca y c\u00f3moda por su corte y por la composici\u00f3n de la tela, su confecci\u00f3n est\u00e1 basada en las especificaciones de FORTASEG, se cierra con botones reforzados, las bolsas son de la misma tela, todas sus costuras son dobles, triples y remachadas, tiene bolsas ocultas en el pecho, adem\u00e1s de las &hellip;<\/p>\n<p class=\"read-more\"> <a class=\"\" href=\"https:\/\/pangeatacticalandoutdoors.com\/index.php\/producto\/altec-camisa-tacpro-tela-mercurio\/\"> <span class=\"screen-reader-text\">ALTEC-CAMISA TACPRO TELA MERCURIO<\/span> Leer m\u00e1s &raquo;<\/a><\/p>\n","protected":false},"featured_media":7208,"comment_status":"open","ping_status":"closed","template":"","meta":{"site-sidebar-layout":"default","site-content-layout":"default","ast-global-header-display":"","ast-main-header-display":"","ast-hfb-above-header-display":"","ast-hfb-below-header-display":"","ast-hfb-mobile-header-display":"","site-post-title":"","ast-breadcrumbs-content":"","ast-featured-img":"","footer-sml-layout":"","theme-transparent-header-meta":"default","adv-header-id-meta":"","stick-header-meta":"","header-above-stick-meta":"","header-main-stick-meta":"","header-below-stick-meta":""},"product_cat":[132,87],"product_tag":[],"class_list":["post-7207","product","type-product","status-publish","has-post-thumbnail","hentry","product_cat-camisas","product_cat-ropa"],"jetpack_sharing_enabled":true,"_links":{"self":[{"href":"https:\/\/pangeatacticalandoutdoors.com\/index.php\/wp-json\/wp\/v2\/product\/7207","targetHints":{"allow":["GET"]}}],"collection":[{"href":"https:\/\/pangeatacticalandoutdoors.com\/index.php\/wp-json\/wp\/v2\/product"}],"about":[{"href":"https:\/\/pangeatacticalandoutdoors.com\/index.php\/wp-json\/wp\/v2\/types\/product"}],"replies":[{"embeddable":true,"href":"https:\/\/pangeatacticalandoutdoors.com\/index.php\/wp-json\/wp\/v2\/comments?post=7207"}],"wp:featuredmedia":[{"embeddable":true,"href":"https:\/\/pangeatacticalandoutdoors.com\/index.php\/wp-json\/wp\/v2\/media\/7208"}],"wp:attachment":[{"href":"https:\/\/pangeatacticalandoutdoors.com\/index.php\/wp-json\/wp\/v2\/media?parent=7207"}],"wp:term":[{"taxonomy":"product_cat","embeddable":true,"href":"https:\/\/pangeatacticalandoutdoors.com\/index.php\/wp-json\/wp\/v2\/product_cat?post=7207"},{"taxonomy":"product_tag","embeddable":true,"href":"https:\/\/pangeatacticalandoutdoors.com\/index.php\/wp-json\/wp\/v2\/product_tag?post=7207"}],"curies":[{"name":"wp","href":"https:\/\/api.w.org\/{rel}","templated":true}]}}