{"id":6805,"date":"2022-05-31T18:29:44","date_gmt":"2022-05-31T23:29:44","guid":{"rendered":"https:\/\/pangeatacticalandoutdoors.com\/?post_type=product&#038;p=6805"},"modified":"2026-03-09T10:50:57","modified_gmt":"2026-03-09T16:50:57","slug":"biobel-locion-bloqueadora-solar-fps-50","status":"publish","type":"product","link":"https:\/\/pangeatacticalandoutdoors.com\/index.php\/producto\/biobel-locion-bloqueadora-solar-fps-50\/","title":{"rendered":"BIOBEL-LOCI\u00d3N BLOQUEADORA SOLAR FPS 50"},"content":{"rendered":"<h3 class=\"producto-h3 animated fadeIn\">Tipo de Piel<\/h3>\n<p class=\"animated fadeIn\">Para todo tipo de piel.<\/p>\n<h3 class=\"producto-h3 animated fadeIn\">Beneficios<\/h3>\n<p class=\"animated fadeIn\">Protege la piel de la radiaci\u00f3n solar UVA y UVB. Minimiza el riesgo de envejecimiento prematuro y enfermedades serias de la piel debidas a exposici\u00f3n prolongada al sol. Inhibe la formaci\u00f3n de radicales libres y previene la formaci\u00f3n de eritemas solares. Evita adem\u00e1s la deshidrataci\u00f3n de la piel.<\/p>\n<h3 class=\"producto-h3 animated fadeIn\">Principios Activos<\/h3>\n<p class=\"animated fadeIn\">Agua, oxido de zinc, homosalato, metoxicinamato de octilo, octocrileno, octil salicilato, benzofenona-3, dimeticona, silicato de magnesio y aluminio, goma xantan, trietanolamina, BHT, EDTA, acetato de tocoferol.<\/p>\n<h3 class=\"producto-h3 animated fadeIn\">Presentaci\u00f3n<\/h3>\n<p class=\"animated fadeIn\">Venta P\u00fablico &#8211; 125 ml<\/p>\n","protected":false},"excerpt":{"rendered":"<p>Tipo de Piel Para todo tipo de piel. Beneficios Protege la piel de la radiaci\u00f3n solar UVA y UVB. Minimiza el riesgo de envejecimiento prematuro y enfermedades serias de la piel debidas a exposici\u00f3n prolongada al sol. Inhibe la formaci\u00f3n de radicales libres y previene la formaci\u00f3n de eritemas solares. Evita adem\u00e1s la deshidrataci\u00f3n de &hellip;<\/p>\n<p class=\"read-more\"> <a class=\"\" href=\"https:\/\/pangeatacticalandoutdoors.com\/index.php\/producto\/biobel-locion-bloqueadora-solar-fps-50\/\"> <span class=\"screen-reader-text\">BIOBEL-LOCI\u00d3N BLOQUEADORA SOLAR FPS 50<\/span> Leer m\u00e1s &raquo;<\/a><\/p>\n","protected":false},"featured_media":6803,"comment_status":"open","ping_status":"closed","template":"","meta":{"site-sidebar-layout":"default","site-content-layout":"default","ast-global-header-display":"","ast-main-header-display":"","ast-hfb-above-header-display":"","ast-hfb-below-header-display":"","ast-hfb-mobile-header-display":"","site-post-title":"","ast-breadcrumbs-content":"","ast-featured-img":"","footer-sml-layout":"","theme-transparent-header-meta":"default","adv-header-id-meta":"","stick-header-meta":"","header-above-stick-meta":"","header-main-stick-meta":"","header-below-stick-meta":""},"product_cat":[90,455],"product_tag":[],"class_list":["post-6805","product","type-product","status-publish","has-post-thumbnail","hentry","product_cat-accesorios","product_cat-cuidado-facial"],"jetpack_sharing_enabled":true,"_links":{"self":[{"href":"https:\/\/pangeatacticalandoutdoors.com\/index.php\/wp-json\/wp\/v2\/product\/6805","targetHints":{"allow":["GET"]}}],"collection":[{"href":"https:\/\/pangeatacticalandoutdoors.com\/index.php\/wp-json\/wp\/v2\/product"}],"about":[{"href":"https:\/\/pangeatacticalandoutdoors.com\/index.php\/wp-json\/wp\/v2\/types\/product"}],"replies":[{"embeddable":true,"href":"https:\/\/pangeatacticalandoutdoors.com\/index.php\/wp-json\/wp\/v2\/comments?post=6805"}],"wp:featuredmedia":[{"embeddable":true,"href":"https:\/\/pangeatacticalandoutdoors.com\/index.php\/wp-json\/wp\/v2\/media\/6803"}],"wp:attachment":[{"href":"https:\/\/pangeatacticalandoutdoors.com\/index.php\/wp-json\/wp\/v2\/media?parent=6805"}],"wp:term":[{"taxonomy":"product_cat","embeddable":true,"href":"https:\/\/pangeatacticalandoutdoors.com\/index.php\/wp-json\/wp\/v2\/product_cat?post=6805"},{"taxonomy":"product_tag","embeddable":true,"href":"https:\/\/pangeatacticalandoutdoors.com\/index.php\/wp-json\/wp\/v2\/product_tag?post=6805"}],"curies":[{"name":"wp","href":"https:\/\/api.w.org\/{rel}","templated":true}]}}