{"id":6792,"date":"2022-05-31T14:11:53","date_gmt":"2022-05-31T19:11:53","guid":{"rendered":"https:\/\/pangeatacticalandoutdoors.com\/?post_type=product&#038;p=6792"},"modified":"2023-05-15T13:20:06","modified_gmt":"2023-05-15T18:20:06","slug":"bd-rocklock-twistlock-carabiner","status":"publish","type":"product","link":"https:\/\/pangeatacticalandoutdoors.com\/index.php\/producto\/bd-rocklock-twistlock-carabiner\/","title":{"rendered":"BD-ROCKLOCK TWISTLOCK CARABINER"},"content":{"rendered":"<div class=\"product-description-container\" data-v-1fe25123=\"\">\n<div class=\"product-description\" data-v-1fe25123=\"\"><em>Nuestro casillero m\u00e1s grande para asegurar y descender, el mosquet\u00f3n Black Diamond RockLock cuenta con una punta de bloqueo de llave, es compatible con Munter Hitch y el manguito de bloqueo giratorio de bloqueo autom\u00e1tico se puede operar con una mano.\u00a0Ahora, con una construcci\u00f3n liviana forjada en caliente, una columna redise\u00f1ada para un mejor manejo y una superficie de soporte de cuerda m\u00e1s grande para una mayor durabilidad, el RockLock es el dispositivo de seguridad para escalar todos los d\u00edas, temporada tras temporada.<\/em><\/div>\n<div data-v-1fe25123=\"\"><\/div>\n<\/div>\n<div class=\"product-bullets-container\" data-v-1fe25123=\"\">\n<div class=\"visually-hidden\" data-v-1fe25123=\"\"><strong>CARACTER\u00cdSTICAS:<\/strong><\/div>\n<div data-v-1fe25123=\"\"><\/div>\n<div class=\"product-bullets\" data-v-1fe25123=\"\">\n<ul>\n<li>Forjado en caliente para una construcci\u00f3n m\u00e1s liviana<\/li>\n<li>El extremo de la bisagra cuadrada mantiene el bucle de seguridad en su lugar de forma segura.<\/li>\n<li>El lomo ligeramente curvado maximiza la apertura de la puerta<\/li>\n<li>La nariz Keylock evita que se enganche<\/li>\n<li>Operable con una sola mano<\/li>\n<li>Manguito Twistlock con autobloqueo<\/li>\n<li>Conector tipo H o HMS.\u00a0Para aseguramiento din\u00e1mico utilizando un Munter Hitch o un dispositivo de aseguramiento.<\/li>\n<li class=\"tech-spec-item\" data-v-1fe25123=\"\"><span class=\"tech-spec-label\" data-v-1fe25123=\"\">Peso: <\/span><span class=\"tech-spec-value\" data-v-1fe25123=\"\">89 g (3,1 onzas)<\/span><\/li>\n<li class=\"tech-spec-item\" data-v-1fe25123=\"\"><span class=\"tech-spec-label\" data-v-1fe25123=\"\">Fuerza De Puerta Cerrada: <\/span><span class=\"tech-spec-value\" data-v-1fe25123=\"\">24 kN (5395 lbf)<\/span><\/li>\n<li class=\"tech-spec-item\" data-v-1fe25123=\"\"><span class=\"tech-spec-label\" data-v-1fe25123=\"\">Fuerza De Puerta Abierta: <\/span><span class=\"tech-spec-value\" data-v-1fe25123=\"\">8 kN (1798 lbf)<\/span><\/li>\n<li class=\"tech-spec-item\" data-v-1fe25123=\"\"><span class=\"tech-spec-label\" data-v-1fe25123=\"\">Apertura De Puerta: <\/span><span class=\"tech-spec-value\" data-v-1fe25123=\"\">24 mm (0,95 pulgadas)<\/span><\/li>\n<li class=\"tech-spec-item\" data-v-1fe25123=\"\"><span class=\"tech-spec-label\" data-v-1fe25123=\"\">Fuerza Del Eje Menor: <\/span><span class=\"tech-spec-value\" data-v-1fe25123=\"\">8 kN (1798 lbf)<\/span><\/li>\n<\/ul>\n<\/div>\n<\/div>\n","protected":false},"excerpt":{"rendered":"<p>Nuestro casillero m\u00e1s grande para asegurar y descender, el mosquet\u00f3n Black Diamond RockLock cuenta con una punta de bloqueo de llave, es compatible con Munter Hitch y el manguito de bloqueo giratorio de bloqueo autom\u00e1tico se puede operar con una mano.\u00a0Ahora, con una construcci\u00f3n liviana forjada en caliente, una columna redise\u00f1ada para un mejor manejo &hellip;<\/p>\n<p class=\"read-more\"> <a class=\"\" href=\"https:\/\/pangeatacticalandoutdoors.com\/index.php\/producto\/bd-rocklock-twistlock-carabiner\/\"> <span class=\"screen-reader-text\">BD-ROCKLOCK TWISTLOCK CARABINER<\/span> Leer m\u00e1s &raquo;<\/a><\/p>\n","protected":false},"featured_media":6793,"comment_status":"open","ping_status":"closed","template":"","meta":{"site-sidebar-layout":"default","site-content-layout":"default","ast-global-header-display":"","ast-main-header-display":"","ast-hfb-above-header-display":"","ast-hfb-below-header-display":"","ast-hfb-mobile-header-display":"","site-post-title":"","ast-breadcrumbs-content":"","ast-featured-img":"","footer-sml-layout":"","theme-transparent-header-meta":"default","adv-header-id-meta":"","stick-header-meta":"","header-above-stick-meta":"","header-main-stick-meta":"","header-below-stick-meta":""},"product_cat":[172,88],"product_tag":[],"class_list":["post-6792","product","type-product","status-publish","has-post-thumbnail","hentry","product_cat-mosquetones","product_cat-campismo"],"jetpack_sharing_enabled":true,"_links":{"self":[{"href":"https:\/\/pangeatacticalandoutdoors.com\/index.php\/wp-json\/wp\/v2\/product\/6792","targetHints":{"allow":["GET"]}}],"collection":[{"href":"https:\/\/pangeatacticalandoutdoors.com\/index.php\/wp-json\/wp\/v2\/product"}],"about":[{"href":"https:\/\/pangeatacticalandoutdoors.com\/index.php\/wp-json\/wp\/v2\/types\/product"}],"replies":[{"embeddable":true,"href":"https:\/\/pangeatacticalandoutdoors.com\/index.php\/wp-json\/wp\/v2\/comments?post=6792"}],"wp:featuredmedia":[{"embeddable":true,"href":"https:\/\/pangeatacticalandoutdoors.com\/index.php\/wp-json\/wp\/v2\/media\/6793"}],"wp:attachment":[{"href":"https:\/\/pangeatacticalandoutdoors.com\/index.php\/wp-json\/wp\/v2\/media?parent=6792"}],"wp:term":[{"taxonomy":"product_cat","embeddable":true,"href":"https:\/\/pangeatacticalandoutdoors.com\/index.php\/wp-json\/wp\/v2\/product_cat?post=6792"},{"taxonomy":"product_tag","embeddable":true,"href":"https:\/\/pangeatacticalandoutdoors.com\/index.php\/wp-json\/wp\/v2\/product_tag?post=6792"}],"curies":[{"name":"wp","href":"https:\/\/api.w.org\/{rel}","templated":true}]}}