{"id":6656,"date":"2022-05-20T12:55:52","date_gmt":"2022-05-20T17:55:52","guid":{"rendered":"https:\/\/pangeatacticalandoutdoors.com\/?post_type=product&#038;p=6656"},"modified":"2022-05-20T12:55:52","modified_gmt":"2022-05-20T17:55:52","slug":"lazzar-pantalon-industrial-de-mezclilla-para-hombre","status":"publish","type":"product","link":"https:\/\/pangeatacticalandoutdoors.com\/index.php\/producto\/lazzar-pantalon-industrial-de-mezclilla-para-hombre\/","title":{"rendered":"LAZZAR-PANTAL\u00d3N INDUSTRIAL DE MEZCLILLA PARA HOMBRE"},"content":{"rendered":"<p><em>Corte Operativo Mezclilla Industrial en 14.5 oz.<\/em><\/p>\n<p><strong>CARACTER\u00cdSTICAS:<\/strong><\/p>\n<ul>\n<li>PANTAL\u00d3N DE MEZCLILLA DE HOMBRE OPERATIVO INDUSTRIAL<\/li>\n<li>Pantal\u00f3n de mezclilla industrial, 14 oz.<\/li>\n<li>Double Stone Wash<\/li>\n<li>Ultra Suavizado.<\/li>\n<li>100% Algod\u00f3n.<\/li>\n<\/ul>\n","protected":false},"excerpt":{"rendered":"<p>Corte Operativo Mezclilla Industrial en 14.5 oz. CARACTER\u00cdSTICAS: PANTAL\u00d3N DE MEZCLILLA DE HOMBRE OPERATIVO INDUSTRIAL Pantal\u00f3n de mezclilla industrial, 14 oz. Double Stone Wash Ultra Suavizado. 100% Algod\u00f3n.<\/p>\n","protected":false},"featured_media":6659,"comment_status":"open","ping_status":"closed","template":"","meta":{"site-sidebar-layout":"default","site-content-layout":"default","ast-global-header-display":"","ast-main-header-display":"","ast-hfb-above-header-display":"","ast-hfb-below-header-display":"","ast-hfb-mobile-header-display":"","site-post-title":"","ast-breadcrumbs-content":"","ast-featured-img":"","footer-sml-layout":"","theme-transparent-header-meta":"default","adv-header-id-meta":"","stick-header-meta":"","header-above-stick-meta":"","header-main-stick-meta":"","header-below-stick-meta":""},"product_cat":[448,87],"product_tag":[],"class_list":["post-6656","product","type-product","status-publish","has-post-thumbnail","hentry","product_cat-pantalon-industrial","product_cat-ropa"],"jetpack_sharing_enabled":true,"_links":{"self":[{"href":"https:\/\/pangeatacticalandoutdoors.com\/index.php\/wp-json\/wp\/v2\/product\/6656","targetHints":{"allow":["GET"]}}],"collection":[{"href":"https:\/\/pangeatacticalandoutdoors.com\/index.php\/wp-json\/wp\/v2\/product"}],"about":[{"href":"https:\/\/pangeatacticalandoutdoors.com\/index.php\/wp-json\/wp\/v2\/types\/product"}],"replies":[{"embeddable":true,"href":"https:\/\/pangeatacticalandoutdoors.com\/index.php\/wp-json\/wp\/v2\/comments?post=6656"}],"wp:featuredmedia":[{"embeddable":true,"href":"https:\/\/pangeatacticalandoutdoors.com\/index.php\/wp-json\/wp\/v2\/media\/6659"}],"wp:attachment":[{"href":"https:\/\/pangeatacticalandoutdoors.com\/index.php\/wp-json\/wp\/v2\/media?parent=6656"}],"wp:term":[{"taxonomy":"product_cat","embeddable":true,"href":"https:\/\/pangeatacticalandoutdoors.com\/index.php\/wp-json\/wp\/v2\/product_cat?post=6656"},{"taxonomy":"product_tag","embeddable":true,"href":"https:\/\/pangeatacticalandoutdoors.com\/index.php\/wp-json\/wp\/v2\/product_tag?post=6656"}],"curies":[{"name":"wp","href":"https:\/\/api.w.org\/{rel}","templated":true}]}}