{"id":6650,"date":"2022-05-19T14:08:18","date_gmt":"2022-05-19T19:08:18","guid":{"rendered":"https:\/\/pangeatacticalandoutdoors.com\/?post_type=product&#038;p=6650"},"modified":"2026-01-14T20:16:16","modified_gmt":"2026-01-15T02:16:16","slug":"5-11-taclite-tdu-short-sleeve-shirt","status":"publish","type":"product","link":"https:\/\/pangeatacticalandoutdoors.com\/index.php\/producto\/5-11-taclite-tdu-short-sleeve-shirt\/","title":{"rendered":"5.11-TACLITE TDU SHORT SLEEVE SHIRT"},"content":{"rendered":"<div class=\"description product-description-full col-xs-12\">\n<p><em>La camisa TDU\u00ae de manga corta Taclite\u00ae es una alternativa r\u00e1pida y \u00e1gil a las antiguas l\u00edneas de productos BDU, que ofrece un marco m\u00e1s fuerte y materiales m\u00e1s livianos para un rendimiento superior que no lo detendr\u00e1.<\/em><\/p>\n<p><strong>CARACTER\u00cdSTICAS:<\/strong><\/p>\n<\/div>\n<div id=\"product-detail-secondary\" class=\"product-description-features col-xs-12\">\n<div class=\"\">\n<ul>\n<li><span>Ligero, duradero, transpirable.<\/span><\/li>\n<li><span>Reemplaza las antiguas l\u00edneas de productos BDU<\/span><\/li>\n<li><span>Hombro bi-swing para un mayor rango de movimiento<\/span><\/li>\n<li><span>Construido a partir de 4.4 oz.\u00a0tejido ripstop TACLITE\u00ae<\/span><\/li>\n<li><span>Tratado con Teflon\u00ae para resistir las manchas y la suciedad<\/span><\/li>\n<li><span>5.11\u00ae Ready Pocket\u2122 en el pecho para guardar documentos o un tel\u00e9fono<\/span><\/li>\n<li><span>Construcci\u00f3n de triple puntada.<\/span><\/li>\n<li><span>Presillas en puntos clave de tensi\u00f3n<\/span><\/li>\n<li><span>Los resistentes botones de melamina no se queman, agrietan ni derriten.<\/span><\/li>\n<li><span>Pesta\u00f1a de insignia y kit de charretera incluidos<\/span><\/li>\n<li><span>Importado<\/span><\/li>\n<\/ul>\n<\/div>\n<\/div>\n","protected":false},"excerpt":{"rendered":"<p>La camisa TDU\u00ae de manga corta Taclite\u00ae es una alternativa r\u00e1pida y \u00e1gil a las antiguas l\u00edneas de productos BDU, que ofrece un marco m\u00e1s fuerte y materiales m\u00e1s livianos para un rendimiento superior que no lo detendr\u00e1. CARACTER\u00cdSTICAS: Ligero, duradero, transpirable. Reemplaza las antiguas l\u00edneas de productos BDU Hombro bi-swing para un mayor rango &hellip;<\/p>\n<p class=\"read-more\"> <a class=\"\" href=\"https:\/\/pangeatacticalandoutdoors.com\/index.php\/producto\/5-11-taclite-tdu-short-sleeve-shirt\/\"> <span class=\"screen-reader-text\">5.11-TACLITE TDU SHORT SLEEVE SHIRT<\/span> Leer m\u00e1s &raquo;<\/a><\/p>\n","protected":false},"featured_media":6651,"comment_status":"open","ping_status":"closed","template":"","meta":{"site-sidebar-layout":"default","site-content-layout":"default","ast-global-header-display":"","ast-main-header-display":"","ast-hfb-above-header-display":"","ast-hfb-below-header-display":"","ast-hfb-mobile-header-display":"","site-post-title":"","ast-breadcrumbs-content":"","ast-featured-img":"","footer-sml-layout":"","theme-transparent-header-meta":"default","adv-header-id-meta":"","stick-header-meta":"","header-above-stick-meta":"","header-main-stick-meta":"","header-below-stick-meta":""},"product_cat":[132,87],"product_tag":[],"class_list":["post-6650","product","type-product","status-publish","has-post-thumbnail","hentry","product_cat-camisas","product_cat-ropa"],"jetpack_sharing_enabled":true,"_links":{"self":[{"href":"https:\/\/pangeatacticalandoutdoors.com\/index.php\/wp-json\/wp\/v2\/product\/6650","targetHints":{"allow":["GET"]}}],"collection":[{"href":"https:\/\/pangeatacticalandoutdoors.com\/index.php\/wp-json\/wp\/v2\/product"}],"about":[{"href":"https:\/\/pangeatacticalandoutdoors.com\/index.php\/wp-json\/wp\/v2\/types\/product"}],"replies":[{"embeddable":true,"href":"https:\/\/pangeatacticalandoutdoors.com\/index.php\/wp-json\/wp\/v2\/comments?post=6650"}],"wp:featuredmedia":[{"embeddable":true,"href":"https:\/\/pangeatacticalandoutdoors.com\/index.php\/wp-json\/wp\/v2\/media\/6651"}],"wp:attachment":[{"href":"https:\/\/pangeatacticalandoutdoors.com\/index.php\/wp-json\/wp\/v2\/media?parent=6650"}],"wp:term":[{"taxonomy":"product_cat","embeddable":true,"href":"https:\/\/pangeatacticalandoutdoors.com\/index.php\/wp-json\/wp\/v2\/product_cat?post=6650"},{"taxonomy":"product_tag","embeddable":true,"href":"https:\/\/pangeatacticalandoutdoors.com\/index.php\/wp-json\/wp\/v2\/product_tag?post=6650"}],"curies":[{"name":"wp","href":"https:\/\/api.w.org\/{rel}","templated":true}]}}