{"id":6616,"date":"2022-05-14T13:59:11","date_gmt":"2022-05-14T18:59:11","guid":{"rendered":"https:\/\/pangeatacticalandoutdoors.com\/?post_type=product&#038;p=6616"},"modified":"2022-07-27T12:49:31","modified_gmt":"2022-07-27T17:49:31","slug":"5-11-fast-tac-cargo-pant","status":"publish","type":"product","link":"https:\/\/pangeatacticalandoutdoors.com\/index.php\/producto\/5-11-fast-tac-cargo-pant\/","title":{"rendered":"5.11-FAST-TAC CARGO PANT"},"content":{"rendered":"<div class=\"description product-description-full col-xs-12\">\n<div data-content-type=\"row\" data-appearance=\"contained\" data-element=\"main\">\n<div data-enable-parallax=\"0\" data-parallax-speed=\"0.5\" data-background-images=\"{}\" data-element=\"inner\">\n<div data-content-type=\"html\" data-appearance=\"default\" data-element=\"main\" data-decoded=\"true\">\n<p><em>5.11\u00ae presenta el pantal\u00f3n cargo Fast-Tac\u2122, dise\u00f1ado para ser el mejor pantal\u00f3n para la ropa de trabajo diaria sin dejar de ser transpirable y flexible gracias a las presillas en los puntos de tensi\u00f3n y la construcci\u00f3n con fuelle.<\/em><\/p>\n<p><strong>CARACTER\u00cdSTICAS:<\/strong><\/p>\n<\/div>\n<\/div>\n<\/div>\n<\/div>\n<div id=\"product-detail-secondary\" class=\"product-description-features col-xs-12\">\n<div class=\"\">\n<ul>\n<li>Peso ligero de 4,7 onzas.\u00a0Tejido 100 % poli\u00e9ster Fast-Tac\u2122 fabricado para una m\u00e1xima durabilidad para resistir el uso intensivo<\/li>\n<li>Acabado resistente al agua<\/li>\n<li>9 bolsillos totales<\/li>\n<li>Bolsillos dobles para revistas en el canes\u00fa trasero<\/li>\n<li>Bolsillos de carga con fuelles laterales para mayor capacidad<\/li>\n<li>Bordes de los bolsillos delanteros reforzados<\/li>\n<li>Cintura flexible y autoajustable con 7 trabillas<\/li>\n<li>Presilla en la esquina de la mosca<\/li>\n<li>Refuerzo de nailon en el cargador trasero y en los bolsillos utilitarios delanteros<\/li>\n<li>Construcci\u00f3n reforzada para mejorar la fuerza de la costura.<\/li>\n<li>Cremalleras YKK\u00ae<\/li>\n<li>27 ligne Bot\u00f3n de melamina para cierre delantero central<\/li>\n<li>Importado<\/li>\n<\/ul>\n<\/div>\n<\/div>\n","protected":false},"excerpt":{"rendered":"<p>5.11\u00ae presenta el pantal\u00f3n cargo Fast-Tac\u2122, dise\u00f1ado para ser el mejor pantal\u00f3n para la ropa de trabajo diaria sin dejar de ser transpirable y flexible gracias a las presillas en los puntos de tensi\u00f3n y la construcci\u00f3n con fuelle. CARACTER\u00cdSTICAS: Peso ligero de 4,7 onzas.\u00a0Tejido 100 % poli\u00e9ster Fast-Tac\u2122 fabricado para una m\u00e1xima durabilidad para &hellip;<\/p>\n<p class=\"read-more\"> <a class=\"\" href=\"https:\/\/pangeatacticalandoutdoors.com\/index.php\/producto\/5-11-fast-tac-cargo-pant\/\"> <span class=\"screen-reader-text\">5.11-FAST-TAC CARGO PANT<\/span> Leer m\u00e1s &raquo;<\/a><\/p>\n","protected":false},"featured_media":6619,"comment_status":"open","ping_status":"closed","template":"","meta":{"site-sidebar-layout":"default","site-content-layout":"default","ast-global-header-display":"","ast-main-header-display":"","ast-hfb-above-header-display":"","ast-hfb-below-header-display":"","ast-hfb-mobile-header-display":"","site-post-title":"","ast-breadcrumbs-content":"","ast-featured-img":"","footer-sml-layout":"","theme-transparent-header-meta":"default","adv-header-id-meta":"","stick-header-meta":"","header-above-stick-meta":"","header-main-stick-meta":"","header-below-stick-meta":""},"product_cat":[133,87],"product_tag":[],"class_list":["post-6616","product","type-product","status-publish","has-post-thumbnail","hentry","product_cat-pantalones","product_cat-ropa"],"jetpack_sharing_enabled":true,"_links":{"self":[{"href":"https:\/\/pangeatacticalandoutdoors.com\/index.php\/wp-json\/wp\/v2\/product\/6616","targetHints":{"allow":["GET"]}}],"collection":[{"href":"https:\/\/pangeatacticalandoutdoors.com\/index.php\/wp-json\/wp\/v2\/product"}],"about":[{"href":"https:\/\/pangeatacticalandoutdoors.com\/index.php\/wp-json\/wp\/v2\/types\/product"}],"replies":[{"embeddable":true,"href":"https:\/\/pangeatacticalandoutdoors.com\/index.php\/wp-json\/wp\/v2\/comments?post=6616"}],"wp:featuredmedia":[{"embeddable":true,"href":"https:\/\/pangeatacticalandoutdoors.com\/index.php\/wp-json\/wp\/v2\/media\/6619"}],"wp:attachment":[{"href":"https:\/\/pangeatacticalandoutdoors.com\/index.php\/wp-json\/wp\/v2\/media?parent=6616"}],"wp:term":[{"taxonomy":"product_cat","embeddable":true,"href":"https:\/\/pangeatacticalandoutdoors.com\/index.php\/wp-json\/wp\/v2\/product_cat?post=6616"},{"taxonomy":"product_tag","embeddable":true,"href":"https:\/\/pangeatacticalandoutdoors.com\/index.php\/wp-json\/wp\/v2\/product_tag?post=6616"}],"curies":[{"name":"wp","href":"https:\/\/api.w.org\/{rel}","templated":true}]}}