{"id":6608,"date":"2022-05-14T13:29:55","date_gmt":"2022-05-14T18:29:55","guid":{"rendered":"https:\/\/pangeatacticalandoutdoors.com\/?post_type=product&#038;p=6608"},"modified":"2022-07-09T13:28:29","modified_gmt":"2022-07-09T18:28:29","slug":"5-11-vent-tac-hat-89134","status":"publish","type":"product","link":"https:\/\/pangeatacticalandoutdoors.com\/index.php\/producto\/5-11-vent-tac-hat-89134\/","title":{"rendered":"5.11-VENT-TAC HAT 89134"},"content":{"rendered":"<div class=\"product-detail-container main-content-description row eq-height\" data-gtm-vis-recent-on-screen-8072910_745=\"5569\" data-gtm-vis-first-on-screen-8072910_745=\"5569\" data-gtm-vis-total-visible-time-8072910_745=\"100\" data-gtm-vis-has-fired-8072910_745=\"1\">\n<div class=\"description product-description-full col-xs-12\">\n<p><em>Bienvenido a la comodidad liviana y la durabilidad superior en pr\u00e1cticamente cualquier entorno.\u00a0Nuestros sombreros pueden ser la mejor manera de proteger su cabeza, adem\u00e1s de un casco.\u00a0Prep\u00e1rate, est\u00e1 encendido.<\/em><\/p>\n<p><strong>CARACTER\u00cdSTICAS:<\/strong><\/p>\n<\/div>\n<div id=\"product-detail-secondary\" class=\"product-description-features col-xs-12\">\n<div class=\"\">\n<ul>\n<li>Tejido el\u00e1stico en 4 direcciones con caracter\u00edsticas Vent-Tac\u2122<\/li>\n<li>Comodidad fresca y ligera.<\/li>\n<li>construcci\u00f3n de 6 paneles<\/li>\n<li>Paneles frontales forrados Buckram para estructura<\/li>\n<li>Banda para el sudor flexible el\u00e1stica en 4 direcciones<\/li>\n<li>Logotipos de 5.11 en el borde lateral, en la parte superior de la corona y en la banda para el sudor<\/li>\n<li>Importado<\/li>\n<\/ul>\n<\/div>\n<\/div>\n<\/div>\n<div id=\"product-specs\" class=\"product-description-specifications product-detail-container clearfix\"><\/div>\n<div id=\"product-tech\" class=\"product-details-tech product-detail-container col-md-12 col-sm-12 col-xs-12 clearfix\">\n<div class=\"row\"><\/div>\n<\/div>\n<div id=\"product-recommend\" class=\"product-details-recommend recommended clearfix\">\n<div data-dy-embedded-object=\"true\">\n<div class=\"dy_unit dy_smart_object_1037599 dyother dyMonitor\" data-dy-exp-id=\"1050668\" data-dy-var-id=\"25681259\" data-dy-ver-data=\"11138316::0:1652551334459:188:28376:1:0:0\" data-dy-att-method=\"2\" data-dy-att-seq=\"28376\" data-adid=\"smart_object_1037599||1473|||\">\n<div id=\"dy-recommendations-14364929\" class=\"col-md-12 col-sm-12 col-xs-12 clearfix\">\n<div class=\"dy-recommendations__title-container\"><\/div>\n<\/div>\n<\/div>\n<\/div>\n<\/div>\n","protected":false},"excerpt":{"rendered":"<p>Bienvenido a la comodidad liviana y la durabilidad superior en pr\u00e1cticamente cualquier entorno.\u00a0Nuestros sombreros pueden ser la mejor manera de proteger su cabeza, adem\u00e1s de un casco.\u00a0Prep\u00e1rate, est\u00e1 encendido. CARACTER\u00cdSTICAS: Tejido el\u00e1stico en 4 direcciones con caracter\u00edsticas Vent-Tac\u2122 Comodidad fresca y ligera. construcci\u00f3n de 6 paneles Paneles frontales forrados Buckram para estructura Banda para el &hellip;<\/p>\n<p class=\"read-more\"> <a class=\"\" href=\"https:\/\/pangeatacticalandoutdoors.com\/index.php\/producto\/5-11-vent-tac-hat-89134\/\"> <span class=\"screen-reader-text\">5.11-VENT-TAC HAT 89134<\/span> Leer m\u00e1s &raquo;<\/a><\/p>\n","protected":false},"featured_media":6614,"comment_status":"open","ping_status":"closed","template":"","meta":{"site-sidebar-layout":"default","site-content-layout":"default","ast-global-header-display":"","ast-main-header-display":"","ast-hfb-above-header-display":"","ast-hfb-below-header-display":"","ast-hfb-mobile-header-display":"","site-post-title":"","ast-breadcrumbs-content":"","ast-featured-img":"","footer-sml-layout":"","theme-transparent-header-meta":"default","adv-header-id-meta":"","stick-header-meta":"","header-above-stick-meta":"","header-main-stick-meta":"","header-below-stick-meta":""},"product_cat":[90,134],"product_tag":[],"class_list":["post-6608","product","type-product","status-publish","has-post-thumbnail","hentry","product_cat-accesorios","product_cat-gorras"],"jetpack_sharing_enabled":true,"_links":{"self":[{"href":"https:\/\/pangeatacticalandoutdoors.com\/index.php\/wp-json\/wp\/v2\/product\/6608","targetHints":{"allow":["GET"]}}],"collection":[{"href":"https:\/\/pangeatacticalandoutdoors.com\/index.php\/wp-json\/wp\/v2\/product"}],"about":[{"href":"https:\/\/pangeatacticalandoutdoors.com\/index.php\/wp-json\/wp\/v2\/types\/product"}],"replies":[{"embeddable":true,"href":"https:\/\/pangeatacticalandoutdoors.com\/index.php\/wp-json\/wp\/v2\/comments?post=6608"}],"wp:featuredmedia":[{"embeddable":true,"href":"https:\/\/pangeatacticalandoutdoors.com\/index.php\/wp-json\/wp\/v2\/media\/6614"}],"wp:attachment":[{"href":"https:\/\/pangeatacticalandoutdoors.com\/index.php\/wp-json\/wp\/v2\/media?parent=6608"}],"wp:term":[{"taxonomy":"product_cat","embeddable":true,"href":"https:\/\/pangeatacticalandoutdoors.com\/index.php\/wp-json\/wp\/v2\/product_cat?post=6608"},{"taxonomy":"product_tag","embeddable":true,"href":"https:\/\/pangeatacticalandoutdoors.com\/index.php\/wp-json\/wp\/v2\/product_tag?post=6608"}],"curies":[{"name":"wp","href":"https:\/\/api.w.org\/{rel}","templated":true}]}}