{"id":6580,"date":"2022-05-12T12:59:32","date_gmt":"2022-05-12T17:59:32","guid":{"rendered":"https:\/\/pangeatacticalandoutdoors.com\/?post_type=product&#038;p=6580"},"modified":"2026-02-12T15:30:12","modified_gmt":"2026-02-12T21:30:12","slug":"5-11-pantalon-cargo-fast-tac-para-mujer","status":"publish","type":"product","link":"https:\/\/pangeatacticalandoutdoors.com\/index.php\/producto\/5-11-pantalon-cargo-fast-tac-para-mujer\/","title":{"rendered":"5.11-PANTAL\u00d3N CARGO FAST-TAC PARA MUJER"},"content":{"rendered":"<div class=\"description product-description-full col-xs-12\">\n<div data-content-type=\"row\" data-appearance=\"contained\" data-element=\"main\">\n<div data-enable-parallax=\"0\" data-parallax-speed=\"0.5\" data-background-images=\"{}\" data-element=\"inner\">\n<div data-content-type=\"html\" data-appearance=\"default\" data-element=\"main\" data-decoded=\"true\"><em>El pantal\u00f3n cargo Fast-Tac\u2122 para mujer es la viva imagen de la profesionalidad y el rendimiento. Hecho para una utilidad, comodidad y durabilidad \u00f3ptimas, est\u00e1 listo para cualquier tarea.\u00a0<\/em><\/div>\n<\/div>\n<div data-content-type=\"html\" data-appearance=\"default\" data-element=\"main\" data-decoded=\"true\"><\/div>\n<\/div>\n<\/div>\n<p><strong>CARACTER\u00cdSTICAS:<\/strong><\/p>\n<div class=\"description product-description-full col-xs-12\">\n<div data-content-type=\"row\" data-appearance=\"contained\" data-element=\"main\">\n<div data-enable-parallax=\"0\" data-parallax-speed=\"0.5\" data-background-images=\"{}\" data-element=\"inner\">\n<div data-content-type=\"html\" data-appearance=\"default\" data-element=\"main\" data-decoded=\"true\">\n<ul>\n<li>Regular &#8211; Entrepierna de 32&#8243;<\/li>\n<li>Largo: entrepierna de 35&#8243;<\/li>\n<li>Tejido ligero y duradero.<\/li>\n<li>Cintura c\u00f3moda con panel de tejido el\u00e1stico en 4 direcciones.<\/li>\n<li>Nueve bolsillos, incluidos dos bolsillos para cargador y cargo.<\/li>\n<li>Refuerzo de nailon 6 en el bolsillo para cargador y herramientas.<\/li>\n<li>100% poli\u00e9ster Fast-Tac\u2122 Ripstop, 4.7 oz con acabado WR.<\/li>\n<li>Importado.<\/li>\n<\/ul>\n<\/div>\n<\/div>\n<\/div>\n<\/div>\n<div id=\"product-detail-secondary\" class=\"product-description-features col-xs-12\">\n<div class=\"\"><\/div>\n<\/div>\n","protected":false},"excerpt":{"rendered":"<p>El pantal\u00f3n cargo Fast-Tac\u2122 para mujer es la viva imagen de la profesionalidad y el rendimiento. Hecho para una utilidad, comodidad y durabilidad \u00f3ptimas, est\u00e1 listo para cualquier tarea.\u00a0 CARACTER\u00cdSTICAS: Regular &#8211; Entrepierna de 32&#8243; Largo: entrepierna de 35&#8243; Tejido ligero y duradero. Cintura c\u00f3moda con panel de tejido el\u00e1stico en 4 direcciones. Nueve bolsillos, &hellip;<\/p>\n<p class=\"read-more\"> <a class=\"\" href=\"https:\/\/pangeatacticalandoutdoors.com\/index.php\/producto\/5-11-pantalon-cargo-fast-tac-para-mujer\/\"> <span class=\"screen-reader-text\">5.11-PANTAL\u00d3N CARGO FAST-TAC PARA MUJER<\/span> Leer m\u00e1s &raquo;<\/a><\/p>\n","protected":false},"featured_media":6586,"comment_status":"open","ping_status":"closed","template":"","meta":{"site-sidebar-layout":"default","site-content-layout":"default","ast-global-header-display":"","ast-main-header-display":"","ast-hfb-above-header-display":"","ast-hfb-below-header-display":"","ast-hfb-mobile-header-display":"","site-post-title":"","ast-breadcrumbs-content":"","ast-featured-img":"","footer-sml-layout":"","theme-transparent-header-meta":"default","adv-header-id-meta":"","stick-header-meta":"","header-above-stick-meta":"","header-main-stick-meta":"","header-below-stick-meta":""},"product_cat":[15],"product_tag":[],"class_list":["post-6580","product","type-product","status-publish","has-post-thumbnail","hentry","product_cat-sin-categorizar"],"jetpack_sharing_enabled":true,"_links":{"self":[{"href":"https:\/\/pangeatacticalandoutdoors.com\/index.php\/wp-json\/wp\/v2\/product\/6580","targetHints":{"allow":["GET"]}}],"collection":[{"href":"https:\/\/pangeatacticalandoutdoors.com\/index.php\/wp-json\/wp\/v2\/product"}],"about":[{"href":"https:\/\/pangeatacticalandoutdoors.com\/index.php\/wp-json\/wp\/v2\/types\/product"}],"replies":[{"embeddable":true,"href":"https:\/\/pangeatacticalandoutdoors.com\/index.php\/wp-json\/wp\/v2\/comments?post=6580"}],"wp:featuredmedia":[{"embeddable":true,"href":"https:\/\/pangeatacticalandoutdoors.com\/index.php\/wp-json\/wp\/v2\/media\/6586"}],"wp:attachment":[{"href":"https:\/\/pangeatacticalandoutdoors.com\/index.php\/wp-json\/wp\/v2\/media?parent=6580"}],"wp:term":[{"taxonomy":"product_cat","embeddable":true,"href":"https:\/\/pangeatacticalandoutdoors.com\/index.php\/wp-json\/wp\/v2\/product_cat?post=6580"},{"taxonomy":"product_tag","embeddable":true,"href":"https:\/\/pangeatacticalandoutdoors.com\/index.php\/wp-json\/wp\/v2\/product_tag?post=6580"}],"curies":[{"name":"wp","href":"https:\/\/api.w.org\/{rel}","templated":true}]}}