{"id":6553,"date":"2022-05-03T15:31:36","date_gmt":"2022-05-03T20:31:36","guid":{"rendered":"https:\/\/pangeatacticalandoutdoors.com\/?post_type=product&#038;p=6553"},"modified":"2022-05-03T15:31:36","modified_gmt":"2022-05-03T20:31:36","slug":"barbiquejo-para-casco-de-seguridad","status":"publish","type":"product","link":"https:\/\/pangeatacticalandoutdoors.com\/index.php\/producto\/barbiquejo-para-casco-de-seguridad\/","title":{"rendered":"BARBIQUEJO PARA CASCO DE SEGURIDAD"},"content":{"rendered":"<ul>\n<li>El\u00e1stico<\/li>\n<li>Con ganchos de pl\u00e1stico.<\/li>\n<li>Este aditamento sirve para darle mayor estabilidad al casco de protecci\u00f3n evitando as\u00ed la posible ca\u00edda con el movimiento durante la labor.<\/li>\n<li>Al ser el\u00e1stico se adapta a cualquier tipo o tama\u00f1o de cara y cabeza.<\/li>\n<\/ul>\n","protected":false},"excerpt":{"rendered":"<p>El\u00e1stico Con ganchos de pl\u00e1stico. Este aditamento sirve para darle mayor estabilidad al casco de protecci\u00f3n evitando as\u00ed la posible ca\u00edda con el movimiento durante la labor. Al ser el\u00e1stico se adapta a cualquier tipo o tama\u00f1o de cara y cabeza.<\/p>\n","protected":false},"featured_media":6543,"comment_status":"open","ping_status":"closed","template":"","meta":{"site-sidebar-layout":"default","site-content-layout":"default","ast-global-header-display":"","ast-main-header-display":"","ast-hfb-above-header-display":"","ast-hfb-below-header-display":"","ast-hfb-mobile-header-display":"","site-post-title":"","ast-breadcrumbs-content":"","ast-featured-img":"","footer-sml-layout":"","theme-transparent-header-meta":"default","adv-header-id-meta":"","stick-header-meta":"","header-above-stick-meta":"","header-main-stick-meta":"","header-below-stick-meta":""},"product_cat":[438,87],"product_tag":[],"class_list":["post-6553","product","type-product","status-publish","has-post-thumbnail","hentry","product_cat-barbiquejo","product_cat-ropa"],"jetpack_sharing_enabled":true,"_links":{"self":[{"href":"https:\/\/pangeatacticalandoutdoors.com\/index.php\/wp-json\/wp\/v2\/product\/6553","targetHints":{"allow":["GET"]}}],"collection":[{"href":"https:\/\/pangeatacticalandoutdoors.com\/index.php\/wp-json\/wp\/v2\/product"}],"about":[{"href":"https:\/\/pangeatacticalandoutdoors.com\/index.php\/wp-json\/wp\/v2\/types\/product"}],"replies":[{"embeddable":true,"href":"https:\/\/pangeatacticalandoutdoors.com\/index.php\/wp-json\/wp\/v2\/comments?post=6553"}],"wp:featuredmedia":[{"embeddable":true,"href":"https:\/\/pangeatacticalandoutdoors.com\/index.php\/wp-json\/wp\/v2\/media\/6543"}],"wp:attachment":[{"href":"https:\/\/pangeatacticalandoutdoors.com\/index.php\/wp-json\/wp\/v2\/media?parent=6553"}],"wp:term":[{"taxonomy":"product_cat","embeddable":true,"href":"https:\/\/pangeatacticalandoutdoors.com\/index.php\/wp-json\/wp\/v2\/product_cat?post=6553"},{"taxonomy":"product_tag","embeddable":true,"href":"https:\/\/pangeatacticalandoutdoors.com\/index.php\/wp-json\/wp\/v2\/product_tag?post=6553"}],"curies":[{"name":"wp","href":"https:\/\/api.w.org\/{rel}","templated":true}]}}