{"id":6551,"date":"2022-05-03T15:29:05","date_gmt":"2022-05-03T20:29:05","guid":{"rendered":"https:\/\/pangeatacticalandoutdoors.com\/?post_type=product&#038;p=6551"},"modified":"2024-04-29T18:52:08","modified_gmt":"2024-04-29T23:52:08","slug":"safe-fit-guante-resistente-al-corte-nivel-5","status":"publish","type":"product","link":"https:\/\/pangeatacticalandoutdoors.com\/index.php\/producto\/safe-fit-guante-resistente-al-corte-nivel-5\/","title":{"rendered":"SAFE FIT-GUANTE RESISTENTE AL CORTE NIVEL 5"},"content":{"rendered":"<p><em>PUG-611 Talla 8, fibra HDPE (polietileno de alta densidad) gris gauge 13 sin costuras. Resistente al corte Nivel 5. Recubrimiento de poliuretano gris en palma.<\/em><\/p>\n<p><strong>CARACTER\u00cdSTICAS:<\/strong><\/p>\n<ul>\n<li>Extraordinaria resistencia al corte y a la abrasi\u00f3n.<\/li>\n<li>Excelente agarre en presencia de l\u00edquidos y\/o aceites.<\/li>\n<li>Comodidad al manipular materiales y herramientas cortantes con precisi\u00f3n.<\/li>\n<li>Fresco y transpirable.<\/li>\n<li>Presenta gran resistencia para manejo de materiales pesados con alto riesgo de corte.<\/li>\n<li>Fabricaci\u00f3n de autopartes.<\/li>\n<li>Inyecci\u00f3n de pl\u00e1stico por moldeo.<\/li>\n<li>Ensamble de electrodom\u00e9sticos.<\/li>\n<li>Piezas mec\u00e1nicas.<\/li>\n<li>Manejo de alambre y cableado.<\/li>\n<li>Estampado de piezas pesadas.<\/li>\n<li>Manejo de piezas filosas.<\/li>\n<li>\u00c1reas de mantenimiento.<\/li>\n<li>Usos generales.<\/li>\n<li>\u00c1reas con exceso de aceite y riesgo de corte.<\/li>\n<li>Manejo de torniller\u00eda y piezas peque\u00f1as.<\/li>\n<li>Industria: Metalmec\u00e1nica. Vidrio y embotellados. Automotriz. Aeroespacial.<\/li>\n<\/ul>\n","protected":false},"excerpt":{"rendered":"<p>PUG-611 Talla 8, fibra HDPE (polietileno de alta densidad) gris gauge 13 sin costuras. Resistente al corte Nivel 5. Recubrimiento de poliuretano gris en palma. CARACTER\u00cdSTICAS: Extraordinaria resistencia al corte y a la abrasi\u00f3n. Excelente agarre en presencia de l\u00edquidos y\/o aceites. Comodidad al manipular materiales y herramientas cortantes con precisi\u00f3n. Fresco y transpirable. Presenta &hellip;<\/p>\n<p class=\"read-more\"> <a class=\"\" href=\"https:\/\/pangeatacticalandoutdoors.com\/index.php\/producto\/safe-fit-guante-resistente-al-corte-nivel-5\/\"> <span class=\"screen-reader-text\">SAFE FIT-GUANTE RESISTENTE AL CORTE NIVEL 5<\/span> Leer m\u00e1s &raquo;<\/a><\/p>\n","protected":false},"featured_media":6549,"comment_status":"open","ping_status":"closed","template":"","meta":{"site-sidebar-layout":"default","site-content-layout":"default","ast-global-header-display":"","ast-main-header-display":"","ast-hfb-above-header-display":"","ast-hfb-below-header-display":"","ast-hfb-mobile-header-display":"","site-post-title":"","ast-breadcrumbs-content":"","ast-featured-img":"","footer-sml-layout":"","theme-transparent-header-meta":"default","adv-header-id-meta":"","stick-header-meta":"","header-above-stick-meta":"","header-main-stick-meta":"","header-below-stick-meta":""},"product_cat":[437,87],"product_tag":[],"class_list":["post-6551","product","type-product","status-publish","has-post-thumbnail","hentry","product_cat-guante-industrial","product_cat-ropa"],"jetpack_sharing_enabled":true,"_links":{"self":[{"href":"https:\/\/pangeatacticalandoutdoors.com\/index.php\/wp-json\/wp\/v2\/product\/6551","targetHints":{"allow":["GET"]}}],"collection":[{"href":"https:\/\/pangeatacticalandoutdoors.com\/index.php\/wp-json\/wp\/v2\/product"}],"about":[{"href":"https:\/\/pangeatacticalandoutdoors.com\/index.php\/wp-json\/wp\/v2\/types\/product"}],"replies":[{"embeddable":true,"href":"https:\/\/pangeatacticalandoutdoors.com\/index.php\/wp-json\/wp\/v2\/comments?post=6551"}],"wp:featuredmedia":[{"embeddable":true,"href":"https:\/\/pangeatacticalandoutdoors.com\/index.php\/wp-json\/wp\/v2\/media\/6549"}],"wp:attachment":[{"href":"https:\/\/pangeatacticalandoutdoors.com\/index.php\/wp-json\/wp\/v2\/media?parent=6551"}],"wp:term":[{"taxonomy":"product_cat","embeddable":true,"href":"https:\/\/pangeatacticalandoutdoors.com\/index.php\/wp-json\/wp\/v2\/product_cat?post=6551"},{"taxonomy":"product_tag","embeddable":true,"href":"https:\/\/pangeatacticalandoutdoors.com\/index.php\/wp-json\/wp\/v2\/product_tag?post=6551"}],"curies":[{"name":"wp","href":"https:\/\/api.w.org\/{rel}","templated":true}]}}