{"id":6473,"date":"2022-04-26T15:38:17","date_gmt":"2022-04-26T20:38:17","guid":{"rendered":"https:\/\/pangeatacticalandoutdoors.com\/?post_type=product&#038;p=6473"},"modified":"2022-04-26T15:38:17","modified_gmt":"2022-04-26T20:38:17","slug":"buff-baseball-cap-kids","status":"publish","type":"product","link":"https:\/\/pangeatacticalandoutdoors.com\/index.php\/producto\/buff-baseball-cap-kids\/","title":{"rendered":"BUFF-BASEBALL CAP KIDS"},"content":{"rendered":"<p><em>Gorra Baseball Kids: Una prenda casual e imprescindible para el d\u00eda a d\u00eda. A\u00f1ade el toque final al look de los m\u00e1s peque\u00f1os con una selecci\u00f3n de gorras b\u00e9isbol creadas al m\u00e1s puro estilo americano. Combinables con cualquier outfit y muy c\u00f3modas, protege su cabeza del sol con un estilo original 100% BUFF\u00ae.<\/em><\/p>\n<h6>CARACTER\u00cdSTICAS:<\/h6>\n<ul>\n<li>Tira interior para absorber el sudor y la humedad, evitando molestias y evitando manchas en la tela.<\/li>\n<li>Protecci\u00f3n solar certificada UPF 50. M\u00e1xima protecci\u00f3n para actividad al aire libre en tiempo soleado.<\/li>\n<li>La humedad del cuerpo se expulsa a trav\u00e9s del tejido para evitar sobrecalentamiento y mejorar el confort.<\/li>\n<li>Dise\u00f1o espec\u00edfico para ni\u00f1os: colores, estampados, tama\u00f1os y tecnolog\u00edas pensadas para la protecci\u00f3n y la comodidad de los m\u00e1s peque\u00f1os.<\/li>\n<\/ul>\n","protected":false},"excerpt":{"rendered":"<p>Gorra Baseball Kids: Una prenda casual e imprescindible para el d\u00eda a d\u00eda. A\u00f1ade el toque final al look de los m\u00e1s peque\u00f1os con una selecci\u00f3n de gorras b\u00e9isbol creadas al m\u00e1s puro estilo americano. Combinables con cualquier outfit y muy c\u00f3modas, protege su cabeza del sol con un estilo original 100% BUFF\u00ae. CARACTER\u00cdSTICAS: Tira &hellip;<\/p>\n<p class=\"read-more\"> <a class=\"\" href=\"https:\/\/pangeatacticalandoutdoors.com\/index.php\/producto\/buff-baseball-cap-kids\/\"> <span class=\"screen-reader-text\">BUFF-BASEBALL CAP KIDS<\/span> Leer m\u00e1s &raquo;<\/a><\/p>\n","protected":false},"featured_media":6474,"comment_status":"open","ping_status":"closed","template":"","meta":{"site-sidebar-layout":"default","site-content-layout":"default","ast-global-header-display":"","ast-main-header-display":"","ast-hfb-above-header-display":"","ast-hfb-below-header-display":"","ast-hfb-mobile-header-display":"","site-post-title":"","ast-breadcrumbs-content":"","ast-featured-img":"","footer-sml-layout":"","theme-transparent-header-meta":"default","adv-header-id-meta":"","stick-header-meta":"","header-above-stick-meta":"","header-main-stick-meta":"","header-below-stick-meta":""},"product_cat":[90,435],"product_tag":[],"class_list":["post-6473","product","type-product","status-publish","has-post-thumbnail","hentry","product_cat-accesorios","product_cat-gorras-y-gorros-kids"],"jetpack_sharing_enabled":true,"_links":{"self":[{"href":"https:\/\/pangeatacticalandoutdoors.com\/index.php\/wp-json\/wp\/v2\/product\/6473","targetHints":{"allow":["GET"]}}],"collection":[{"href":"https:\/\/pangeatacticalandoutdoors.com\/index.php\/wp-json\/wp\/v2\/product"}],"about":[{"href":"https:\/\/pangeatacticalandoutdoors.com\/index.php\/wp-json\/wp\/v2\/types\/product"}],"replies":[{"embeddable":true,"href":"https:\/\/pangeatacticalandoutdoors.com\/index.php\/wp-json\/wp\/v2\/comments?post=6473"}],"wp:featuredmedia":[{"embeddable":true,"href":"https:\/\/pangeatacticalandoutdoors.com\/index.php\/wp-json\/wp\/v2\/media\/6474"}],"wp:attachment":[{"href":"https:\/\/pangeatacticalandoutdoors.com\/index.php\/wp-json\/wp\/v2\/media?parent=6473"}],"wp:term":[{"taxonomy":"product_cat","embeddable":true,"href":"https:\/\/pangeatacticalandoutdoors.com\/index.php\/wp-json\/wp\/v2\/product_cat?post=6473"},{"taxonomy":"product_tag","embeddable":true,"href":"https:\/\/pangeatacticalandoutdoors.com\/index.php\/wp-json\/wp\/v2\/product_tag?post=6473"}],"curies":[{"name":"wp","href":"https:\/\/api.w.org\/{rel}","templated":true}]}}