{"id":6462,"date":"2022-04-26T15:01:21","date_gmt":"2022-04-26T20:01:21","guid":{"rendered":"https:\/\/pangeatacticalandoutdoors.com\/?post_type=product&#038;p=6462"},"modified":"2023-01-16T14:01:32","modified_gmt":"2023-01-16T20:01:32","slug":"buff-five-panels-go-cap-kids","status":"publish","type":"product","link":"https:\/\/pangeatacticalandoutdoors.com\/index.php\/producto\/buff-five-panels-go-cap-kids\/","title":{"rendered":"BUFF-FIVE PANELS GO CAP KIDS"},"content":{"rendered":"<p><em>Gorra 5 Panels Go Kids: Esta gorra para ni\u00f1os ofrece una eficiente protecci\u00f3n solar con todas las caracter\u00edsticas b\u00e1sicas y una variedad de estilos deportivos a elegir. C\u00f3moda y apta para uso diario.<\/em><\/p>\n<h6>CARACTER\u00cdSTICAS:<\/h6>\n<ul>\n<li>Protecci\u00f3n solar certificada UPF 50. M\u00e1xima protecci\u00f3n para actividad al aire libre en tiempo soleado.<\/li>\n<li>Incluye cierre que permite abrir o cerrar dependiendo de la situaci\u00f3n o las condiciones meteorol\u00f3gicas.<\/li>\n<li>Tira interior para absorber el sudor y la humedad, evitando molestias y evitando manchas en la tela.<\/li>\n<li>Dise\u00f1ado para ni\u00f1os y ni\u00f1as. Comodidad y estilo para los m\u00e1s peque\u00f1os.<\/li>\n<\/ul>\n","protected":false},"excerpt":{"rendered":"<p>Gorra 5 Panels Go Kids: Esta gorra para ni\u00f1os ofrece una eficiente protecci\u00f3n solar con todas las caracter\u00edsticas b\u00e1sicas y una variedad de estilos deportivos a elegir. C\u00f3moda y apta para uso diario. CARACTER\u00cdSTICAS: Protecci\u00f3n solar certificada UPF 50. M\u00e1xima protecci\u00f3n para actividad al aire libre en tiempo soleado. Incluye cierre que permite abrir o &hellip;<\/p>\n<p class=\"read-more\"> <a class=\"\" href=\"https:\/\/pangeatacticalandoutdoors.com\/index.php\/producto\/buff-five-panels-go-cap-kids\/\"> <span class=\"screen-reader-text\">BUFF-FIVE PANELS GO CAP KIDS<\/span> Leer m\u00e1s &raquo;<\/a><\/p>\n","protected":false},"featured_media":6471,"comment_status":"open","ping_status":"closed","template":"","meta":{"site-sidebar-layout":"default","site-content-layout":"default","ast-global-header-display":"","ast-main-header-display":"","ast-hfb-above-header-display":"","ast-hfb-below-header-display":"","ast-hfb-mobile-header-display":"","site-post-title":"","ast-breadcrumbs-content":"","ast-featured-img":"","footer-sml-layout":"","theme-transparent-header-meta":"default","adv-header-id-meta":"","stick-header-meta":"","header-above-stick-meta":"","header-main-stick-meta":"","header-below-stick-meta":""},"product_cat":[90,435],"product_tag":[],"class_list":["post-6462","product","type-product","status-publish","has-post-thumbnail","hentry","product_cat-accesorios","product_cat-gorras-y-gorros-kids"],"jetpack_sharing_enabled":true,"_links":{"self":[{"href":"https:\/\/pangeatacticalandoutdoors.com\/index.php\/wp-json\/wp\/v2\/product\/6462","targetHints":{"allow":["GET"]}}],"collection":[{"href":"https:\/\/pangeatacticalandoutdoors.com\/index.php\/wp-json\/wp\/v2\/product"}],"about":[{"href":"https:\/\/pangeatacticalandoutdoors.com\/index.php\/wp-json\/wp\/v2\/types\/product"}],"replies":[{"embeddable":true,"href":"https:\/\/pangeatacticalandoutdoors.com\/index.php\/wp-json\/wp\/v2\/comments?post=6462"}],"wp:featuredmedia":[{"embeddable":true,"href":"https:\/\/pangeatacticalandoutdoors.com\/index.php\/wp-json\/wp\/v2\/media\/6471"}],"wp:attachment":[{"href":"https:\/\/pangeatacticalandoutdoors.com\/index.php\/wp-json\/wp\/v2\/media?parent=6462"}],"wp:term":[{"taxonomy":"product_cat","embeddable":true,"href":"https:\/\/pangeatacticalandoutdoors.com\/index.php\/wp-json\/wp\/v2\/product_cat?post=6462"},{"taxonomy":"product_tag","embeddable":true,"href":"https:\/\/pangeatacticalandoutdoors.com\/index.php\/wp-json\/wp\/v2\/product_tag?post=6462"}],"curies":[{"name":"wp","href":"https:\/\/api.w.org\/{rel}","templated":true}]}}