{"id":6452,"date":"2022-04-26T14:08:46","date_gmt":"2022-04-26T19:08:46","guid":{"rendered":"https:\/\/pangeatacticalandoutdoors.com\/?post_type=product&#038;p=6452"},"modified":"2024-05-21T14:35:52","modified_gmt":"2024-05-21T19:35:52","slug":"buff-pack-mini-cap-kids","status":"publish","type":"product","link":"https:\/\/pangeatacticalandoutdoors.com\/index.php\/producto\/buff-pack-mini-cap-kids\/","title":{"rendered":"BUFF-PACK MINI CAP KIDS"},"content":{"rendered":"<p><em>Gorra Pack Mini: Nueva gorra plegable ultraligera y el\u00e1stica dise\u00f1ada especialmente para ni\u00f1os. Fabricada con materiales especiales para hacer frente a la humedad, esta gorra se seca rapidamente provocando sensaci\u00f3n de frescura durante todo el d\u00eda. La banda antisudor interna hace este sentimiento a\u00fan m\u00e1s duradero. Los ni\u00f1os son aventureros y est\u00e1n en constante b\u00fasqueda de nuevas aventuras, por eso necesitan sentirse tan c\u00f3modos y seguros como sea posible. Y es por eso que BUFF\u00ae ha adaptado el dise\u00f1o de sus gorras plegables a los m\u00e1s peque\u00f1os.<\/em><\/p>\n<h6>CARACTER\u00cdSTICAS:<\/h6>\n<ul>\n<li>Se pliega en muy poco espacio y no se deforma. Tecnolog\u00eda avanzada pensada para tu comodidad: cabe en tu mano y recupera la forma original despu\u00e9s de plegar.<\/li>\n<li>Tecnolog\u00eda Fastwick Extra+ de secado r\u00e1pido y m\u00e1xima transpiraci\u00f3n para actividades de intensidad alta.<\/li>\n<li>Tira interior para absorber el sudor y la humedad. Evita molestias e impide manchas en la tela.<\/li>\n<li>Dise\u00f1o espec\u00edfico para ni\u00f1os: colores, estampados, tama\u00f1os y tecnolog\u00edas pensadas para la protecci\u00f3n y la comodidad de los m\u00e1s peque\u00f1os.<\/li>\n<\/ul>\n","protected":false},"excerpt":{"rendered":"<p>Gorra Pack Mini: Nueva gorra plegable ultraligera y el\u00e1stica dise\u00f1ada especialmente para ni\u00f1os. Fabricada con materiales especiales para hacer frente a la humedad, esta gorra se seca rapidamente provocando sensaci\u00f3n de frescura durante todo el d\u00eda. La banda antisudor interna hace este sentimiento a\u00fan m\u00e1s duradero. Los ni\u00f1os son aventureros y est\u00e1n en constante b\u00fasqueda &hellip;<\/p>\n<p class=\"read-more\"> <a class=\"\" href=\"https:\/\/pangeatacticalandoutdoors.com\/index.php\/producto\/buff-pack-mini-cap-kids\/\"> <span class=\"screen-reader-text\">BUFF-PACK MINI CAP KIDS<\/span> Leer m\u00e1s &raquo;<\/a><\/p>\n","protected":false},"featured_media":6457,"comment_status":"open","ping_status":"closed","template":"","meta":{"site-sidebar-layout":"default","site-content-layout":"default","ast-global-header-display":"","ast-main-header-display":"","ast-hfb-above-header-display":"","ast-hfb-below-header-display":"","ast-hfb-mobile-header-display":"","site-post-title":"","ast-breadcrumbs-content":"","ast-featured-img":"","footer-sml-layout":"","theme-transparent-header-meta":"default","adv-header-id-meta":"","stick-header-meta":"","header-above-stick-meta":"","header-main-stick-meta":"","header-below-stick-meta":""},"product_cat":[90,435],"product_tag":[],"class_list":["post-6452","product","type-product","status-publish","has-post-thumbnail","hentry","product_cat-accesorios","product_cat-gorras-y-gorros-kids"],"jetpack_sharing_enabled":true,"_links":{"self":[{"href":"https:\/\/pangeatacticalandoutdoors.com\/index.php\/wp-json\/wp\/v2\/product\/6452","targetHints":{"allow":["GET"]}}],"collection":[{"href":"https:\/\/pangeatacticalandoutdoors.com\/index.php\/wp-json\/wp\/v2\/product"}],"about":[{"href":"https:\/\/pangeatacticalandoutdoors.com\/index.php\/wp-json\/wp\/v2\/types\/product"}],"replies":[{"embeddable":true,"href":"https:\/\/pangeatacticalandoutdoors.com\/index.php\/wp-json\/wp\/v2\/comments?post=6452"}],"wp:featuredmedia":[{"embeddable":true,"href":"https:\/\/pangeatacticalandoutdoors.com\/index.php\/wp-json\/wp\/v2\/media\/6457"}],"wp:attachment":[{"href":"https:\/\/pangeatacticalandoutdoors.com\/index.php\/wp-json\/wp\/v2\/media?parent=6452"}],"wp:term":[{"taxonomy":"product_cat","embeddable":true,"href":"https:\/\/pangeatacticalandoutdoors.com\/index.php\/wp-json\/wp\/v2\/product_cat?post=6452"},{"taxonomy":"product_tag","embeddable":true,"href":"https:\/\/pangeatacticalandoutdoors.com\/index.php\/wp-json\/wp\/v2\/product_tag?post=6452"}],"curies":[{"name":"wp","href":"https:\/\/api.w.org\/{rel}","templated":true}]}}