{"id":6438,"date":"2022-04-26T13:47:02","date_gmt":"2022-04-26T18:47:02","guid":{"rendered":"https:\/\/pangeatacticalandoutdoors.com\/?post_type=product&#038;p=6438"},"modified":"2022-10-21T11:55:40","modified_gmt":"2022-10-21T16:55:40","slug":"buff-coolnet-uv-wide-headband","status":"publish","type":"product","link":"https:\/\/pangeatacticalandoutdoors.com\/index.php\/producto\/buff-coolnet-uv-wide-headband\/","title":{"rendered":"BUFF-COOLNET UV WIDE HEADBAND"},"content":{"rendered":"<div>\n<p><em>Diadema ligera hecha de material de botella de pl\u00e1stico reciclado.\u00a0Proporciona una sensaci\u00f3n de frescor y transporta la humedad durante el entrenamiento.<\/em><\/p>\n<\/div>\n<p><strong>CARACTER\u00cdSTICAS:<\/strong><\/p>\n<ul>\n<li>95% poli\u00e9ster reciclado<\/li>\n<li>5% elastano.<\/li>\n<li>Hecho en Espa\u00f1a.<\/li>\n<li>Efecto refrescante desencadenado por el calor corporal.<\/li>\n<li>Tejido de secado r\u00e1pido.<\/li>\n<li>Material reciclado de botellas de pl\u00e1stico limpiadas.<\/li>\n<li>Producto de una sola pieza sin costuras para el m\u00e1ximo confort.<\/li>\n<li>El material probado protege contra la radiaci\u00f3n UV.<\/li>\n<li>Ancho de banda: 9,5 CM<\/li>\n<\/ul>\n","protected":false},"excerpt":{"rendered":"<p>Diadema ligera hecha de material de botella de pl\u00e1stico reciclado.\u00a0Proporciona una sensaci\u00f3n de frescor y transporta la humedad durante el entrenamiento. CARACTER\u00cdSTICAS: 95% poli\u00e9ster reciclado 5% elastano. Hecho en Espa\u00f1a. Efecto refrescante desencadenado por el calor corporal. Tejido de secado r\u00e1pido. Material reciclado de botellas de pl\u00e1stico limpiadas. Producto de una sola pieza sin costuras &hellip;<\/p>\n<p class=\"read-more\"> <a class=\"\" href=\"https:\/\/pangeatacticalandoutdoors.com\/index.php\/producto\/buff-coolnet-uv-wide-headband\/\"> <span class=\"screen-reader-text\">BUFF-COOLNET UV WIDE HEADBAND<\/span> Leer m\u00e1s &raquo;<\/a><\/p>\n","protected":false},"featured_media":6440,"comment_status":"open","ping_status":"closed","template":"","meta":{"site-sidebar-layout":"default","site-content-layout":"default","ast-global-header-display":"","ast-main-header-display":"","ast-hfb-above-header-display":"","ast-hfb-below-header-display":"","ast-hfb-mobile-header-display":"","site-post-title":"","ast-breadcrumbs-content":"","ast-featured-img":"","footer-sml-layout":"","theme-transparent-header-meta":"default","adv-header-id-meta":"","stick-header-meta":"","header-above-stick-meta":"","header-main-stick-meta":"","header-below-stick-meta":""},"product_cat":[90,434],"product_tag":[],"class_list":["post-6438","product","type-product","status-publish","has-post-thumbnail","hentry","product_cat-accesorios","product_cat-headband"],"jetpack_sharing_enabled":true,"_links":{"self":[{"href":"https:\/\/pangeatacticalandoutdoors.com\/index.php\/wp-json\/wp\/v2\/product\/6438","targetHints":{"allow":["GET"]}}],"collection":[{"href":"https:\/\/pangeatacticalandoutdoors.com\/index.php\/wp-json\/wp\/v2\/product"}],"about":[{"href":"https:\/\/pangeatacticalandoutdoors.com\/index.php\/wp-json\/wp\/v2\/types\/product"}],"replies":[{"embeddable":true,"href":"https:\/\/pangeatacticalandoutdoors.com\/index.php\/wp-json\/wp\/v2\/comments?post=6438"}],"wp:featuredmedia":[{"embeddable":true,"href":"https:\/\/pangeatacticalandoutdoors.com\/index.php\/wp-json\/wp\/v2\/media\/6440"}],"wp:attachment":[{"href":"https:\/\/pangeatacticalandoutdoors.com\/index.php\/wp-json\/wp\/v2\/media?parent=6438"}],"wp:term":[{"taxonomy":"product_cat","embeddable":true,"href":"https:\/\/pangeatacticalandoutdoors.com\/index.php\/wp-json\/wp\/v2\/product_cat?post=6438"},{"taxonomy":"product_tag","embeddable":true,"href":"https:\/\/pangeatacticalandoutdoors.com\/index.php\/wp-json\/wp\/v2\/product_tag?post=6438"}],"curies":[{"name":"wp","href":"https:\/\/api.w.org\/{rel}","templated":true}]}}