{"id":6376,"date":"2022-04-22T18:45:14","date_gmt":"2022-04-22T23:45:14","guid":{"rendered":"https:\/\/pangeatacticalandoutdoors.com\/?post_type=product&#038;p=6376"},"modified":"2024-09-03T15:29:39","modified_gmt":"2024-09-03T20:29:39","slug":"buff-coolnet-uv-adulto","status":"publish","type":"product","link":"https:\/\/pangeatacticalandoutdoors.com\/index.php\/producto\/buff-coolnet-uv-adulto\/","title":{"rendered":"BUFF-COOLNET UV ADULTO"},"content":{"rendered":"<p><em>Tubular multifuncional CoolNet UV\u00ae Laude Silver Grey: Tubular multifuncional perfecto para realizar actividades al aire libre en los d\u00edas soleados. Ofrece una alta protecci\u00f3n contra los rayos UV para disfrutar del sol mientras te proteges de las radiaciones solares nocivas. Ligero, transpirable y c\u00f3modo, esta braga de cuello es la compa\u00f1era ideal para correr, montar en bici, caminar, escalar, hacer trekking o montar en moto. Dise\u00f1o: Estampado.<\/em><\/p>\n<h6>CARACTER\u00cdSTICAS:<\/h6>\n<ul>\n<li>Tecnolog\u00eda CoolNet\u00ae: materiales reciclados, protecci\u00f3n solar UPF50 y efecto cooling. Disfruta de protecci\u00f3n total con la tecnolog\u00eda m\u00e1s innovadora.<\/li>\n<li>Protecci\u00f3n solar certificada UPF 50. M\u00e1xima protecci\u00f3n para actividad al aire libre en tiempo soleado.<\/li>\n<li>Tecnolog\u00eda UltraStretch: m\u00e1xima elasticidad para mayor rendimiento y comodidad.<\/li>\n<li>Producto extremadamente ligero, dise\u00f1ado para reducir al m\u00e1ximo su peso mientras lo llevas puesto o para transportarlo.<\/li>\n<\/ul>\n<h6 class=\"title\" style=\"text-align: center;\">Datos t\u00e9cnicos<\/h6>\n<p>&nbsp;<\/p>\n<div class=\"content\">\n<div class=\"additional-attributes-wrapper table-wrapper\">\n<table id=\"product-attribute-specs-table\" class=\"data table additional-attributes\">\n<tbody>\n<tr>\n<th class=\"col label\" scope=\"row\">Cat\u00e1logo:<\/th>\n<td class=\"col data\" data-th=\"Cat\u00e1logo\">Primavera-Verano 20<\/td>\n<\/tr>\n<tr>\n<th class=\"col label\" scope=\"row\">Pa\u00eds de fabricaci\u00f3n:<\/th>\n<td class=\"col data\" data-th=\"Pa\u00eds de fabricaci\u00f3n\">Espa\u00f1a<\/td>\n<\/tr>\n<tr>\n<th class=\"col label\" scope=\"row\">Edad recomendada:<\/th>\n<td class=\"col data\" data-th=\"Edad recomendada\">Adulto<\/td>\n<\/tr>\n<tr>\n<th class=\"col label\" scope=\"row\">Composici\u00f3n:<\/th>\n<td class=\"col data\" data-th=\"Composici\u00f3n\">95% Poli\u00e9ster 5% Elastano<\/td>\n<\/tr>\n<tr>\n<th class=\"col label\" scope=\"row\">Consejos de lavado:<\/th>\n<td class=\"col data\" data-th=\"Consejos de lavado\">Lavar a m\u00e1quina<\/td>\n<\/tr>\n<tr>\n<th class=\"col label\" scope=\"row\">Medidas (Ancho x Largo x Alto):<\/th>\n<td class=\"col data\" data-th=\"Medidas (Ancho x Largo x Alto)\">22.7X53<\/td>\n<\/tr>\n<\/tbody>\n<\/table>\n<\/div>\n<\/div>\n","protected":false},"excerpt":{"rendered":"<p>Tubular multifuncional CoolNet UV\u00ae Laude Silver Grey: Tubular multifuncional perfecto para realizar actividades al aire libre en los d\u00edas soleados. Ofrece una alta protecci\u00f3n contra los rayos UV para disfrutar del sol mientras te proteges de las radiaciones solares nocivas. Ligero, transpirable y c\u00f3modo, esta braga de cuello es la compa\u00f1era ideal para correr, montar &hellip;<\/p>\n<p class=\"read-more\"> <a class=\"\" href=\"https:\/\/pangeatacticalandoutdoors.com\/index.php\/producto\/buff-coolnet-uv-adulto\/\"> <span class=\"screen-reader-text\">BUFF-COOLNET UV ADULTO<\/span> Leer m\u00e1s &raquo;<\/a><\/p>\n","protected":false},"featured_media":6419,"comment_status":"open","ping_status":"closed","template":"","meta":{"site-sidebar-layout":"default","site-content-layout":"default","ast-global-header-display":"","ast-main-header-display":"","ast-hfb-above-header-display":"","ast-hfb-below-header-display":"","ast-hfb-mobile-header-display":"","site-post-title":"","ast-breadcrumbs-content":"","ast-featured-img":"","footer-sml-layout":"","theme-transparent-header-meta":"default","adv-header-id-meta":"","stick-header-meta":"","header-above-stick-meta":"","header-main-stick-meta":"","header-below-stick-meta":""},"product_cat":[90,433],"product_tag":[],"class_list":["post-6376","product","type-product","status-publish","has-post-thumbnail","hentry","product_cat-accesorios","product_cat-bufanda-de-tubo"],"jetpack_sharing_enabled":true,"_links":{"self":[{"href":"https:\/\/pangeatacticalandoutdoors.com\/index.php\/wp-json\/wp\/v2\/product\/6376","targetHints":{"allow":["GET"]}}],"collection":[{"href":"https:\/\/pangeatacticalandoutdoors.com\/index.php\/wp-json\/wp\/v2\/product"}],"about":[{"href":"https:\/\/pangeatacticalandoutdoors.com\/index.php\/wp-json\/wp\/v2\/types\/product"}],"replies":[{"embeddable":true,"href":"https:\/\/pangeatacticalandoutdoors.com\/index.php\/wp-json\/wp\/v2\/comments?post=6376"}],"wp:featuredmedia":[{"embeddable":true,"href":"https:\/\/pangeatacticalandoutdoors.com\/index.php\/wp-json\/wp\/v2\/media\/6419"}],"wp:attachment":[{"href":"https:\/\/pangeatacticalandoutdoors.com\/index.php\/wp-json\/wp\/v2\/media?parent=6376"}],"wp:term":[{"taxonomy":"product_cat","embeddable":true,"href":"https:\/\/pangeatacticalandoutdoors.com\/index.php\/wp-json\/wp\/v2\/product_cat?post=6376"},{"taxonomy":"product_tag","embeddable":true,"href":"https:\/\/pangeatacticalandoutdoors.com\/index.php\/wp-json\/wp\/v2\/product_tag?post=6376"}],"curies":[{"name":"wp","href":"https:\/\/api.w.org\/{rel}","templated":true}]}}