{"id":6350,"date":"2022-04-20T15:39:49","date_gmt":"2022-04-20T20:39:49","guid":{"rendered":"https:\/\/pangeatacticalandoutdoors.com\/?post_type=product&#038;p=6350"},"modified":"2022-11-30T16:57:47","modified_gmt":"2022-11-30T22:57:47","slug":"buff-pack-sahara-cap","status":"publish","type":"product","link":"https:\/\/pangeatacticalandoutdoors.com\/index.php\/producto\/buff-pack-sahara-cap\/","title":{"rendered":"BUFF-PACK SAHARA CAP"},"content":{"rendered":"<p><em>Gorra plegable Sahara: Protecci\u00f3n solar en una gorra tan vers\u00e1til como c\u00f3moda. \u00dasala con o sin capa y gu\u00e1rdala f\u00e1cilmente cuando no tengas que usarla. Hecha de materiales reciclados, esta gorra ligera, plegable y de secado r\u00e1pido se reduce al m\u00e1ximo para ocupar el menor espacio posible en tu mochila. Disfruta de largas aventuras bajo el sol gracias a su alta protecci\u00f3n solar y sus agujeros de ventilaci\u00f3n hechos con l\u00e1ser para sentirte c\u00f3modo en los d\u00edas m\u00e1s calurosos. Dise\u00f1ado para quienes buscan una protecci\u00f3n extrema contra el sol.<\/em><\/p>\n<h6>CARACTER\u00cdATICAS:<\/h6>\n<ul>\n<li>Protecci\u00f3n solar certificada UPF 50. M\u00e1xima protecci\u00f3n para actividad al aire libre en tiempo soleado.<\/li>\n<li>Orificios cortados con l\u00e1ser estrat\u00e9gicamente colocados. Aberturas laterales para mejorar la ventilaci\u00f3n de la cabeza.<\/li>\n<li>Solapa de protecci\u00f3n para el cuello extra\u00edble, ajustable para diferentes tama\u00f1os de cabeza.<\/li>\n<li>Se pliega en muy poco espacio y no se deforma. Tecnolog\u00eda avanzada pensada para tu comodidad: cabe en tu mano y recupera la forma original despu\u00e9s de plegar.<\/li>\n<\/ul>\n","protected":false},"excerpt":{"rendered":"<p>Gorra plegable Sahara: Protecci\u00f3n solar en una gorra tan vers\u00e1til como c\u00f3moda. \u00dasala con o sin capa y gu\u00e1rdala f\u00e1cilmente cuando no tengas que usarla. Hecha de materiales reciclados, esta gorra ligera, plegable y de secado r\u00e1pido se reduce al m\u00e1ximo para ocupar el menor espacio posible en tu mochila. Disfruta de largas aventuras bajo &hellip;<\/p>\n<p class=\"read-more\"> <a class=\"\" href=\"https:\/\/pangeatacticalandoutdoors.com\/index.php\/producto\/buff-pack-sahara-cap\/\"> <span class=\"screen-reader-text\">BUFF-PACK SAHARA CAP<\/span> Leer m\u00e1s &raquo;<\/a><\/p>\n","protected":false},"featured_media":6360,"comment_status":"open","ping_status":"closed","template":"","meta":{"site-sidebar-layout":"default","site-content-layout":"default","ast-global-header-display":"","ast-main-header-display":"","ast-hfb-above-header-display":"","ast-hfb-below-header-display":"","ast-hfb-mobile-header-display":"","site-post-title":"","ast-breadcrumbs-content":"","ast-featured-img":"","footer-sml-layout":"","theme-transparent-header-meta":"default","adv-header-id-meta":"","stick-header-meta":"","header-above-stick-meta":"","header-main-stick-meta":"","header-below-stick-meta":""},"product_cat":[90,134],"product_tag":[],"class_list":["post-6350","product","type-product","status-publish","has-post-thumbnail","hentry","product_cat-accesorios","product_cat-gorras"],"jetpack_sharing_enabled":true,"_links":{"self":[{"href":"https:\/\/pangeatacticalandoutdoors.com\/index.php\/wp-json\/wp\/v2\/product\/6350","targetHints":{"allow":["GET"]}}],"collection":[{"href":"https:\/\/pangeatacticalandoutdoors.com\/index.php\/wp-json\/wp\/v2\/product"}],"about":[{"href":"https:\/\/pangeatacticalandoutdoors.com\/index.php\/wp-json\/wp\/v2\/types\/product"}],"replies":[{"embeddable":true,"href":"https:\/\/pangeatacticalandoutdoors.com\/index.php\/wp-json\/wp\/v2\/comments?post=6350"}],"wp:featuredmedia":[{"embeddable":true,"href":"https:\/\/pangeatacticalandoutdoors.com\/index.php\/wp-json\/wp\/v2\/media\/6360"}],"wp:attachment":[{"href":"https:\/\/pangeatacticalandoutdoors.com\/index.php\/wp-json\/wp\/v2\/media?parent=6350"}],"wp:term":[{"taxonomy":"product_cat","embeddable":true,"href":"https:\/\/pangeatacticalandoutdoors.com\/index.php\/wp-json\/wp\/v2\/product_cat?post=6350"},{"taxonomy":"product_tag","embeddable":true,"href":"https:\/\/pangeatacticalandoutdoors.com\/index.php\/wp-json\/wp\/v2\/product_tag?post=6350"}],"curies":[{"name":"wp","href":"https:\/\/api.w.org\/{rel}","templated":true}]}}