{"id":6348,"date":"2022-04-20T15:09:04","date_gmt":"2022-04-20T20:09:04","guid":{"rendered":"https:\/\/pangeatacticalandoutdoors.com\/?post_type=product&#038;p=6348"},"modified":"2022-07-09T13:15:09","modified_gmt":"2022-07-09T18:15:09","slug":"buff-explorer-booney-hat","status":"publish","type":"product","link":"https:\/\/pangeatacticalandoutdoors.com\/index.php\/producto\/buff-explorer-booney-hat\/","title":{"rendered":"BUFF-EXPLORER BOONEY HAT"},"content":{"rendered":"<p><em>Gorro Explorer Booney: La elecci\u00f3n perfecta para los que necesitan la m\u00e1xima protecci\u00f3n solar. El sombrero Booney Hat ofrece una gran protecci\u00f3n gracias a sus anchas alas y a su tecnolog\u00eda altamente ajustable. Perfecto para espacios al aire libre donde el sol aprieta fuerte, el Gorro Explorer Booney est\u00e1 hecho para el desierto, el campo o la monta\u00f1a. \u00a1Una prenda imprescindible!<\/em><\/p>\n<h6>CARACTER\u00cdSTICAS:<\/h6>\n<ul>\n<li>Protecci\u00f3n solar certificada UPF 50. M\u00e1xima protecci\u00f3n para actividad al aire libre en tiempo soleado.<\/li>\n<li>La humedad del cuerpo se expulsa a trav\u00e9s del tejido para evitar sobrecalentamiento y mejorar el confort.<\/li>\n<li>Se pliega en muy poco espacio y no se deforma. Tecnolog\u00eda avanzada pensada para tu comodidad: cabe en tu mano y recupera la forma original despu\u00e9s de plegar.<\/li>\n<li>Dise\u00f1ado para lograr un ajuste \u00f3ptimo en personas de tallas diferentes.<\/li>\n<\/ul>\n<p>&nbsp;<\/p>\n","protected":false},"excerpt":{"rendered":"<p>Gorro Explorer Booney: La elecci\u00f3n perfecta para los que necesitan la m\u00e1xima protecci\u00f3n solar. El sombrero Booney Hat ofrece una gran protecci\u00f3n gracias a sus anchas alas y a su tecnolog\u00eda altamente ajustable. Perfecto para espacios al aire libre donde el sol aprieta fuerte, el Gorro Explorer Booney est\u00e1 hecho para el desierto, el campo &hellip;<\/p>\n<p class=\"read-more\"> <a class=\"\" href=\"https:\/\/pangeatacticalandoutdoors.com\/index.php\/producto\/buff-explorer-booney-hat\/\"> <span class=\"screen-reader-text\">BUFF-EXPLORER BOONEY HAT<\/span> Leer m\u00e1s &raquo;<\/a><\/p>\n","protected":false},"featured_media":6349,"comment_status":"open","ping_status":"closed","template":"","meta":{"site-sidebar-layout":"default","site-content-layout":"default","ast-global-header-display":"","ast-main-header-display":"","ast-hfb-above-header-display":"","ast-hfb-below-header-display":"","ast-hfb-mobile-header-display":"","site-post-title":"","ast-breadcrumbs-content":"","ast-featured-img":"","footer-sml-layout":"","theme-transparent-header-meta":"default","adv-header-id-meta":"","stick-header-meta":"","header-above-stick-meta":"","header-main-stick-meta":"","header-below-stick-meta":""},"product_cat":[90,134],"product_tag":[],"class_list":["post-6348","product","type-product","status-publish","has-post-thumbnail","hentry","product_cat-accesorios","product_cat-gorras"],"jetpack_sharing_enabled":true,"_links":{"self":[{"href":"https:\/\/pangeatacticalandoutdoors.com\/index.php\/wp-json\/wp\/v2\/product\/6348","targetHints":{"allow":["GET"]}}],"collection":[{"href":"https:\/\/pangeatacticalandoutdoors.com\/index.php\/wp-json\/wp\/v2\/product"}],"about":[{"href":"https:\/\/pangeatacticalandoutdoors.com\/index.php\/wp-json\/wp\/v2\/types\/product"}],"replies":[{"embeddable":true,"href":"https:\/\/pangeatacticalandoutdoors.com\/index.php\/wp-json\/wp\/v2\/comments?post=6348"}],"wp:featuredmedia":[{"embeddable":true,"href":"https:\/\/pangeatacticalandoutdoors.com\/index.php\/wp-json\/wp\/v2\/media\/6349"}],"wp:attachment":[{"href":"https:\/\/pangeatacticalandoutdoors.com\/index.php\/wp-json\/wp\/v2\/media?parent=6348"}],"wp:term":[{"taxonomy":"product_cat","embeddable":true,"href":"https:\/\/pangeatacticalandoutdoors.com\/index.php\/wp-json\/wp\/v2\/product_cat?post=6348"},{"taxonomy":"product_tag","embeddable":true,"href":"https:\/\/pangeatacticalandoutdoors.com\/index.php\/wp-json\/wp\/v2\/product_tag?post=6348"}],"curies":[{"name":"wp","href":"https:\/\/api.w.org\/{rel}","templated":true}]}}