{"id":6332,"date":"2022-04-19T18:06:38","date_gmt":"2022-04-19T23:06:38","guid":{"rendered":"https:\/\/pangeatacticalandoutdoors.com\/?post_type=product&#038;p=6332"},"modified":"2026-03-09T09:59:32","modified_gmt":"2026-03-09T15:59:32","slug":"bd-momentum-harness-kids-full-body","status":"publish","type":"product","link":"https:\/\/pangeatacticalandoutdoors.com\/index.php\/producto\/bd-momentum-harness-kids-full-body\/","title":{"rendered":"BD-MOMENTUM HARNESS KID\u00b4S FULL BODY"},"content":{"rendered":"<div class=\"product-description-container\" data-v-7556ea3a=\"\">\n<div class=\"product-description\" data-v-7556ea3a=\"\"><em>Dise\u00f1ado con la misma construcci\u00f3n que nuestros arneses Momentum probados en el tiempo, el cuerpo completo para ni\u00f1os Black Diamond Momentum brinda soporte completo sin sacrificar la comodidad para los mini-yo trituradores del mundo.\u00a0F\u00e1cilmente ajustable con un punto de amarre alto, marca todos los detalles con facilidad para ponerlo y quitarlo para que todos disfruten del tiempo en el gimnasio.\u00a0El arn\u00e9s permite ajustes de ajuste m\u00e1ximos para ni\u00f1os en crecimiento.<\/em><\/div>\n<\/div>\n<div class=\"visually-hidden\" data-v-7556ea3a=\"\"><\/div>\n<div data-v-7556ea3a=\"\"><\/div>\n<h6>CARACTER\u00cdSTICAS:<\/h6>\n<div class=\"product-bullets-container\" data-v-7556ea3a=\"\">\n<div class=\"product-bullets\" data-v-7556ea3a=\"\">\n<ul>\n<li>Construcci\u00f3n de arn\u00e9s Momentum<\/li>\n<li>F\u00e1cilmente ajustable<\/li>\n<li>F\u00e1cil encendido y apagado<\/li>\n<li>El alto punto de amarre mantiene a los ni\u00f1os erguidos<\/li>\n<li>Construcci\u00f3n c\u00f3moda que minimiza los puntos de presi\u00f3n.<\/li>\n<li>Talla \u00fanica<\/li>\n<li class=\"tech-spec-item\" data-v-7556ea3a=\"\"><span class=\"tech-spec-label\" data-v-7556ea3a=\"\">Peso: <\/span><span class=\"tech-spec-value\" data-v-7556ea3a=\"\">314 g (11,1 onzas)<\/span><\/li>\n<li class=\"tech-spec-item\" data-v-7556ea3a=\"\"><span class=\"tech-spec-label\" data-v-7556ea3a=\"\">Serie<\/span><span class=\"tech-spec-value\" data-v-7556ea3a=\"\">Todo al rededor<\/span><\/li>\n<li class=\"tech-spec-item\" data-v-7556ea3a=\"\"><span class=\"tech-spec-label\" data-v-7556ea3a=\"\">Materiales: <\/span><span class=\"tech-spec-value\" data-v-7556ea3a=\"\">Antidesgarro Ny.210D, Antidesgarro Poly 400D<\/span><\/li>\n<li class=\"tech-spec-item\" data-v-7556ea3a=\"\"><span class=\"tech-spec-label\" data-v-7556ea3a=\"\">Rango De Tama\u00f1o: <\/span><span class=\"tech-spec-value\" data-v-7556ea3a=\"\"><span class=\"tech-spec-value\" data-v-7556ea3a=\"\">Cintura: 35-65 cm (14-26 pulgadas) <\/span><\/span><\/li>\n<li class=\"tech-spec-item\" data-v-7556ea3a=\"\">Pata: 51 cm m\u00e1x. (20 pulg. m\u00e1x.)<\/li>\n<\/ul>\n<\/div>\n<\/div>\n","protected":false},"excerpt":{"rendered":"<p>Dise\u00f1ado con la misma construcci\u00f3n que nuestros arneses Momentum probados en el tiempo, el cuerpo completo para ni\u00f1os Black Diamond Momentum brinda soporte completo sin sacrificar la comodidad para los mini-yo trituradores del mundo.\u00a0F\u00e1cilmente ajustable con un punto de amarre alto, marca todos los detalles con facilidad para ponerlo y quitarlo para que todos disfruten &hellip;<\/p>\n<p class=\"read-more\"> <a class=\"\" href=\"https:\/\/pangeatacticalandoutdoors.com\/index.php\/producto\/bd-momentum-harness-kids-full-body\/\"> <span class=\"screen-reader-text\">BD-MOMENTUM HARNESS KID\u00b4S FULL BODY<\/span> Leer m\u00e1s &raquo;<\/a><\/p>\n","protected":false},"featured_media":6329,"comment_status":"open","ping_status":"closed","template":"","meta":{"site-sidebar-layout":"default","site-content-layout":"default","ast-global-header-display":"","ast-main-header-display":"","ast-hfb-above-header-display":"","ast-hfb-below-header-display":"","ast-hfb-mobile-header-display":"","site-post-title":"","ast-breadcrumbs-content":"","ast-featured-img":"","footer-sml-layout":"","theme-transparent-header-meta":"default","adv-header-id-meta":"","stick-header-meta":"","header-above-stick-meta":"","header-main-stick-meta":"","header-below-stick-meta":""},"product_cat":[333,88],"product_tag":[],"class_list":["post-6332","product","type-product","status-publish","has-post-thumbnail","hentry","product_cat-arnes","product_cat-campismo"],"jetpack_sharing_enabled":true,"_links":{"self":[{"href":"https:\/\/pangeatacticalandoutdoors.com\/index.php\/wp-json\/wp\/v2\/product\/6332","targetHints":{"allow":["GET"]}}],"collection":[{"href":"https:\/\/pangeatacticalandoutdoors.com\/index.php\/wp-json\/wp\/v2\/product"}],"about":[{"href":"https:\/\/pangeatacticalandoutdoors.com\/index.php\/wp-json\/wp\/v2\/types\/product"}],"replies":[{"embeddable":true,"href":"https:\/\/pangeatacticalandoutdoors.com\/index.php\/wp-json\/wp\/v2\/comments?post=6332"}],"wp:featuredmedia":[{"embeddable":true,"href":"https:\/\/pangeatacticalandoutdoors.com\/index.php\/wp-json\/wp\/v2\/media\/6329"}],"wp:attachment":[{"href":"https:\/\/pangeatacticalandoutdoors.com\/index.php\/wp-json\/wp\/v2\/media?parent=6332"}],"wp:term":[{"taxonomy":"product_cat","embeddable":true,"href":"https:\/\/pangeatacticalandoutdoors.com\/index.php\/wp-json\/wp\/v2\/product_cat?post=6332"},{"taxonomy":"product_tag","embeddable":true,"href":"https:\/\/pangeatacticalandoutdoors.com\/index.php\/wp-json\/wp\/v2\/product_tag?post=6332"}],"curies":[{"name":"wp","href":"https:\/\/api.w.org\/{rel}","templated":true}]}}