{"id":6156,"date":"2022-04-06T14:44:49","date_gmt":"2022-04-06T19:44:49","guid":{"rendered":"https:\/\/pangeatacticalandoutdoors.com\/?post_type=product&#038;p=6156"},"modified":"2022-09-02T11:28:47","modified_gmt":"2022-09-02T16:28:47","slug":"5-11-parche-donuts-served-hot-multicolor","status":"publish","type":"product","link":"https:\/\/pangeatacticalandoutdoors.com\/index.php\/producto\/5-11-parche-donuts-served-hot-multicolor\/","title":{"rendered":"5.11-PARCHE DONUTS SERVED HOT MULTICOLOR"},"content":{"rendered":"<div class=\"description product-description-full col-xs-12\">\n<div data-element=\"main\" data-appearance=\"contained\" data-content-type=\"row\">\n<div data-element=\"inner\" data-background-images=\"{}\" data-parallax-speed=\"0.5\" data-enable-parallax=\"0\">\n<div data-element=\"main\" data-appearance=\"default\" data-content-type=\"text\">\n<p><em>Dise\u00f1ados para integrarse con una amplia gama de ropa de patrulla, deber y t\u00e1ctica 5.11\u00ae, nuestros parches le permiten expresar su individualidad sin reducir su conocimiento o habilidad t\u00e1ctica.<\/em><\/p>\n<p><strong>DIMENSIONES<\/strong><\/p>\n<p>Tama\u00f1o: 2,75 &#8220;x 3&#8221;<\/p>\n<\/div>\n<\/div>\n<\/div>\n<\/div>\n<div id=\"product-detail-secondary\" class=\"product-description-features col-xs-12\">\n<div class=\"\">\n<ul>\n<li>Material: bordado<\/li>\n<li>Compatible con ropa y bolsos 5.11\u00ae<\/li>\n<li>F\u00e1cil de poner y quitar<\/li>\n<li>Adhesi\u00f3n de gancho<\/li>\n<li>Cortado con l\u00e1ser a medida<\/li>\n<li>Detalles ricos<\/li>\n<\/ul>\n<\/div>\n<\/div>\n","protected":false},"excerpt":{"rendered":"<p>Dise\u00f1ados para integrarse con una amplia gama de ropa de patrulla, deber y t\u00e1ctica 5.11\u00ae, nuestros parches le permiten expresar su individualidad sin reducir su conocimiento o habilidad t\u00e1ctica. DIMENSIONES Tama\u00f1o: 2,75 &#8220;x 3&#8221; Material: bordado Compatible con ropa y bolsos 5.11\u00ae F\u00e1cil de poner y quitar Adhesi\u00f3n de gancho Cortado con l\u00e1ser a medida &hellip;<\/p>\n<p class=\"read-more\"> <a class=\"\" href=\"https:\/\/pangeatacticalandoutdoors.com\/index.php\/producto\/5-11-parche-donuts-served-hot-multicolor\/\"> <span class=\"screen-reader-text\">5.11-PARCHE DONUTS SERVED HOT MULTICOLOR<\/span> Leer m\u00e1s &raquo;<\/a><\/p>\n","protected":false},"featured_media":6157,"comment_status":"open","ping_status":"closed","template":"","meta":{"site-sidebar-layout":"default","site-content-layout":"default","ast-global-header-display":"","ast-main-header-display":"","ast-hfb-above-header-display":"","ast-hfb-below-header-display":"","ast-hfb-mobile-header-display":"","site-post-title":"","ast-breadcrumbs-content":"","ast-featured-img":"","footer-sml-layout":"","theme-transparent-header-meta":"default","adv-header-id-meta":"","stick-header-meta":"","header-above-stick-meta":"","header-main-stick-meta":"","header-below-stick-meta":""},"product_cat":[90,149],"product_tag":[],"class_list":["post-6156","product","type-product","status-publish","has-post-thumbnail","hentry","product_cat-accesorios","product_cat-parches"],"jetpack_sharing_enabled":true,"_links":{"self":[{"href":"https:\/\/pangeatacticalandoutdoors.com\/index.php\/wp-json\/wp\/v2\/product\/6156","targetHints":{"allow":["GET"]}}],"collection":[{"href":"https:\/\/pangeatacticalandoutdoors.com\/index.php\/wp-json\/wp\/v2\/product"}],"about":[{"href":"https:\/\/pangeatacticalandoutdoors.com\/index.php\/wp-json\/wp\/v2\/types\/product"}],"replies":[{"embeddable":true,"href":"https:\/\/pangeatacticalandoutdoors.com\/index.php\/wp-json\/wp\/v2\/comments?post=6156"}],"wp:featuredmedia":[{"embeddable":true,"href":"https:\/\/pangeatacticalandoutdoors.com\/index.php\/wp-json\/wp\/v2\/media\/6157"}],"wp:attachment":[{"href":"https:\/\/pangeatacticalandoutdoors.com\/index.php\/wp-json\/wp\/v2\/media?parent=6156"}],"wp:term":[{"taxonomy":"product_cat","embeddable":true,"href":"https:\/\/pangeatacticalandoutdoors.com\/index.php\/wp-json\/wp\/v2\/product_cat?post=6156"},{"taxonomy":"product_tag","embeddable":true,"href":"https:\/\/pangeatacticalandoutdoors.com\/index.php\/wp-json\/wp\/v2\/product_tag?post=6156"}],"curies":[{"name":"wp","href":"https:\/\/api.w.org\/{rel}","templated":true}]}}