{"id":6148,"date":"2022-04-06T13:45:29","date_gmt":"2022-04-06T18:45:29","guid":{"rendered":"https:\/\/pangeatacticalandoutdoors.com\/?post_type=product&#038;p=6148"},"modified":"2023-06-16T19:32:04","modified_gmt":"2023-06-17T00:32:04","slug":"tt-radio-pouch-lp","status":"publish","type":"product","link":"https:\/\/pangeatacticalandoutdoors.com\/index.php\/producto\/tt-radio-pouch-lp\/","title":{"rendered":"TT-RADIO POUCH LP"},"content":{"rendered":"<div>\n<p><em>Funda de tama\u00f1o ajustable para radios de todo tipo.\u00a0Con cinta de sujeci\u00f3n de velcro.<\/em><\/p>\n<ul class=\"desc\">\n<li><span>Ajuste de tama\u00f1o mediante cierre r\u00e1pido de velcro ajustable en longitud (longitud) y cuerda el\u00e1stica (anchura)<\/span><\/li>\n<li><span>Para dispositivos con las dimensiones: Ancho min.\u00a06 &#8211; m\u00e1x.\u00a08 cm \/ Profundidad m\u00edn.\u00a03 &#8211; m\u00e1x.\u00a06 cm \/ Longitud m\u00edn.\u00a013 &#8211; m\u00e1x.\u00a026cm<\/span><\/li>\n<li><span>Sistema de botones a presi\u00f3n MOLLE<\/span><br \/>\n<h3><\/h3>\n<div>\n<table class=\"product-details\">\n<tbody>\n<tr>\n<th><span>Mediciones:<\/span><\/th>\n<td><span>15x7x7cm<\/span><\/td>\n<\/tr>\n<tr>\n<th><span>Peso:<\/span><\/th>\n<td><span>90g<\/span><\/td>\n<\/tr>\n<tr>\n<th><span>Tela 1:<\/span><\/th>\n<td><span>CORDURA\u00ae 700 denier<\/span><\/td>\n<\/tr>\n<tr>\n<th><span>Tela 2:<\/span><\/th>\n<td><span>TPU CORDURA\u00ae 700 den<\/span><\/td>\n<\/tr>\n<\/tbody>\n<\/table>\n<\/div>\n<\/li>\n<\/ul>\n<\/div>\n","protected":false},"excerpt":{"rendered":"<p>Funda de tama\u00f1o ajustable para radios de todo tipo.\u00a0Con cinta de sujeci\u00f3n de velcro. Ajuste de tama\u00f1o mediante cierre r\u00e1pido de velcro ajustable en longitud (longitud) y cuerda el\u00e1stica (anchura) Para dispositivos con las dimensiones: Ancho min.\u00a06 &#8211; m\u00e1x.\u00a08 cm \/ Profundidad m\u00edn.\u00a03 &#8211; m\u00e1x.\u00a06 cm \/ Longitud m\u00edn.\u00a013 &#8211; m\u00e1x.\u00a026cm Sistema de botones a &hellip;<\/p>\n<p class=\"read-more\"> <a class=\"\" href=\"https:\/\/pangeatacticalandoutdoors.com\/index.php\/producto\/tt-radio-pouch-lp\/\"> <span class=\"screen-reader-text\">TT-RADIO POUCH LP<\/span> Leer m\u00e1s &raquo;<\/a><\/p>\n","protected":false},"featured_media":6149,"comment_status":"open","ping_status":"closed","template":"","meta":{"site-sidebar-layout":"default","site-content-layout":"default","ast-global-header-display":"","ast-main-header-display":"","ast-hfb-above-header-display":"","ast-hfb-below-header-display":"","ast-hfb-mobile-header-display":"","site-post-title":"","ast-breadcrumbs-content":"","ast-featured-img":"","footer-sml-layout":"","theme-transparent-header-meta":"default","adv-header-id-meta":"","stick-header-meta":"","header-above-stick-meta":"","header-main-stick-meta":"","header-below-stick-meta":""},"product_cat":[90,380],"product_tag":[],"class_list":["post-6148","product","type-product","status-publish","has-post-thumbnail","hentry","product_cat-accesorios","product_cat-porta-radio"],"jetpack_sharing_enabled":true,"_links":{"self":[{"href":"https:\/\/pangeatacticalandoutdoors.com\/index.php\/wp-json\/wp\/v2\/product\/6148","targetHints":{"allow":["GET"]}}],"collection":[{"href":"https:\/\/pangeatacticalandoutdoors.com\/index.php\/wp-json\/wp\/v2\/product"}],"about":[{"href":"https:\/\/pangeatacticalandoutdoors.com\/index.php\/wp-json\/wp\/v2\/types\/product"}],"replies":[{"embeddable":true,"href":"https:\/\/pangeatacticalandoutdoors.com\/index.php\/wp-json\/wp\/v2\/comments?post=6148"}],"wp:featuredmedia":[{"embeddable":true,"href":"https:\/\/pangeatacticalandoutdoors.com\/index.php\/wp-json\/wp\/v2\/media\/6149"}],"wp:attachment":[{"href":"https:\/\/pangeatacticalandoutdoors.com\/index.php\/wp-json\/wp\/v2\/media?parent=6148"}],"wp:term":[{"taxonomy":"product_cat","embeddable":true,"href":"https:\/\/pangeatacticalandoutdoors.com\/index.php\/wp-json\/wp\/v2\/product_cat?post=6148"},{"taxonomy":"product_tag","embeddable":true,"href":"https:\/\/pangeatacticalandoutdoors.com\/index.php\/wp-json\/wp\/v2\/product_tag?post=6148"}],"curies":[{"name":"wp","href":"https:\/\/api.w.org\/{rel}","templated":true}]}}