{"id":6125,"date":"2022-04-06T13:03:35","date_gmt":"2022-04-06T18:03:35","guid":{"rendered":"https:\/\/pangeatacticalandoutdoors.com\/?post_type=product&#038;p=6125"},"modified":"2024-05-11T14:13:34","modified_gmt":"2024-05-11T19:13:34","slug":"snugpak-jungle-hammock-with-mosquito-net","status":"publish","type":"product","link":"https:\/\/pangeatacticalandoutdoors.com\/index.php\/producto\/snugpak-jungle-hammock-with-mosquito-net\/","title":{"rendered":"SNUGPAK-JUNGLE HAMMOCK WITH MOSQUITO NET"},"content":{"rendered":"<p><em>Esta hamaca es ideal para aquellos que no quieren llevar una tienda de campa\u00f1a pero quieren protegerse de los insectos. Esta hamaca Jungle viene con mosquitera integrada en el producto.\u00a0Es ideal para aquellos que buscan una soluci\u00f3n simple cuando est\u00e1n en el bosque o la jungla.<\/em><br \/>\n<em>Est\u00e1 fabricado con poli\u00e9ster 20D, un material de nailon de paraca\u00eddas y malla antimosquitos No-See-Um 1000 por pulgada cuadrada, para evitar que los insectos perturben tu sue\u00f1o.\u00a0La hamaca Jungle con mosquitera se suministra con 4 piezas de cuerdas de sujeci\u00f3n el\u00e1sticas de 4 m\/13 pies de largo, as\u00ed como un sistema de fijaci\u00f3n de suspensi\u00f3n con protectores de \u00e1rboles.\u00a0Se suministra con dos mosquetones de acero para fijar al sistema de fijaci\u00f3n de suspensi\u00f3n.\u00a0Peso m\u00e1ximo del usuario: 180 kg\/400 lb<\/em><br \/>\n<em>Sistema de fijaci\u00f3n de suspensi\u00f3n: hecho de paracord &#8220;550&#8221; con nudos espaciados para permitir varios puntos de fijaci\u00f3n y distancias desde el \u00e1rbol o poste hasta la hamaca.\u00a0No m\u00e1s andar a tientas y atar nudos, ni encontrar el \u00e1rbol perfectamente espaciado, ya que el sistema de fijaci\u00f3n de suspensi\u00f3n permite varias longitudes para fijar la hamaca seg\u00fan sea necesario.\u00a0Simplemente envuelva el sistema de fijaci\u00f3n de suspensi\u00f3n alrededor del \u00e1rbol deseado, luego pase el extremo anudado a trav\u00e9s del extremo del lazo y conecte el mosquet\u00f3n de la hamaca a la secci\u00f3n anudada para lograr la longitud y la altura deseadas al instalarla.<\/em><\/p>\n<h6 class=\"features\"><span>CARACTER\u00cdSTICAS:<\/span><\/h6>\n<ul>\n<li><span>Ligero, duradero y de bajo tama\u00f1o<\/span><\/li>\n<li><span>F\u00e1cil de configurar<\/span><\/li>\n<li><span>Hecho de poli\u00e9ster 20D, un material de nailon de paraca\u00eddas.<\/span><\/li>\n<li><span>Malla para mosquitos No-See-Um 1000 por pulgada cuadrada, para evitar que los insectos perturben su sue\u00f1o<\/span><\/li>\n<li><span>Viene con un sistema de fijaci\u00f3n de suspensi\u00f3n con Tree Protector que incluye dos mosquetones de acero, lo que simplifica la instalaci\u00f3n<\/span><\/li>\n<li><span>Peso m\u00e1ximo del usuario: 180 kg\/400 lb<\/span><\/li>\n<li><span>Incluye un estuche de transporte frontal de malla con cremallera y una bolsa para cosas<\/span><\/li>\n<\/ul>\n","protected":false},"excerpt":{"rendered":"<p>Esta hamaca es ideal para aquellos que no quieren llevar una tienda de campa\u00f1a pero quieren protegerse de los insectos. Esta hamaca Jungle viene con mosquitera integrada en el producto.\u00a0Es ideal para aquellos que buscan una soluci\u00f3n simple cuando est\u00e1n en el bosque o la jungla. Est\u00e1 fabricado con poli\u00e9ster 20D, un material de nailon &hellip;<\/p>\n<p class=\"read-more\"> <a class=\"\" href=\"https:\/\/pangeatacticalandoutdoors.com\/index.php\/producto\/snugpak-jungle-hammock-with-mosquito-net\/\"> <span class=\"screen-reader-text\">SNUGPAK-JUNGLE HAMMOCK WITH MOSQUITO NET<\/span> Leer m\u00e1s &raquo;<\/a><\/p>\n","protected":false},"featured_media":6126,"comment_status":"open","ping_status":"closed","template":"","meta":{"site-sidebar-layout":"default","site-content-layout":"default","ast-global-header-display":"","ast-main-header-display":"","ast-hfb-above-header-display":"","ast-hfb-below-header-display":"","ast-hfb-mobile-header-display":"","site-post-title":"","ast-breadcrumbs-content":"","ast-featured-img":"","footer-sml-layout":"","theme-transparent-header-meta":"default","adv-header-id-meta":"","stick-header-meta":"","header-above-stick-meta":"","header-main-stick-meta":"","header-below-stick-meta":""},"product_cat":[150,88],"product_tag":[],"class_list":["post-6125","product","type-product","status-publish","has-post-thumbnail","hentry","product_cat-hamacas-y-accesorios","product_cat-campismo"],"jetpack_sharing_enabled":true,"_links":{"self":[{"href":"https:\/\/pangeatacticalandoutdoors.com\/index.php\/wp-json\/wp\/v2\/product\/6125","targetHints":{"allow":["GET"]}}],"collection":[{"href":"https:\/\/pangeatacticalandoutdoors.com\/index.php\/wp-json\/wp\/v2\/product"}],"about":[{"href":"https:\/\/pangeatacticalandoutdoors.com\/index.php\/wp-json\/wp\/v2\/types\/product"}],"replies":[{"embeddable":true,"href":"https:\/\/pangeatacticalandoutdoors.com\/index.php\/wp-json\/wp\/v2\/comments?post=6125"}],"wp:featuredmedia":[{"embeddable":true,"href":"https:\/\/pangeatacticalandoutdoors.com\/index.php\/wp-json\/wp\/v2\/media\/6126"}],"wp:attachment":[{"href":"https:\/\/pangeatacticalandoutdoors.com\/index.php\/wp-json\/wp\/v2\/media?parent=6125"}],"wp:term":[{"taxonomy":"product_cat","embeddable":true,"href":"https:\/\/pangeatacticalandoutdoors.com\/index.php\/wp-json\/wp\/v2\/product_cat?post=6125"},{"taxonomy":"product_tag","embeddable":true,"href":"https:\/\/pangeatacticalandoutdoors.com\/index.php\/wp-json\/wp\/v2\/product_tag?post=6125"}],"curies":[{"name":"wp","href":"https:\/\/api.w.org\/{rel}","templated":true}]}}