{"id":6122,"date":"2022-04-06T11:47:13","date_gmt":"2022-04-06T16:47:13","guid":{"rendered":"https:\/\/pangeatacticalandoutdoors.com\/?post_type=product&#038;p=6122"},"modified":"2022-10-22T12:03:31","modified_gmt":"2022-10-22T17:03:31","slug":"5-11-youll-survive-patch-modelo-81977","status":"publish","type":"product","link":"https:\/\/pangeatacticalandoutdoors.com\/index.php\/producto\/5-11-youll-survive-patch-modelo-81977\/","title":{"rendered":"5.11 YOU&#8217;LL SURVIVE PATCH MODELO 81977"},"content":{"rendered":"<p><em>Dise\u00f1ados para integrarse con una amplia gama de ropa de patrulla, servicio y t\u00e1ctica 5.11\u00ae, nuestros parches le permiten expresar su individualidad sin reducir su conocimiento o habilidad t\u00e1ctica.<\/em><\/p>\n<h6>CARACTER\u00cdSTICAS:<\/h6>\n<div class=\"product-detail-container main-content-description row eq-height\" data-gtm-vis-recent-on-screen-8072910_745=\"1000398\" data-gtm-vis-first-on-screen-8072910_745=\"1000398\" data-gtm-vis-total-visible-time-8072910_745=\"100\" data-gtm-vis-has-fired-8072910_745=\"1\">\n<div class=\"description product-description-full col-xs-12\">\n<div data-content-type=\"row\" data-appearance=\"contained\" data-element=\"main\">\n<div data-enable-parallax=\"0\" data-parallax-speed=\"0.5\" data-background-images=\"{}\" data-element=\"inner\">\n<div data-content-type=\"text\" data-appearance=\"default\" data-element=\"main\">\n<ul>\n<li><span>Tama\u00f1o: 3&#8243; x 2&#8243;<\/span><\/li>\n<li><span>Material: TPU<\/span><\/li>\n<li><span>Compatible con ropa y bolsos 5.11\u00ae<\/span><\/li>\n<li><span>F\u00e1cil de poner y quitar<\/span><\/li>\n<li><span>Adherencia de gancho<\/span><\/li>\n<li><span>Corte l\u00e1ser a medida<\/span><\/li>\n<li><span>Ricos detalles<\/span><\/li>\n<li><span>Importado<\/span><\/li>\n<\/ul>\n<\/div>\n<\/div>\n<\/div>\n<\/div>\n<div id=\"product-detail-secondary\" class=\"product-description-features col-xs-12\"><\/div>\n<\/div>\n<div id=\"product-specs\" class=\"product-description-specifications product-detail-container clearfix\"><\/div>\n<div id=\"product-tech\" class=\"product-details-tech product-detail-container col-md-12 col-sm-12 col-xs-12 clearfix\">\n<div class=\"row\"><\/div>\n<\/div>\n<div id=\"product-recommend\" class=\"product-details-recommend recommended clearfix\">\n<div data-dy-embedded-object=\"true\">\n<div class=\"dy_unit dy_smart_object_1037598 dyother dyMonitor\" data-dy-exp-id=\"1050667\" data-dy-var-id=\"25681249\" data-dy-ver-data=\"11138315::0:1649262215106:76407:75603:1:0:0\" data-dy-att-method=\"2\" data-dy-att-seq=\"75603\" data-adid=\"smart_object_1037598||1472|||\">\n<div id=\"dy-recommendations-14364919\" class=\"col-md-12 col-sm-12 col-xs-12 clearfix\">\n<div class=\"dy-recommendations__title-container\"><\/div>\n<\/div>\n<\/div>\n<\/div>\n<\/div>\n","protected":false},"excerpt":{"rendered":"<p>Dise\u00f1ados para integrarse con una amplia gama de ropa de patrulla, servicio y t\u00e1ctica 5.11\u00ae, nuestros parches le permiten expresar su individualidad sin reducir su conocimiento o habilidad t\u00e1ctica. CARACTER\u00cdSTICAS: Tama\u00f1o: 3&#8243; x 2&#8243; Material: TPU Compatible con ropa y bolsos 5.11\u00ae F\u00e1cil de poner y quitar Adherencia de gancho Corte l\u00e1ser a medida Ricos &hellip;<\/p>\n<p class=\"read-more\"> <a class=\"\" href=\"https:\/\/pangeatacticalandoutdoors.com\/index.php\/producto\/5-11-youll-survive-patch-modelo-81977\/\"> <span class=\"screen-reader-text\">5.11 YOU&#8217;LL SURVIVE PATCH MODELO 81977<\/span> Leer m\u00e1s &raquo;<\/a><\/p>\n","protected":false},"featured_media":6123,"comment_status":"open","ping_status":"closed","template":"","meta":{"site-sidebar-layout":"default","site-content-layout":"default","ast-global-header-display":"","ast-main-header-display":"","ast-hfb-above-header-display":"","ast-hfb-below-header-display":"","ast-hfb-mobile-header-display":"","site-post-title":"","ast-breadcrumbs-content":"","ast-featured-img":"","footer-sml-layout":"","theme-transparent-header-meta":"default","adv-header-id-meta":"","stick-header-meta":"","header-above-stick-meta":"","header-main-stick-meta":"","header-below-stick-meta":""},"product_cat":[149,87],"product_tag":[],"class_list":["post-6122","product","type-product","status-publish","has-post-thumbnail","hentry","product_cat-parches","product_cat-ropa"],"jetpack_sharing_enabled":true,"_links":{"self":[{"href":"https:\/\/pangeatacticalandoutdoors.com\/index.php\/wp-json\/wp\/v2\/product\/6122","targetHints":{"allow":["GET"]}}],"collection":[{"href":"https:\/\/pangeatacticalandoutdoors.com\/index.php\/wp-json\/wp\/v2\/product"}],"about":[{"href":"https:\/\/pangeatacticalandoutdoors.com\/index.php\/wp-json\/wp\/v2\/types\/product"}],"replies":[{"embeddable":true,"href":"https:\/\/pangeatacticalandoutdoors.com\/index.php\/wp-json\/wp\/v2\/comments?post=6122"}],"wp:featuredmedia":[{"embeddable":true,"href":"https:\/\/pangeatacticalandoutdoors.com\/index.php\/wp-json\/wp\/v2\/media\/6123"}],"wp:attachment":[{"href":"https:\/\/pangeatacticalandoutdoors.com\/index.php\/wp-json\/wp\/v2\/media?parent=6122"}],"wp:term":[{"taxonomy":"product_cat","embeddable":true,"href":"https:\/\/pangeatacticalandoutdoors.com\/index.php\/wp-json\/wp\/v2\/product_cat?post=6122"},{"taxonomy":"product_tag","embeddable":true,"href":"https:\/\/pangeatacticalandoutdoors.com\/index.php\/wp-json\/wp\/v2\/product_tag?post=6122"}],"curies":[{"name":"wp","href":"https:\/\/api.w.org\/{rel}","templated":true}]}}