{"id":6080,"date":"2022-03-30T14:29:01","date_gmt":"2022-03-30T20:29:01","guid":{"rendered":"https:\/\/pangeatacticalandoutdoors.com\/?post_type=product&#038;p=6080"},"modified":"2025-08-22T12:13:28","modified_gmt":"2025-08-22T18:13:28","slug":"snugpak-tropical-hammock","status":"publish","type":"product","link":"https:\/\/pangeatacticalandoutdoors.com\/index.php\/producto\/snugpak-tropical-hammock\/","title":{"rendered":"SNUGPAK-TROPICAL HAMMOCK"},"content":{"rendered":"<p><em>La hamaca tropical Fabricada con material de nailon de paraca\u00eddas ligero pero extremadamente fuerte, costuras triples de nailon, se pliega en su propia bolsa pr\u00e1ctica, se suministra con mosquetones resistentes para una f\u00e1cil instalaci\u00f3n.\u00a0La hamaca tropical tambi\u00e9n se suministra con un sistema de fijaci\u00f3n de suspensi\u00f3n con fundas para \u00e1rboles para que la instalaci\u00f3n y la seguridad alrededor de los \u00e1rboles sean m\u00e1s r\u00e1pidas y sencillas.\u00a0Con dos mosquetones de acero para fijar la hamaca se conecta muy f\u00e1cilmente al sistema de fijaci\u00f3n de suspensi\u00f3n.<\/em><\/p>\n<p><em>Sistema de fijaci\u00f3n de suspensi\u00f3n: hecho de paracord &#8220;550&#8221; con nudos espaciados para permitir varios puntos de fijaci\u00f3n y distancias desde el \u00e1rbol o poste hasta la hamaca.\u00a0No m\u00e1s andar a tientas y atar nudos, ni encontrar el \u00e1rbol perfectamente espaciado, ya que el sistema de fijaci\u00f3n de suspensi\u00f3n permite varias longitudes para fijar la hamaca seg\u00fan sea necesario.\u00a0Simplemente envuelva el sistema de fijaci\u00f3n de suspensi\u00f3n alrededor del \u00e1rbol deseado, luego pase el extremo anudado a trav\u00e9s del extremo del lazo y conecte el mosquet\u00f3n de la hamaca a la secci\u00f3n anudada para lograr la longitud y la altura deseadas al instalarla.<\/em><\/p>\n<h6 class=\"features\">CARACTER\u00cdSTICAS:<\/h6>\n<ul>\n<li>Ligero, duradero y de bajo tama\u00f1o<\/li>\n<li>F\u00e1cil de configurar<\/li>\n<li>Hecho de poli\u00e9ster 20D, un material de nailon de paraca\u00eddas.<\/li>\n<li>Viene con un sistema de fijaci\u00f3n de suspensi\u00f3n con Tree Protector que incluye dos mosquetones de acero, lo que simplifica la instalaci\u00f3n<\/li>\n<li>Peso m\u00e1ximo del usuario: 180 kg\/400 lb<\/li>\n<li>Incluye un estuche de transporte frontal de malla con cremallera y una bolsa para cosas<\/li>\n<\/ul>\n<h4>PESO<\/h4>\n<p>21 oz (600 g)<\/p>\n<h4>DIMENSIONES<\/h4>\n<p>108 x 53 pulgadas (275 x 135 cm)<\/p>\n<h4>TAMA\u00d1O DEL PAQUETE<\/h4>\n<p>7 x 6 x 4 pulgadas (18 x 16 x 9 cm)<\/p>\n","protected":false},"excerpt":{"rendered":"<p>La hamaca tropical Fabricada con material de nailon de paraca\u00eddas ligero pero extremadamente fuerte, costuras triples de nailon, se pliega en su propia bolsa pr\u00e1ctica, se suministra con mosquetones resistentes para una f\u00e1cil instalaci\u00f3n.\u00a0La hamaca tropical tambi\u00e9n se suministra con un sistema de fijaci\u00f3n de suspensi\u00f3n con fundas para \u00e1rboles para que la instalaci\u00f3n y &hellip;<\/p>\n<p class=\"read-more\"> <a class=\"\" href=\"https:\/\/pangeatacticalandoutdoors.com\/index.php\/producto\/snugpak-tropical-hammock\/\"> <span class=\"screen-reader-text\">SNUGPAK-TROPICAL HAMMOCK<\/span> Leer m\u00e1s &raquo;<\/a><\/p>\n","protected":false},"featured_media":6082,"comment_status":"open","ping_status":"closed","template":"","meta":{"site-sidebar-layout":"default","site-content-layout":"default","ast-global-header-display":"","ast-main-header-display":"","ast-hfb-above-header-display":"","ast-hfb-below-header-display":"","ast-hfb-mobile-header-display":"","site-post-title":"","ast-breadcrumbs-content":"","ast-featured-img":"","footer-sml-layout":"","theme-transparent-header-meta":"default","adv-header-id-meta":"","stick-header-meta":"","header-above-stick-meta":"","header-main-stick-meta":"","header-below-stick-meta":""},"product_cat":[150,88],"product_tag":[],"class_list":["post-6080","product","type-product","status-publish","has-post-thumbnail","hentry","product_cat-hamacas-y-accesorios","product_cat-campismo"],"jetpack_sharing_enabled":true,"_links":{"self":[{"href":"https:\/\/pangeatacticalandoutdoors.com\/index.php\/wp-json\/wp\/v2\/product\/6080","targetHints":{"allow":["GET"]}}],"collection":[{"href":"https:\/\/pangeatacticalandoutdoors.com\/index.php\/wp-json\/wp\/v2\/product"}],"about":[{"href":"https:\/\/pangeatacticalandoutdoors.com\/index.php\/wp-json\/wp\/v2\/types\/product"}],"replies":[{"embeddable":true,"href":"https:\/\/pangeatacticalandoutdoors.com\/index.php\/wp-json\/wp\/v2\/comments?post=6080"}],"wp:featuredmedia":[{"embeddable":true,"href":"https:\/\/pangeatacticalandoutdoors.com\/index.php\/wp-json\/wp\/v2\/media\/6082"}],"wp:attachment":[{"href":"https:\/\/pangeatacticalandoutdoors.com\/index.php\/wp-json\/wp\/v2\/media?parent=6080"}],"wp:term":[{"taxonomy":"product_cat","embeddable":true,"href":"https:\/\/pangeatacticalandoutdoors.com\/index.php\/wp-json\/wp\/v2\/product_cat?post=6080"},{"taxonomy":"product_tag","embeddable":true,"href":"https:\/\/pangeatacticalandoutdoors.com\/index.php\/wp-json\/wp\/v2\/product_tag?post=6080"}],"curies":[{"name":"wp","href":"https:\/\/api.w.org\/{rel}","templated":true}]}}