{"id":6076,"date":"2022-03-30T13:42:03","date_gmt":"2022-03-30T19:42:03","guid":{"rendered":"https:\/\/pangeatacticalandoutdoors.com\/?post_type=product&#038;p=6076"},"modified":"2023-05-11T19:40:58","modified_gmt":"2023-05-12T00:40:58","slug":"tt-hip-bag-multicam","status":"publish","type":"product","link":"https:\/\/pangeatacticalandoutdoors.com\/index.php\/producto\/tt-hip-bag-multicam\/","title":{"rendered":"TT-HIP BAG MULTICAM"},"content":{"rendered":"<p><em>RI\u00d1ONERA \/ CANGURERA TASMANIAN TIGER MULTICAM<\/em><\/p>\n<ul class=\"a-unordered-list a-vertical a-spacing-mini\">\n<li><span class=\"a-list-item\">EZ Clip, cintura ajustable de cinta de nailon<\/span><\/li>\n<li><span class=\"a-list-item\">Parche Vecro en la secci\u00f3n frontal para a\u00f1adir tu propio parche<\/span><\/li>\n<li><span class=\"a-list-item\">La secci\u00f3n frontal se adapta a la mayor\u00eda de tel\u00e9fonos m\u00f3viles (5.75 x 3)<\/span><\/li>\n<li><span class=\"a-list-item\">La secci\u00f3n principal es espaciosa<\/span><\/li>\n<li><span class=\"a-list-item\">Cremallera con tiradores de cremallera f\u00e1ciles de agarrar<\/span><\/li>\n<\/ul>\n","protected":false},"excerpt":{"rendered":"<p>RI\u00d1ONERA \/ CANGURERA TASMANIAN TIGER MULTICAM EZ Clip, cintura ajustable de cinta de nailon Parche Vecro en la secci\u00f3n frontal para a\u00f1adir tu propio parche La secci\u00f3n frontal se adapta a la mayor\u00eda de tel\u00e9fonos m\u00f3viles (5.75 x 3) La secci\u00f3n principal es espaciosa Cremallera con tiradores de cremallera f\u00e1ciles de agarrar<\/p>\n","protected":false},"featured_media":6079,"comment_status":"open","ping_status":"closed","template":"","meta":{"site-sidebar-layout":"default","site-content-layout":"default","ast-global-header-display":"","ast-main-header-display":"","ast-hfb-above-header-display":"","ast-hfb-below-header-display":"","ast-hfb-mobile-header-display":"","site-post-title":"","ast-breadcrumbs-content":"","ast-featured-img":"","footer-sml-layout":"","theme-transparent-header-meta":"default","adv-header-id-meta":"","stick-header-meta":"","header-above-stick-meta":"","header-main-stick-meta":"","header-below-stick-meta":""},"product_cat":[90,144],"product_tag":[],"class_list":["post-6076","product","type-product","status-publish","has-post-thumbnail","hentry","product_cat-accesorios","product_cat-bolsas"],"jetpack_sharing_enabled":true,"_links":{"self":[{"href":"https:\/\/pangeatacticalandoutdoors.com\/index.php\/wp-json\/wp\/v2\/product\/6076","targetHints":{"allow":["GET"]}}],"collection":[{"href":"https:\/\/pangeatacticalandoutdoors.com\/index.php\/wp-json\/wp\/v2\/product"}],"about":[{"href":"https:\/\/pangeatacticalandoutdoors.com\/index.php\/wp-json\/wp\/v2\/types\/product"}],"replies":[{"embeddable":true,"href":"https:\/\/pangeatacticalandoutdoors.com\/index.php\/wp-json\/wp\/v2\/comments?post=6076"}],"wp:featuredmedia":[{"embeddable":true,"href":"https:\/\/pangeatacticalandoutdoors.com\/index.php\/wp-json\/wp\/v2\/media\/6079"}],"wp:attachment":[{"href":"https:\/\/pangeatacticalandoutdoors.com\/index.php\/wp-json\/wp\/v2\/media?parent=6076"}],"wp:term":[{"taxonomy":"product_cat","embeddable":true,"href":"https:\/\/pangeatacticalandoutdoors.com\/index.php\/wp-json\/wp\/v2\/product_cat?post=6076"},{"taxonomy":"product_tag","embeddable":true,"href":"https:\/\/pangeatacticalandoutdoors.com\/index.php\/wp-json\/wp\/v2\/product_tag?post=6076"}],"curies":[{"name":"wp","href":"https:\/\/api.w.org\/{rel}","templated":true}]}}