{"id":6066,"date":"2022-03-25T18:22:34","date_gmt":"2022-03-26T00:22:34","guid":{"rendered":"https:\/\/pangeatacticalandoutdoors.com\/?post_type=product&#038;p=6066"},"modified":"2023-02-02T18:55:44","modified_gmt":"2023-02-03T00:55:44","slug":"mendoza-kit-de-supervivencia-multifuncional","status":"publish","type":"product","link":"https:\/\/pangeatacticalandoutdoors.com\/index.php\/producto\/mendoza-kit-de-supervivencia-multifuncional\/","title":{"rendered":"MENDOZA-KIT DE SUPERVIVENCIA MULTIFUNCIONAL"},"content":{"rendered":"<ul>\n<li>Kit De Supervivencia Negro Campismo Navaja Lampara Mendoza\n<ul>\n<li>Kit de supervivencia negro multifuncional viene con diferentes tipos de herramientas, cumple con tus diferentes demandas y es muy pr\u00e1ctico de transportar.<\/li>\n<li>Adecuado para supervivencia, mochila, camping, senderismo, pesca, etc.<\/li>\n<li>Linterna (bater\u00eda no incluida)<\/li>\n<li>Herramienta multifuncional<\/li>\n<li>Navaja plegable<\/li>\n<li>Navaja t\u00e1ctica multiherramienta<\/li>\n<li>Pulsera de supervivencia 5 en 1 (cuenta con un cord\u00f3n paracord de 3.2m).<\/li>\n<li>Pluma t\u00e1ctica rompe vidrios.<\/li>\n<li>Silbato<\/li>\n<li>Br\u00fajula y term\u00f3metro<\/li>\n<li>Pedernal y raspador<\/li>\n<li>Caja de almacenamiento<\/li>\n<\/ul>\n<\/li>\n<\/ul>\n","protected":false},"excerpt":{"rendered":"<p>Kit De Supervivencia Negro Campismo Navaja Lampara Mendoza Kit de supervivencia negro multifuncional viene con diferentes tipos de herramientas, cumple con tus diferentes demandas y es muy pr\u00e1ctico de transportar. Adecuado para supervivencia, mochila, camping, senderismo, pesca, etc. Linterna (bater\u00eda no incluida) Herramienta multifuncional Navaja plegable Navaja t\u00e1ctica multiherramienta Pulsera de supervivencia 5 en 1 &hellip;<\/p>\n<p class=\"read-more\"> <a class=\"\" href=\"https:\/\/pangeatacticalandoutdoors.com\/index.php\/producto\/mendoza-kit-de-supervivencia-multifuncional\/\"> <span class=\"screen-reader-text\">MENDOZA-KIT DE SUPERVIVENCIA MULTIFUNCIONAL<\/span> Leer m\u00e1s &raquo;<\/a><\/p>\n","protected":false},"featured_media":6067,"comment_status":"open","ping_status":"closed","template":"","meta":{"site-sidebar-layout":"default","site-content-layout":"default","ast-global-header-display":"","ast-main-header-display":"","ast-hfb-above-header-display":"","ast-hfb-below-header-display":"","ast-hfb-mobile-header-display":"","site-post-title":"","ast-breadcrumbs-content":"","ast-featured-img":"","footer-sml-layout":"","theme-transparent-header-meta":"default","adv-header-id-meta":"","stick-header-meta":"","header-above-stick-meta":"","header-main-stick-meta":"","header-below-stick-meta":""},"product_cat":[379,88],"product_tag":[],"class_list":["post-6066","product","type-product","status-publish","has-post-thumbnail","hentry","product_cat-campismo-2","product_cat-campismo"],"jetpack_sharing_enabled":true,"_links":{"self":[{"href":"https:\/\/pangeatacticalandoutdoors.com\/index.php\/wp-json\/wp\/v2\/product\/6066","targetHints":{"allow":["GET"]}}],"collection":[{"href":"https:\/\/pangeatacticalandoutdoors.com\/index.php\/wp-json\/wp\/v2\/product"}],"about":[{"href":"https:\/\/pangeatacticalandoutdoors.com\/index.php\/wp-json\/wp\/v2\/types\/product"}],"replies":[{"embeddable":true,"href":"https:\/\/pangeatacticalandoutdoors.com\/index.php\/wp-json\/wp\/v2\/comments?post=6066"}],"wp:featuredmedia":[{"embeddable":true,"href":"https:\/\/pangeatacticalandoutdoors.com\/index.php\/wp-json\/wp\/v2\/media\/6067"}],"wp:attachment":[{"href":"https:\/\/pangeatacticalandoutdoors.com\/index.php\/wp-json\/wp\/v2\/media?parent=6066"}],"wp:term":[{"taxonomy":"product_cat","embeddable":true,"href":"https:\/\/pangeatacticalandoutdoors.com\/index.php\/wp-json\/wp\/v2\/product_cat?post=6066"},{"taxonomy":"product_tag","embeddable":true,"href":"https:\/\/pangeatacticalandoutdoors.com\/index.php\/wp-json\/wp\/v2\/product_tag?post=6066"}],"curies":[{"name":"wp","href":"https:\/\/api.w.org\/{rel}","templated":true}]}}