{"id":6059,"date":"2022-03-25T18:13:33","date_gmt":"2022-03-26T00:13:33","guid":{"rendered":"https:\/\/pangeatacticalandoutdoors.com\/?post_type=product&#038;p=6059"},"modified":"2022-09-17T15:56:21","modified_gmt":"2022-09-17T20:56:21","slug":"mendoza-banco-camping-plegable-infantil","status":"publish","type":"product","link":"https:\/\/pangeatacticalandoutdoors.com\/index.php\/producto\/mendoza-banco-camping-plegable-infantil\/","title":{"rendered":"MENDOZA-BANCO CAMPING PLEGABLE INFANTIL"},"content":{"rendered":"<div class=\"descripcion\"><em>Banco Plegable Negro Infantil 40 Kg Campismo Playa Mendoza<\/em><\/div>\n<div><\/div>\n<div class=\"descripcion\">\n<ul>\n<li>Estructura de aluminio.<\/li>\n<li>Pr\u00e1cticos, totalmente abatibles y ligeros.<\/li>\n<li>Disfruta de la comodidad de sentar a tu hijo donde quiera que est\u00e9s, de campamento, excursi\u00f3n, pesca, filas del banco o cualquier actividad.<\/li>\n<li>Lleva tu mini banco plegable infantil contigo! Es ligero, compacto y muy f\u00e1cil de transportar.<\/li>\n<li>Estructura de aluminio.<\/li>\n<li>Soporta hasta 40 kg.<\/li>\n<li>Composici\u00f3n 100% poli\u00e9ster.<\/li>\n<li>Pr\u00e1cticos, totalmente abatibles y ligeros.<\/li>\n<li>Medidas: Ancho 21 cm X Alto 26 cm.<\/li>\n<\/ul>\n<\/div>\n","protected":false},"excerpt":{"rendered":"<p>Banco Plegable Negro Infantil 40 Kg Campismo Playa Mendoza Estructura de aluminio. Pr\u00e1cticos, totalmente abatibles y ligeros. Disfruta de la comodidad de sentar a tu hijo donde quiera que est\u00e9s, de campamento, excursi\u00f3n, pesca, filas del banco o cualquier actividad. Lleva tu mini banco plegable infantil contigo! Es ligero, compacto y muy f\u00e1cil de transportar. &hellip;<\/p>\n<p class=\"read-more\"> <a class=\"\" href=\"https:\/\/pangeatacticalandoutdoors.com\/index.php\/producto\/mendoza-banco-camping-plegable-infantil\/\"> <span class=\"screen-reader-text\">MENDOZA-BANCO CAMPING PLEGABLE INFANTIL<\/span> Leer m\u00e1s &raquo;<\/a><\/p>\n","protected":false},"featured_media":6060,"comment_status":"open","ping_status":"closed","template":"","meta":{"site-sidebar-layout":"default","site-content-layout":"default","ast-global-header-display":"","ast-main-header-display":"","ast-hfb-above-header-display":"","ast-hfb-below-header-display":"","ast-hfb-mobile-header-display":"","site-post-title":"","ast-breadcrumbs-content":"","ast-featured-img":"","footer-sml-layout":"","theme-transparent-header-meta":"default","adv-header-id-meta":"","stick-header-meta":"","header-above-stick-meta":"","header-main-stick-meta":"","header-below-stick-meta":""},"product_cat":[379,88],"product_tag":[],"class_list":["post-6059","product","type-product","status-publish","has-post-thumbnail","hentry","product_cat-campismo-2","product_cat-campismo"],"jetpack_sharing_enabled":true,"_links":{"self":[{"href":"https:\/\/pangeatacticalandoutdoors.com\/index.php\/wp-json\/wp\/v2\/product\/6059","targetHints":{"allow":["GET"]}}],"collection":[{"href":"https:\/\/pangeatacticalandoutdoors.com\/index.php\/wp-json\/wp\/v2\/product"}],"about":[{"href":"https:\/\/pangeatacticalandoutdoors.com\/index.php\/wp-json\/wp\/v2\/types\/product"}],"replies":[{"embeddable":true,"href":"https:\/\/pangeatacticalandoutdoors.com\/index.php\/wp-json\/wp\/v2\/comments?post=6059"}],"wp:featuredmedia":[{"embeddable":true,"href":"https:\/\/pangeatacticalandoutdoors.com\/index.php\/wp-json\/wp\/v2\/media\/6060"}],"wp:attachment":[{"href":"https:\/\/pangeatacticalandoutdoors.com\/index.php\/wp-json\/wp\/v2\/media?parent=6059"}],"wp:term":[{"taxonomy":"product_cat","embeddable":true,"href":"https:\/\/pangeatacticalandoutdoors.com\/index.php\/wp-json\/wp\/v2\/product_cat?post=6059"},{"taxonomy":"product_tag","embeddable":true,"href":"https:\/\/pangeatacticalandoutdoors.com\/index.php\/wp-json\/wp\/v2\/product_tag?post=6059"}],"curies":[{"name":"wp","href":"https:\/\/api.w.org\/{rel}","templated":true}]}}