{"id":6054,"date":"2022-03-25T18:07:45","date_gmt":"2022-03-26T00:07:45","guid":{"rendered":"https:\/\/pangeatacticalandoutdoors.com\/?post_type=product&#038;p=6054"},"modified":"2025-01-31T11:16:59","modified_gmt":"2025-01-31T17:16:59","slug":"mendoza-estufa-portatil-de-gas","status":"publish","type":"product","link":"https:\/\/pangeatacticalandoutdoors.com\/index.php\/producto\/mendoza-estufa-portatil-de-gas\/","title":{"rendered":"MENDOZA-ESTUFA PORT\u00c1TIL DE GAS"},"content":{"rendered":"<ul>\n<li>Estufa de gas port\u00e1til Mendoza.<\/li>\n<li>Cuenta con protector contra viento.<\/li>\n<li>Control variable de flama.<\/li>\n<li>Encendido piezoel\u00e9ctrico, sin necesidad de usar cerillos ni bater\u00edas.<\/li>\n<li>Apagado autom\u00e1tico en caso de alta presi\u00f3n del gas.<\/li>\n<li>Estufa de gas port\u00e1til Mendoza.<\/li>\n<li>La estufa port\u00e1til de gas Mendoza es muy pr\u00e1ctica, f\u00e1cil de usar y se acomoda en todas partes.<\/li>\n<li>Es ideal para: el hogar, terrazas, negocio, camping, senderismo, paseos, d\u00edas de campo, etc.<\/li>\n<li>Fabricada en acero y quemador de aluminio.<\/li>\n<li>Soportes de acero para colocar cacerolas, ollas, sartenes, etc.<\/li>\n<li>Cuenta con protector contra viento.<\/li>\n<li>Control variable de flama.<\/li>\n<li>Encendido piezoel\u00e9ctrico, sin necesidad de usar cerillos ni bater\u00edas.<\/li>\n<li>Apagado autom\u00e1tico en caso de alta presi\u00f3n del gas.<\/li>\n<li>Funciona con lata de gas butano y propano de 1\/4 de vuelta de 220gr. (No incluida).<\/li>\n<li>Incluye un pr\u00e1ctico estuche r\u00edgido.<\/li>\n<li>Medidas: 34 x 28 x 8 cm. Peso: 1.6 kg.<\/li>\n<\/ul>\n","protected":false},"excerpt":{"rendered":"<p>Estufa de gas port\u00e1til Mendoza. Cuenta con protector contra viento. Control variable de flama. Encendido piezoel\u00e9ctrico, sin necesidad de usar cerillos ni bater\u00edas. Apagado autom\u00e1tico en caso de alta presi\u00f3n del gas. Estufa de gas port\u00e1til Mendoza. La estufa port\u00e1til de gas Mendoza es muy pr\u00e1ctica, f\u00e1cil de usar y se acomoda en todas partes. &hellip;<\/p>\n<p class=\"read-more\"> <a class=\"\" href=\"https:\/\/pangeatacticalandoutdoors.com\/index.php\/producto\/mendoza-estufa-portatil-de-gas\/\"> <span class=\"screen-reader-text\">MENDOZA-ESTUFA PORT\u00c1TIL DE GAS<\/span> Leer m\u00e1s &raquo;<\/a><\/p>\n","protected":false},"featured_media":6055,"comment_status":"open","ping_status":"closed","template":"","meta":{"site-sidebar-layout":"default","site-content-layout":"default","ast-global-header-display":"","ast-main-header-display":"","ast-hfb-above-header-display":"","ast-hfb-below-header-display":"","ast-hfb-mobile-header-display":"","site-post-title":"","ast-breadcrumbs-content":"","ast-featured-img":"","footer-sml-layout":"","theme-transparent-header-meta":"default","adv-header-id-meta":"","stick-header-meta":"","header-above-stick-meta":"","header-main-stick-meta":"","header-below-stick-meta":""},"product_cat":[379,88],"product_tag":[],"class_list":["post-6054","product","type-product","status-publish","has-post-thumbnail","hentry","product_cat-campismo-2","product_cat-campismo"],"jetpack_sharing_enabled":true,"_links":{"self":[{"href":"https:\/\/pangeatacticalandoutdoors.com\/index.php\/wp-json\/wp\/v2\/product\/6054","targetHints":{"allow":["GET"]}}],"collection":[{"href":"https:\/\/pangeatacticalandoutdoors.com\/index.php\/wp-json\/wp\/v2\/product"}],"about":[{"href":"https:\/\/pangeatacticalandoutdoors.com\/index.php\/wp-json\/wp\/v2\/types\/product"}],"replies":[{"embeddable":true,"href":"https:\/\/pangeatacticalandoutdoors.com\/index.php\/wp-json\/wp\/v2\/comments?post=6054"}],"wp:featuredmedia":[{"embeddable":true,"href":"https:\/\/pangeatacticalandoutdoors.com\/index.php\/wp-json\/wp\/v2\/media\/6055"}],"wp:attachment":[{"href":"https:\/\/pangeatacticalandoutdoors.com\/index.php\/wp-json\/wp\/v2\/media?parent=6054"}],"wp:term":[{"taxonomy":"product_cat","embeddable":true,"href":"https:\/\/pangeatacticalandoutdoors.com\/index.php\/wp-json\/wp\/v2\/product_cat?post=6054"},{"taxonomy":"product_tag","embeddable":true,"href":"https:\/\/pangeatacticalandoutdoors.com\/index.php\/wp-json\/wp\/v2\/product_tag?post=6054"}],"curies":[{"name":"wp","href":"https:\/\/api.w.org\/{rel}","templated":true}]}}