{"id":6033,"date":"2022-03-25T15:20:33","date_gmt":"2022-03-25T21:20:33","guid":{"rendered":"https:\/\/pangeatacticalandoutdoors.com\/?post_type=product&#038;p=6033"},"modified":"2022-03-25T15:20:34","modified_gmt":"2022-03-25T21:20:34","slug":"coleman-tienda-de-campana-amazonia-para-6-personas","status":"publish","type":"product","link":"https:\/\/pangeatacticalandoutdoors.com\/index.php\/producto\/coleman-tienda-de-campana-amazonia-para-6-personas\/","title":{"rendered":"COLEMAN-TIENDA DE CAMPA\u00d1A AMAZONIA PARA 6 PERSONAS"},"content":{"rendered":"<p><em>Disfruta del sol, el exterior o la naturaleza en una casa liviana y compacta, ideal para aventuras mochileras y acampar. Sistema WHEATHERTEC\u2122 con esquinas soldadas y costuras invertidas y selladas para evitar la entrada de agua, tecnolog\u00eda UVGuard\u2122 que ayuda a proteger la casa de los rayos da\u00f1inos del sol. Estructura resistente para soportar vientos de hasta 56km\/h +, puerta amplia que aumenta la facilidad de entrada y salida de la casa que cuenta con un flujo de ventilaci\u00f3n transpirable asegurando comodidad en sus paredes de \u00e1ngulo casi recto que brinda 20% m\u00e1s altura de la cabeza al techo. Una vez instalada notar\u00e1s su malla contra insectos, mangas para las varillas que protegen contra enganches y un bolsillo para tus almacenar tus dispositivos electr\u00f3nicos.<\/em><\/p>\n<h6>CARACTER\u00cdSTICAS:<\/h6>\n<ul>\n<li>Lleva contigo en su bolsa de transporte, la seguridad, comodidad y protecci\u00f3n que necesitas en tu d\u00eda al aire libre, instalando esta casa en s\u00f3lo 10 min.<\/li>\n<li>Capacidad para 6 personas.<\/li>\n<li>Medida de casa Armada: (LxANxAL) 3.05 x 2.44 x 1.73 Metros<\/li>\n<li>Medida de casa en Bolsa de transporte: (LxAN) 60.96 x 20.32 cm. Peso: 6.20 kg<\/li>\n<li>Tu compra incluye: 1 casa de campana coleman DESARMADA. 1 bolsa de transporte e instructivo.<\/li>\n<\/ul>\n","protected":false},"excerpt":{"rendered":"<p>Disfruta del sol, el exterior o la naturaleza en una casa liviana y compacta, ideal para aventuras mochileras y acampar. Sistema WHEATHERTEC\u2122 con esquinas soldadas y costuras invertidas y selladas para evitar la entrada de agua, tecnolog\u00eda UVGuard\u2122 que ayuda a proteger la casa de los rayos da\u00f1inos del sol. Estructura resistente para soportar vientos &hellip;<\/p>\n<p class=\"read-more\"> <a class=\"\" href=\"https:\/\/pangeatacticalandoutdoors.com\/index.php\/producto\/coleman-tienda-de-campana-amazonia-para-6-personas\/\"> <span class=\"screen-reader-text\">COLEMAN-TIENDA DE CAMPA\u00d1A AMAZONIA PARA 6 PERSONAS<\/span> Leer m\u00e1s &raquo;<\/a><\/p>\n","protected":false},"featured_media":6034,"comment_status":"open","ping_status":"closed","template":"","meta":{"site-sidebar-layout":"default","site-content-layout":"default","ast-global-header-display":"","ast-main-header-display":"","ast-hfb-above-header-display":"","ast-hfb-below-header-display":"","ast-hfb-mobile-header-display":"","site-post-title":"","ast-breadcrumbs-content":"","ast-featured-img":"","footer-sml-layout":"","theme-transparent-header-meta":"default","adv-header-id-meta":"","stick-header-meta":"","header-above-stick-meta":"","header-main-stick-meta":"","header-below-stick-meta":""},"product_cat":[379,88],"product_tag":[],"class_list":["post-6033","product","type-product","status-publish","has-post-thumbnail","hentry","product_cat-campismo-2","product_cat-campismo"],"jetpack_sharing_enabled":true,"_links":{"self":[{"href":"https:\/\/pangeatacticalandoutdoors.com\/index.php\/wp-json\/wp\/v2\/product\/6033","targetHints":{"allow":["GET"]}}],"collection":[{"href":"https:\/\/pangeatacticalandoutdoors.com\/index.php\/wp-json\/wp\/v2\/product"}],"about":[{"href":"https:\/\/pangeatacticalandoutdoors.com\/index.php\/wp-json\/wp\/v2\/types\/product"}],"replies":[{"embeddable":true,"href":"https:\/\/pangeatacticalandoutdoors.com\/index.php\/wp-json\/wp\/v2\/comments?post=6033"}],"wp:featuredmedia":[{"embeddable":true,"href":"https:\/\/pangeatacticalandoutdoors.com\/index.php\/wp-json\/wp\/v2\/media\/6034"}],"wp:attachment":[{"href":"https:\/\/pangeatacticalandoutdoors.com\/index.php\/wp-json\/wp\/v2\/media?parent=6033"}],"wp:term":[{"taxonomy":"product_cat","embeddable":true,"href":"https:\/\/pangeatacticalandoutdoors.com\/index.php\/wp-json\/wp\/v2\/product_cat?post=6033"},{"taxonomy":"product_tag","embeddable":true,"href":"https:\/\/pangeatacticalandoutdoors.com\/index.php\/wp-json\/wp\/v2\/product_tag?post=6033"}],"curies":[{"name":"wp","href":"https:\/\/api.w.org\/{rel}","templated":true}]}}