{"id":6000,"date":"2022-03-19T16:37:53","date_gmt":"2022-03-19T22:37:53","guid":{"rendered":"https:\/\/pangeatacticalandoutdoors.com\/?post_type=product&#038;p=6000"},"modified":"2022-12-14T15:55:36","modified_gmt":"2022-12-14T21:55:36","slug":"coleman-colchon","status":"publish","type":"product","link":"https:\/\/pangeatacticalandoutdoors.com\/index.php\/producto\/coleman-colchon\/","title":{"rendered":"COLEMAN-COLCHON INFLABLE QUEEN CON BOMBA"},"content":{"rendered":"<ul>\n<li class=\"text_text__3oq-D\">Superficie suave<\/li>\n<li class=\"text_text__3oq-D\">Double Lock sistema que hace que la v\u00e1lvula del colch\u00f3n tenga un doble sellado evitando la filtraci\u00f3n del aire<\/li>\n<li class=\"text_text__3oq-D\">AirTight sistema libre de fugas.<\/li>\n<li class=\"text_text__3oq-D\">Wrap N Roll sistema que permite plegar, enrollar y almacenar el colch\u00f3n desinflado f\u00e1cilmente<\/li>\n<li class=\"text_text__3oq-D\">Construcci\u00f3n con almohada<\/li>\n<li class=\"text_text__3oq-D\">Incluye bolsa para una f\u00e1cil transportaci\u00f3n y evitar pinchaduras<\/li>\n<li class=\"text_text__3oq-D\">Cuenta con 35 resortes para una mayor comodidad<\/li>\n<li class=\"text_text__3oq-D\">Bomba de pie integrada<\/li>\n<\/ul>\n<div class=\"product-description_characteristicsRow__3Fz31\">\n<p class=\"text_text__3oq-D text_inline__3fF4P\"><strong>Contenido del Empaque:<\/strong><\/p>\n<ul>\n<li class=\"text_text__3oq-D text_inline__3fF4P\">1 Colch\u00f3n Inflable Matrimonial, 1 bomba de pie integrada, 1 bolsa para transportaci\u00f3n<\/li>\n<li class=\"text_text__3oq-D text_inline__3fF4P\">Alto (cm) 28 X Ancho (cm) 137<\/li>\n<li class=\"text_text__3oq-D text_inline__3fF4P\">Fondo (cm) <span style=\"font-size: 16px;\">191<\/span><\/li>\n<li class=\"text_text__3oq-D text_inline__3fF4P\">Peso (Kg) <span style=\"font-size: 16px;\">3.53<\/span><\/li>\n<li class=\"text_text__3oq-D text_inline__3fF4P\">Color: Gris<\/li>\n<\/ul>\n<\/div>\n<div class=\"product-description_characteristicsRow__3Fz31\">\n<p class=\"text_text__3oq-D text_inline__3fF4P\">\n<\/div>\n<div class=\"product-description_characteristicsRow__3Fz31\"><\/div>\n<div class=\"product-description_characteristicsRow__3Fz31\">\n<p class=\"text_text__3oq-D text_inline__3fF4P\">\n<\/div>\n","protected":false},"excerpt":{"rendered":"<p>Superficie suave Double Lock sistema que hace que la v\u00e1lvula del colch\u00f3n tenga un doble sellado evitando la filtraci\u00f3n del aire AirTight sistema libre de fugas. Wrap N Roll sistema que permite plegar, enrollar y almacenar el colch\u00f3n desinflado f\u00e1cilmente Construcci\u00f3n con almohada Incluye bolsa para una f\u00e1cil transportaci\u00f3n y evitar pinchaduras Cuenta con 35 &hellip;<\/p>\n<p class=\"read-more\"> <a class=\"\" href=\"https:\/\/pangeatacticalandoutdoors.com\/index.php\/producto\/coleman-colchon\/\"> <span class=\"screen-reader-text\">COLEMAN-COLCHON INFLABLE QUEEN CON BOMBA<\/span> Leer m\u00e1s &raquo;<\/a><\/p>\n","protected":false},"featured_media":6010,"comment_status":"open","ping_status":"closed","template":"","meta":{"site-sidebar-layout":"default","site-content-layout":"default","ast-global-header-display":"","ast-main-header-display":"","ast-hfb-above-header-display":"","ast-hfb-below-header-display":"","ast-hfb-mobile-header-display":"","site-post-title":"","ast-breadcrumbs-content":"","ast-featured-img":"","footer-sml-layout":"","theme-transparent-header-meta":"default","adv-header-id-meta":"","stick-header-meta":"","header-above-stick-meta":"","header-main-stick-meta":"","header-below-stick-meta":""},"product_cat":[168,88],"product_tag":[],"class_list":["post-6000","product","type-product","status-publish","has-post-thumbnail","hentry","product_cat-colchoneta","product_cat-campismo"],"jetpack_sharing_enabled":true,"_links":{"self":[{"href":"https:\/\/pangeatacticalandoutdoors.com\/index.php\/wp-json\/wp\/v2\/product\/6000","targetHints":{"allow":["GET"]}}],"collection":[{"href":"https:\/\/pangeatacticalandoutdoors.com\/index.php\/wp-json\/wp\/v2\/product"}],"about":[{"href":"https:\/\/pangeatacticalandoutdoors.com\/index.php\/wp-json\/wp\/v2\/types\/product"}],"replies":[{"embeddable":true,"href":"https:\/\/pangeatacticalandoutdoors.com\/index.php\/wp-json\/wp\/v2\/comments?post=6000"}],"wp:featuredmedia":[{"embeddable":true,"href":"https:\/\/pangeatacticalandoutdoors.com\/index.php\/wp-json\/wp\/v2\/media\/6010"}],"wp:attachment":[{"href":"https:\/\/pangeatacticalandoutdoors.com\/index.php\/wp-json\/wp\/v2\/media?parent=6000"}],"wp:term":[{"taxonomy":"product_cat","embeddable":true,"href":"https:\/\/pangeatacticalandoutdoors.com\/index.php\/wp-json\/wp\/v2\/product_cat?post=6000"},{"taxonomy":"product_tag","embeddable":true,"href":"https:\/\/pangeatacticalandoutdoors.com\/index.php\/wp-json\/wp\/v2\/product_tag?post=6000"}],"curies":[{"name":"wp","href":"https:\/\/api.w.org\/{rel}","templated":true}]}}